{"id":446168,"date":"2023-06-06T17:55:04","date_gmt":"2023-06-06T15:55:04","guid":{"rendered":"https:\/\/www.claret.cat\/llibre\/amanda-black-8-el-reino-perdido-9788419378309\/"},"modified":"2024-02-21T18:15:28","modified_gmt":"2024-02-21T17:15:28","slug":"amanda-black-8-el-reino-perdido-9788419378309","status":"publish","type":"product","link":"https:\/\/www.claret.cat\/es\/libro\/amanda-black-8-el-reino-perdido-9788419378309\/","title":{"rendered":"AMANDA BLACK 8 &#8211; EL REINO PERDIDO"},"content":{"rendered":"<p>\u00a1No dejes escapar la nueva aventura de Amanda Black!   El octavo volumen de la serie regresa con m\u00e1s misterio y acci\u00f3n que nunca.  La serie para ni\u00f1os de Juan G\u00f3mez-Jurado y B\u00e1rbara Montes que ha conquistado a miles de lectores \u00abSU FINAL ES TU PRINCIPIO\u00bb.Recuerdo las palabras de la t\u00eda Paula cuando escuchamos lo que suced\u00eda: \u00abOjal\u00e1 no nos hubiera tocado a nosotras\u00bb. Pero claro, ten\u00eda que tocarme a m\u00ed&#8230; Todo empez\u00f3 en una isla del Pac\u00edfico, donde un volc\u00e1n entr\u00f3 en erupci\u00f3n. Hasta ah\u00ed, todo normal. Solo una semana despu\u00e9s, el planeta entero est\u00e1 a punto de ser destruido por un mar de lava. Y la \u00fanica forma de detener el fin del mundo es que encuentre un \u00eddolo perdido hace m\u00e1s de dos milenios y realice un ritual en un templo del m\u00edtico reino de la Atl\u00e1ntida, una isla que, para variar, nadie sabe si realmente existi\u00f3 ni d\u00f3nde podr\u00eda estar. Pan comido, \u00bfverdad? \u00bfSer\u00e1 capaz Amanda de encontrar el reino perdido y salvar a la humanidad de su desaparici\u00f3n?La cr\u00edtica ha dicho:<br \/>\u00abLa adicci\u00f3n lectora est\u00e1 asegurada\u00bb.<br \/>Adri\u00e1n Cordellat, El Pa\u00eds<\/p>\n","protected":false},"excerpt":{"rendered":"<p>G\u00d3MEZ-JURADO, JUAN \/ MONTES, B\u00c1RBARA<\/p>\n","protected":false},"featured_media":446169,"template":"","meta":{"_acf_changed":false,"om_disable_all_campaigns":false,"rs_blank_template":"","rs_page_bg_color":"","slide_template_v7":"","inline_featured_image":false,"_monsterinsights_skip_tracking":false,"_monsterinsights_sitenote_active":false,"_monsterinsights_sitenote_note":"","_monsterinsights_sitenote_category":0},"product_brand":[],"product_cat":[132,362],"product_tag":[],"class_list":{"0":"post-446168","1":"product","2":"type-product","3":"status-publish","4":"has-post-thumbnail","6":"product_cat-lectures-per-preadolescents-6-12-anys","7":"product_cat-libros-preadolescentes-6-12-anos","9":"first","10":"instock","11":"taxable","12":"shipping-taxable","13":"purchasable","14":"product-type-simple"},"acf":{"autor":"G\u00d3MEZ-JURADO, JUAN \/ MONTES, B\u00c1RBARA","codart":"841937830","libros-coleccion":"ESCRITURA DESATADA","ediciones":"1","encuadernacion":"Carton\u00e9","fecha_de_publicacion":"01\/06\/2023","novedad":"1","paginas":"206","subtitulo":"","orden":"0","portada":"0","idioma":"spa","editorial":[{"ID":294535,"post_author":"3","post_date":"2022-12-12 12:50:10","post_date_gmt":"2022-12-12 11:50:10","post_content":"","post_title":"B de Blok","post_excerpt":"","post_status":"publish","comment_status":"closed","ping_status":"closed","post_password":"","post_name":"b-de-blok","to_ping":"","pinged":"","post_modified":"2022-12-12 12:50:10","post_modified_gmt":"2022-12-12 11:50:10","post_content_filtered":"","post_parent":0,"guid":"http:\/\/dev.claret.cat\/editorial\/b-de-blok\/","menu_order":0,"post_type":"editorial","post_mime_type":"","comment_count":"0","filter":"raw"}],"autores-libros":[{"ID":5678,"post_author":"3","post_date":"2022-07-28 17:29:08","post_date_gmt":"2022-07-28 15:29:08","post_content":"","post_title":"JUAN G\u00d3MEZ-JURADO","post_excerpt":"","post_status":"publish","comment_status":"closed","ping_status":"closed","post_password":"","post_name":"juan-gomez-jurado","to_ping":"","pinged":"","post_modified":"2022-07-28 17:29:08","post_modified_gmt":"2022-07-28 15:29:08","post_content_filtered":"","post_parent":0,"guid":"http:\/\/dev.claret.cat\/autor\/juan-gomez-jurado\/","menu_order":0,"post_type":"autor","post_mime_type":"","comment_count":"0","filter":"raw"},{"ID":5288,"post_author":"3","post_date":"2022-07-28 17:20:49","post_date_gmt":"2022-07-28 15:20:49","post_content":"","post_title":"B\u00c1RBARA MONTES","post_excerpt":"","post_status":"publish","comment_status":"closed","ping_status":"closed","post_password":"","post_name":"barbara-montes","to_ping":"","pinged":"","post_modified":"2022-07-28 17:20:49","post_modified_gmt":"2022-07-28 15:20:49","post_content_filtered":"","post_parent":0,"guid":"http:\/\/dev.claret.cat\/autor\/barbara-montes\/","menu_order":0,"post_type":"autor","post_mime_type":"","comment_count":"0","filter":"raw"}]},"aioseo_notices":[],"_links":{"self":[{"href":"https:\/\/www.claret.cat\/es\/wp-json\/wp\/v2\/product\/446168","targetHints":{"allow":["GET"]}}],"collection":[{"href":"https:\/\/www.claret.cat\/es\/wp-json\/wp\/v2\/product"}],"about":[{"href":"https:\/\/www.claret.cat\/es\/wp-json\/wp\/v2\/types\/product"}],"wp:featuredmedia":[{"embeddable":true,"href":"https:\/\/www.claret.cat\/es\/wp-json\/wp\/v2\/media\/446169"}],"wp:attachment":[{"href":"https:\/\/www.claret.cat\/es\/wp-json\/wp\/v2\/media?parent=446168"}],"wp:term":[{"taxonomy":"product_brand","embeddable":true,"href":"https:\/\/www.claret.cat\/es\/wp-json\/wp\/v2\/product_brand?post=446168"},{"taxonomy":"product_cat","embeddable":true,"href":"https:\/\/www.claret.cat\/es\/wp-json\/wp\/v2\/product_cat?post=446168"},{"taxonomy":"product_tag","embeddable":true,"href":"https:\/\/www.claret.cat\/es\/wp-json\/wp\/v2\/product_tag?post=446168"}],"curies":[{"name":"wp","href":"https:\/\/api.w.org\/{rel}","templated":true}]}}