{"id":446171,"date":"2023-06-06T17:55:25","date_gmt":"2023-06-06T15:55:25","guid":{"rendered":"https:\/\/www.claret.cat\/llibre\/cuentos-para-entender-el-mundo-3-edicion-ilustrada-con-contenido-extra-9788418050688\/"},"modified":"2024-06-10T17:20:07","modified_gmt":"2024-06-10T15:20:07","slug":"cuentos-para-entender-el-mundo-3-edicion-ilustrada-con-contenido-extra-9788418050688","status":"publish","type":"product","link":"https:\/\/www.claret.cat\/es\/libro\/cuentos-para-entender-el-mundo-3-edicion-ilustrada-con-contenido-extra-9788418050688\/","title":{"rendered":"CUENTOS PARA ENTENDER EL MUNDO 3 (EDICI\u00d3N ILUSTRADA CON CONTENIDO EXTRA)"},"content":{"rendered":"<p>Del autor de Invisible, llega el segundo volumen de la colecci\u00f3n \u00abCuentos para comprender el mundo\u00bb que ya lleva m\u00e1s de cien mil ejemplares vendidos. Esta edici\u00f3n se presenta en un formato precioso: con cuentos e ilustraciones ineditos. \u00bfY si la felicidad est\u00e1 en lo que ya tienes? Para todos aquellos que siguen siendo ni\u00f1os, aunque los adultos les obliguen a disimularlo.Del autor de Invisible, os presentamos este libro que ya lleva m\u00e1s de cien mil ejemplares vendidos, en un formato precioso, de coleccionista. \u00abDurante estos a\u00f1os los lectores me hab\u00e9is dado tanto que me sent\u00eda en deuda con vosotros. Por eso he decidido entregaros una parte de m\u00ed. Estos textos que os traigo han modelado de alguna manera mi forma de ser. Son peque\u00f1os cuentos con una preciosa esencia: esa que nos ayuda a entender el mundo\u00bb.<\/p>\n","protected":false},"excerpt":{"rendered":"<p>MORENO, ELOY<\/p>\n","protected":false},"featured_media":446172,"template":"","meta":{"_acf_changed":false,"om_disable_all_campaigns":false,"rs_blank_template":"","rs_page_bg_color":"","slide_template_v7":"","inline_featured_image":false,"_monsterinsights_skip_tracking":false,"_monsterinsights_sitenote_active":false,"_monsterinsights_sitenote_note":"","_monsterinsights_sitenote_category":0},"product_brand":[],"product_cat":[132,362],"product_tag":[],"class_list":{"0":"post-446171","1":"product","2":"type-product","3":"status-publish","4":"has-post-thumbnail","6":"product_cat-lectures-per-preadolescents-6-12-anys","7":"product_cat-libros-preadolescentes-6-12-anos","9":"first","10":"instock","11":"taxable","12":"shipping-taxable","13":"purchasable","14":"product-type-simple"},"acf":{"autor":"MORENO, ELOY","codart":"841805068","libros-coleccion":"NUBE DE TINTA","ediciones":"1","encuadernacion":"Carton\u00e9","fecha_de_publicacion":"01\/06\/2023","novedad":"1","paginas":"173","subtitulo":"","orden":"0","portada":"0","idioma":"spa","editorial":[{"ID":148591,"post_author":"3","post_date":"2022-10-14 11:59:26","post_date_gmt":"2022-10-14 09:59:26","post_content":"","post_title":"NUBE DE TINTA","post_excerpt":"","post_status":"publish","comment_status":"closed","ping_status":"closed","post_password":"","post_name":"nube-de-tinta","to_ping":"","pinged":"","post_modified":"2022-10-14 11:59:26","post_modified_gmt":"2022-10-14 09:59:26","post_content_filtered":"","post_parent":0,"guid":"http:\/\/dev.claret.cat\/editorial\/nube-de-tinta\/","menu_order":0,"post_type":"editorial","post_mime_type":"","comment_count":"0","filter":"raw"}],"autores-libros":[{"ID":154908,"post_author":"3","post_date":"2022-10-14 15:08:37","post_date_gmt":"2022-10-14 13:08:37","post_content":"","post_title":"ELOY MORENO","post_excerpt":"","post_status":"publish","comment_status":"closed","ping_status":"closed","post_password":"","post_name":"eloy-moreno","to_ping":"","pinged":"","post_modified":"2022-10-14 15:08:37","post_modified_gmt":"2022-10-14 13:08:37","post_content_filtered":"","post_parent":0,"guid":"http:\/\/dev.claret.cat\/autor\/eloy-moreno\/","menu_order":0,"post_type":"autor","post_mime_type":"","comment_count":"0","filter":"raw"}]},"aioseo_notices":[],"_links":{"self":[{"href":"https:\/\/www.claret.cat\/es\/wp-json\/wp\/v2\/product\/446171","targetHints":{"allow":["GET"]}}],"collection":[{"href":"https:\/\/www.claret.cat\/es\/wp-json\/wp\/v2\/product"}],"about":[{"href":"https:\/\/www.claret.cat\/es\/wp-json\/wp\/v2\/types\/product"}],"wp:featuredmedia":[{"embeddable":true,"href":"https:\/\/www.claret.cat\/es\/wp-json\/wp\/v2\/media\/446172"}],"wp:attachment":[{"href":"https:\/\/www.claret.cat\/es\/wp-json\/wp\/v2\/media?parent=446171"}],"wp:term":[{"taxonomy":"product_brand","embeddable":true,"href":"https:\/\/www.claret.cat\/es\/wp-json\/wp\/v2\/product_brand?post=446171"},{"taxonomy":"product_cat","embeddable":true,"href":"https:\/\/www.claret.cat\/es\/wp-json\/wp\/v2\/product_cat?post=446171"},{"taxonomy":"product_tag","embeddable":true,"href":"https:\/\/www.claret.cat\/es\/wp-json\/wp\/v2\/product_tag?post=446171"}],"curies":[{"name":"wp","href":"https:\/\/api.w.org\/{rel}","templated":true}]}}