{"id":446184,"date":"2023-06-06T18:01:13","date_gmt":"2023-06-06T16:01:13","guid":{"rendered":"https:\/\/www.claret.cat\/llibre\/el-favor-serie-dave-gurney-8-9788419283726\/"},"modified":"2023-10-11T01:51:33","modified_gmt":"2023-10-10T23:51:33","slug":"el-favor-serie-dave-gurney-8-9788419283726","status":"publish","type":"product","link":"https:\/\/www.claret.cat\/es\/libro\/el-favor-serie-dave-gurney-8-9788419283726\/","title":{"rendered":"EL FAVOR (SERIE DAVE GURNEY 8)"},"content":{"rendered":"<p>POR EL AUTOR DEL BEST SELLER MUNDIAL S\u00c9 LO QUE EST\u00c1S PENSANDO.M\u00c1S DE 1.000.000 EJEMPLARES VENDIDOS EN ESPA\u00d1A CONFIRMAN A JOHN VERDON COMO EL GRAN MAESTRO DEL THRILLER INTERNACIONAL.Por primera vez, Dave Gurney est\u00e1 investigando un asesinato ya resuelto y juzgado en los tribunales, aparentemente de forma impecable.Llevado al l\u00edmite y acusado de asesinato, Gurney deber\u00e1 enfrentarse a su mayor adversario para resolver un misterio que est\u00e1 acabando con su mundo.Ziko Slade, una superestrella del tenis mundial, cumple veinte a\u00f1os de condena por el espeluznante asesinato del delincuente de poca monta Lenny Lerman. Los hechos del caso, y el pasado accidentado de Slade, parecen indiscutibles. Lo que comienza como una revisi\u00f3n superficial del caso por parte de Dave Gurney como un favor especial a una amiga de su esposa pronto se convierte en algo mucho m\u00e1s complicado. Cuando la participaci\u00f3n de Gurney amenaza con sacar a la luz un nido de v\u00edboras de corrupci\u00f3n, se ver\u00e1 incriminado por asesinato y perseguido por medios sensacionalistas, una fiscal de distrito implacable y un asesino despiadado.Mientras evita la ley e intenta resolver el caso para salvar su reputaci\u00f3n, Gurney se enfrenta a la idea de que su inquebrantable necesidad de trabajo policial le est\u00e1 costando m\u00e1s de lo que el brillante detective jam\u00e1s sospech\u00f3.BIBLIOTECA JOHN VERDON EN ROCA EDITORIAL:1.- S\u00e9 lo que est\u00e1s pensando2.- No abras los ojos3.- Deja en paz el diablo4.- No conf\u00edes en Peter Pan5.- Controlar\u00e9 tus sue\u00f1os6.- Arder\u00e1s en la tormenta7.- El \u00e1ngel negro 8.- El favor<\/p>\n","protected":false},"excerpt":{"rendered":"<p>VERDON, JOHN<\/p>\n","protected":false},"featured_media":446185,"template":"","meta":{"_acf_changed":false,"om_disable_all_campaigns":false,"rs_blank_template":"","rs_page_bg_color":"","slide_template_v7":"","inline_featured_image":false,"_monsterinsights_skip_tracking":false,"_monsterinsights_sitenote_active":false,"_monsterinsights_sitenote_note":"","_monsterinsights_sitenote_category":0},"product_brand":[],"product_cat":[127,357],"product_tag":[],"class_list":{"0":"post-446184","1":"product","2":"type-product","3":"status-publish","4":"has-post-thumbnail","6":"product_cat-novella-contemporania","7":"product_cat-novela-contemporanea","9":"first","10":"instock","11":"taxable","12":"shipping-taxable","13":"purchasable","14":"product-type-simple"},"acf":{"autor":"VERDON, JOHN","codart":"841928372","libros-coleccion":"","ediciones":"1","encuadernacion":"R\u00fastica","fecha_de_publicacion":"01\/06\/2023","novedad":"1","paginas":"509","subtitulo":"","orden":"0","portada":"0","idioma":"spa","editorial":[{"ID":148755,"post_author":"3","post_date":"2022-10-14 12:00:44","post_date_gmt":"2022-10-14 10:00:44","post_content":"","post_title":"Roca Editorial","post_excerpt":"","post_status":"publish","comment_status":"closed","ping_status":"closed","post_password":"","post_name":"roca-editorial","to_ping":"","pinged":"","post_modified":"2022-10-14 12:00:44","post_modified_gmt":"2022-10-14 10:00:44","post_content_filtered":"","post_parent":0,"guid":"http:\/\/dev.claret.cat\/editorial\/roca-editorial\/","menu_order":0,"post_type":"editorial","post_mime_type":"","comment_count":"0","filter":"raw"}],"autores-libros":[{"ID":159707,"post_author":"3","post_date":"2022-10-14 15:47:04","post_date_gmt":"2022-10-14 13:47:04","post_content":"","post_title":"JOHN VERDON","post_excerpt":"","post_status":"publish","comment_status":"closed","ping_status":"closed","post_password":"","post_name":"john-verdon","to_ping":"","pinged":"","post_modified":"2022-10-14 15:47:04","post_modified_gmt":"2022-10-14 13:47:04","post_content_filtered":"","post_parent":0,"guid":"http:\/\/dev.claret.cat\/autor\/john-verdon\/","menu_order":0,"post_type":"autor","post_mime_type":"","comment_count":"0","filter":"raw"}]},"aioseo_notices":[],"_links":{"self":[{"href":"https:\/\/www.claret.cat\/es\/wp-json\/wp\/v2\/product\/446184","targetHints":{"allow":["GET"]}}],"collection":[{"href":"https:\/\/www.claret.cat\/es\/wp-json\/wp\/v2\/product"}],"about":[{"href":"https:\/\/www.claret.cat\/es\/wp-json\/wp\/v2\/types\/product"}],"wp:featuredmedia":[{"embeddable":true,"href":"https:\/\/www.claret.cat\/es\/wp-json\/wp\/v2\/media\/446185"}],"wp:attachment":[{"href":"https:\/\/www.claret.cat\/es\/wp-json\/wp\/v2\/media?parent=446184"}],"wp:term":[{"taxonomy":"product_brand","embeddable":true,"href":"https:\/\/www.claret.cat\/es\/wp-json\/wp\/v2\/product_brand?post=446184"},{"taxonomy":"product_cat","embeddable":true,"href":"https:\/\/www.claret.cat\/es\/wp-json\/wp\/v2\/product_cat?post=446184"},{"taxonomy":"product_tag","embeddable":true,"href":"https:\/\/www.claret.cat\/es\/wp-json\/wp\/v2\/product_tag?post=446184"}],"curies":[{"name":"wp","href":"https:\/\/api.w.org\/{rel}","templated":true}]}}