{"id":446190,"date":"2023-06-06T18:20:04","date_gmt":"2023-06-06T16:20:04","guid":{"rendered":"https:\/\/www.claret.cat\/llibre\/el-favor-catalan-serie-dave-gurney-8-9788419283733\/"},"modified":"2023-10-11T01:51:29","modified_gmt":"2023-10-10T23:51:29","slug":"el-favor-catalan-serie-dave-gurney-8-9788419283733","status":"publish","type":"product","link":"https:\/\/www.claret.cat\/es\/libro\/el-favor-catalan-serie-dave-gurney-8-9788419283733\/","title":{"rendered":"EL FAVOR (CATAL\u00c1N) (SERIE DAVE GURNEY 8)"},"content":{"rendered":"<p>PER L&#8217;AUTOR DEL BEST SELLER MUNDIAL S\u00c9 EL QUE EST\u00c0S PENSANT.M\u00c9S DE 750.000 EXEMPLARS VENUTS A ESPANYA CONFIRMEN A JOHN VERDON COM EL GRAN MESTRE DEL THRILLER INTERNACIONAL.Per primera vegada, en Dave Gurney est\u00e0 investigant un assassinat ja resolt i jutjat als tribunals, aparentment de manera impecable.Portat al l\u00edmit i acusat d&#8217;assassinat, en Gurney s&#8217;haur\u00e0 d&#8217;enfrontar al seu adversari m\u00e9s gran per resoldre un misteri que est\u00e0 destruint el seu m\u00f3n.En Ziko Slade, una superestrella del tenis mundial, compleix vint anys de condemna per l&#8217;esgarrif\u00f3s assassinat del delinq\u00fcent d&#8217;estar per casa Lenny Lerman. Els fets del cas, i el passat accidentat de l&#8217;Slade, semblen indiscutibles. El que comen\u00e7a com una revisi\u00f3 superficial del cas per part d&#8217;en Dave Gurney com un favor especial a una amiga de la seva esposa aviat es converteix en una cosa molt m\u00e9s complicada. Quan la participaci\u00f3 d&#8217;en Gurney amena\u00e7a de treure a la llum un niu d&#8217;escur\u00e7ons de corrupci\u00f3, es veur\u00e0 incriminat per assassinat i perseguit per mitjans sensacionalistes, una fiscal de districte implacable i un assass\u00ed despietat.Mentre evita la llei i intenta resoldre el cas per salvar la seva reputaci\u00f3, en Gurney s&#8217;enfronta a la idea que la seva indestructible necessitat de treball policial li est\u00e0 costant m\u00e9s del que el brillant detectiu no va sospitar mai.<\/p>\n","protected":false},"excerpt":{"rendered":"<p>VERDON, JOHN<\/p>\n","protected":false},"featured_media":446191,"template":"","meta":{"_acf_changed":false,"om_disable_all_campaigns":false,"rs_blank_template":"","rs_page_bg_color":"","slide_template_v7":"","inline_featured_image":false,"_monsterinsights_skip_tracking":false,"_monsterinsights_sitenote_active":false,"_monsterinsights_sitenote_note":"","_monsterinsights_sitenote_category":0},"product_brand":[],"product_cat":[127,357],"product_tag":[],"class_list":{"0":"post-446190","1":"product","2":"type-product","3":"status-publish","4":"has-post-thumbnail","6":"product_cat-novella-contemporania","7":"product_cat-novela-contemporanea","9":"first","10":"instock","11":"taxable","12":"shipping-taxable","13":"purchasable","14":"product-type-simple"},"acf":{"autor":"VERDON, JOHN","codart":"841928373","libros-coleccion":"","ediciones":"1","encuadernacion":"R\u00fastica","fecha_de_publicacion":"01\/06\/2023","novedad":"1","paginas":"512","subtitulo":"","orden":"0","portada":"0","idioma":"cat","editorial":[{"ID":148755,"post_author":"3","post_date":"2022-10-14 12:00:44","post_date_gmt":"2022-10-14 10:00:44","post_content":"","post_title":"Roca Editorial","post_excerpt":"","post_status":"publish","comment_status":"closed","ping_status":"closed","post_password":"","post_name":"roca-editorial","to_ping":"","pinged":"","post_modified":"2022-10-14 12:00:44","post_modified_gmt":"2022-10-14 10:00:44","post_content_filtered":"","post_parent":0,"guid":"http:\/\/dev.claret.cat\/editorial\/roca-editorial\/","menu_order":0,"post_type":"editorial","post_mime_type":"","comment_count":"0","filter":"raw"}],"autores-libros":[{"ID":159707,"post_author":"3","post_date":"2022-10-14 15:47:04","post_date_gmt":"2022-10-14 13:47:04","post_content":"","post_title":"JOHN VERDON","post_excerpt":"","post_status":"publish","comment_status":"closed","ping_status":"closed","post_password":"","post_name":"john-verdon","to_ping":"","pinged":"","post_modified":"2022-10-14 15:47:04","post_modified_gmt":"2022-10-14 13:47:04","post_content_filtered":"","post_parent":0,"guid":"http:\/\/dev.claret.cat\/autor\/john-verdon\/","menu_order":0,"post_type":"autor","post_mime_type":"","comment_count":"0","filter":"raw"}]},"aioseo_notices":[],"_links":{"self":[{"href":"https:\/\/www.claret.cat\/es\/wp-json\/wp\/v2\/product\/446190","targetHints":{"allow":["GET"]}}],"collection":[{"href":"https:\/\/www.claret.cat\/es\/wp-json\/wp\/v2\/product"}],"about":[{"href":"https:\/\/www.claret.cat\/es\/wp-json\/wp\/v2\/types\/product"}],"wp:featuredmedia":[{"embeddable":true,"href":"https:\/\/www.claret.cat\/es\/wp-json\/wp\/v2\/media\/446191"}],"wp:attachment":[{"href":"https:\/\/www.claret.cat\/es\/wp-json\/wp\/v2\/media?parent=446190"}],"wp:term":[{"taxonomy":"product_brand","embeddable":true,"href":"https:\/\/www.claret.cat\/es\/wp-json\/wp\/v2\/product_brand?post=446190"},{"taxonomy":"product_cat","embeddable":true,"href":"https:\/\/www.claret.cat\/es\/wp-json\/wp\/v2\/product_cat?post=446190"},{"taxonomy":"product_tag","embeddable":true,"href":"https:\/\/www.claret.cat\/es\/wp-json\/wp\/v2\/product_tag?post=446190"}],"curies":[{"name":"wp","href":"https:\/\/api.w.org\/{rel}","templated":true}]}}