{"id":446199,"date":"2023-06-06T18:20:30","date_gmt":"2023-06-06T16:20:30","guid":{"rendered":"https:\/\/www.claret.cat\/llibre\/el-fin-de-las-alergias-alimentarias-9788425361494\/"},"modified":"2023-10-11T01:51:24","modified_gmt":"2023-10-10T23:51:24","slug":"el-fin-de-las-alergias-alimentarias-9788425361494","status":"publish","type":"product","link":"https:\/\/www.claret.cat\/es\/libro\/el-fin-de-las-alergias-alimentarias-9788425361494\/","title":{"rendered":"EL FIN DE LAS ALERGIAS ALIMENTARIAS"},"content":{"rendered":"<p>Un programa que ACABAR\u00c1 con las alergias alimentarias de ni\u00f1os y adultos PARA SIEMPRE. Las alergias alimentarias son un grave problema de salud El 11% de la poblaci\u00f3n espa\u00f1ola viven actualmente con alguna y unos 2 millones de ni\u00f1os la sufren. Las alergias alimentarias son un grave problema de salud. El 11 % de la poblaci\u00f3n espa\u00f1ola tiene alguna, y unos dos millones de ni\u00f1os las sufren. La doctora Nadeau lidera una investigaci\u00f3n pionera en la Universidad de Stanford que revela que las alergias a algunos alimentos -desde la urticaria leve hasta la constricci\u00f3n de las v\u00edas respiratorias que pone la vida en peligro- no son de por vida, ya que podemos reentrenar el sistema inmunol\u00f3gico para interrumpirlas, ralentizarlas y detenerlas. La clave de esta estrategia es la inmunoterapia (IT), que consiste en la reintroducci\u00f3n gradual y controlada de un al\u00e9rgeno en el cuerpo. Con innovaciones que incluyen terapias de vanguardia dirigidas al sistema inmunol\u00f3gico, la doctora Nadeau y su equipo han aumentado la velocidad y la eficacia de este tratamiento en cuesti\u00f3n de meses. Este libro sobre c\u00f3mo prevenir, diagnosticar y revertir las alergias alimentarias har\u00e1 historia trav\u00e9s de los hallazgos de un equipo de investigadores de primer nivel.<\/p>\n","protected":false},"excerpt":{"rendered":"<p>NADEAU, KARI \/ BARNETT, SLOAN<\/p>\n","protected":false},"featured_media":446200,"template":"","meta":{"_acf_changed":false,"om_disable_all_campaigns":false,"rs_blank_template":"","rs_page_bg_color":"","slide_template_v7":"","inline_featured_image":false,"_monsterinsights_skip_tracking":false,"_monsterinsights_sitenote_active":false,"_monsterinsights_sitenote_note":"","_monsterinsights_sitenote_category":0},"product_brand":[],"product_cat":[547,97],"product_tag":[],"class_list":{"0":"post-446199","1":"product","2":"type-product","3":"status-publish","4":"has-post-thumbnail","6":"product_cat-salud","7":"product_cat-salut","9":"first","10":"instock","11":"taxable","12":"shipping-taxable","13":"purchasable","14":"product-type-simple"},"acf":{"autor":"NADEAU, KARI \/ BARNETT, SLOAN","codart":"842536149","libros-coleccion":"FORA DE COL.LECCI\u00d3","ediciones":"1","encuadernacion":"R\u00fastica","fecha_de_publicacion":"01\/06\/2023","novedad":"1","paginas":"384","subtitulo":"EL PRIMER PROGRAMA PARA PREVENIRLAS Y CURARLAS EN NI\u00d1OS Y ADULTOS","orden":"0","portada":"0","idioma":"spa","editorial":[{"ID":148245,"post_author":"3","post_date":"2022-10-14 11:56:45","post_date_gmt":"2022-10-14 09:56:45","post_content":"","post_title":"HARPER COLLINS","post_excerpt":"","post_status":"publish","comment_status":"closed","ping_status":"closed","post_password":"","post_name":"harper-collins","to_ping":"","pinged":"","post_modified":"2022-10-14 11:56:45","post_modified_gmt":"2022-10-14 09:56:45","post_content_filtered":"","post_parent":0,"guid":"http:\/\/dev.claret.cat\/editorial\/harper-collins\/","menu_order":0,"post_type":"editorial","post_mime_type":"","comment_count":"0","filter":"raw"}],"autores-libros":[{"ID":446197,"post_author":"3","post_date":"2023-06-06 18:20:26","post_date_gmt":"2023-06-06 16:20:26","post_content":"","post_title":"KARI NADEAU","post_excerpt":"","post_status":"publish","comment_status":"closed","ping_status":"closed","post_password":"","post_name":"kari-nadeau","to_ping":"","pinged":"","post_modified":"2023-06-06 18:20:26","post_modified_gmt":"2023-06-06 16:20:26","post_content_filtered":"","post_parent":0,"guid":"https:\/\/www.claret.cat\/autor\/kari-nadeau\/","menu_order":0,"post_type":"autor","post_mime_type":"","comment_count":"0","filter":"raw"},{"ID":446198,"post_author":"3","post_date":"2023-06-06 18:20:28","post_date_gmt":"2023-06-06 16:20:28","post_content":"","post_title":"SLOAN BARNETT","post_excerpt":"","post_status":"publish","comment_status":"closed","ping_status":"closed","post_password":"","post_name":"sloan-barnett","to_ping":"","pinged":"","post_modified":"2023-06-06 18:20:28","post_modified_gmt":"2023-06-06 16:20:28","post_content_filtered":"","post_parent":0,"guid":"https:\/\/www.claret.cat\/autor\/sloan-barnett\/","menu_order":0,"post_type":"autor","post_mime_type":"","comment_count":"0","filter":"raw"}]},"aioseo_notices":[],"_links":{"self":[{"href":"https:\/\/www.claret.cat\/es\/wp-json\/wp\/v2\/product\/446199","targetHints":{"allow":["GET"]}}],"collection":[{"href":"https:\/\/www.claret.cat\/es\/wp-json\/wp\/v2\/product"}],"about":[{"href":"https:\/\/www.claret.cat\/es\/wp-json\/wp\/v2\/types\/product"}],"wp:featuredmedia":[{"embeddable":true,"href":"https:\/\/www.claret.cat\/es\/wp-json\/wp\/v2\/media\/446200"}],"wp:attachment":[{"href":"https:\/\/www.claret.cat\/es\/wp-json\/wp\/v2\/media?parent=446199"}],"wp:term":[{"taxonomy":"product_brand","embeddable":true,"href":"https:\/\/www.claret.cat\/es\/wp-json\/wp\/v2\/product_brand?post=446199"},{"taxonomy":"product_cat","embeddable":true,"href":"https:\/\/www.claret.cat\/es\/wp-json\/wp\/v2\/product_cat?post=446199"},{"taxonomy":"product_tag","embeddable":true,"href":"https:\/\/www.claret.cat\/es\/wp-json\/wp\/v2\/product_tag?post=446199"}],"curies":[{"name":"wp","href":"https:\/\/api.w.org\/{rel}","templated":true}]}}