{"id":446215,"date":"2023-06-06T18:35:29","date_gmt":"2023-06-06T16:35:29","guid":{"rendered":"https:\/\/www.claret.cat\/llibre\/anatomia-y-el-cuerpo-humano-futuros-genios-9-9788448865597\/"},"modified":"2023-10-11T01:51:15","modified_gmt":"2023-10-10T23:51:15","slug":"anatomia-y-el-cuerpo-humano-futuros-genios-9-9788448865597","status":"publish","type":"product","link":"https:\/\/www.claret.cat\/es\/libro\/anatomia-y-el-cuerpo-humano-futuros-genios-9-9788448865597\/","title":{"rendered":"ANATOM\u00cdA Y EL CUERPO HUMANO (FUTUROS GENIOS 9)"},"content":{"rendered":"<p>Contin\u00faa la colecci\u00f3n de Futuros Genios, con una nueva entrega sobre el cuerpo humano. \u00bfQuieres saberlo todo sobre el cuerpo humano? \u00bfC\u00f3mo funciona? \u00bfCu\u00e1les son sus mecanismos de defensa? \u00bfC\u00f3mo se comunican unas partes con otras? Acompa\u00f1a a la intr\u00e9pida Valentina y a Vesalio, un leucocito que est\u00e1 impaciente por descubrir su misi\u00f3n. \u00a1Convi\u00e9rtete en un genio de la anatom\u00eda y el cuerpo humano! FuturosGenios es una colecci\u00f3n escrita e ilustrada por Carlos Pazos, divulgador cient\u00edfico conocido por su blog Mola Saber. \u00bfPor qu\u00e9 leer Futuros Genios? -Es una colecci\u00f3n pensada para compartir un momento de lectura y aprendizaje en familia.-Explica de forma sencilla las nociones b\u00e1sicas de conceptos cient\u00edficos generales. -Da respuestas -comprensibles para grandes y peque\u00f1os- a esas preguntas que todos nos hemos hecho. -Sus divertidas ilustraciones acompa\u00f1an la lectura y estimulan el aprendizaje. Nuestros lectores opinan:\u00abCarlos Pazos no decepciona en absoluto. Como en todos los libros de la colecci\u00f3n, es capaz de explicar de manera sencilla conceptos muy complejos\u00bb. \u00abSencillo, completo, divertido, divulgativo\u00bb. \u00abDescribe de forma f\u00e1cil y amena conceptos que es muy dif\u00edcil encontrar en libros para ni\u00f1os\u00bb.\u00abEsta colecci\u00f3n es maravillosa. As\u00ed, sin m\u00e1s\u00bb. Otros t\u00edtulos de la colecci\u00f3n: 1)Astron\u00e1utica 2)Gen\u00e9tica3)Evoluci\u00f3n 4)F\u00edsica cu\u00e1ntica 5)Rob\u00f3tica 6)Virus y vacunas 7)Paleontolog\u00eda y dinosaurios 8)Anatom\u00eda y cuerpo humano 101 preguntas y respuestas del espacio<\/p>\n","protected":false},"excerpt":{"rendered":"<p>PAZOS, CARLOS<\/p>\n","protected":false},"featured_media":446216,"template":"","meta":{"_acf_changed":false,"om_disable_all_campaigns":false,"rs_blank_template":"","rs_page_bg_color":"","slide_template_v7":"","inline_featured_image":false,"_monsterinsights_skip_tracking":false,"_monsterinsights_sitenote_active":false,"_monsterinsights_sitenote_note":"","_monsterinsights_sitenote_category":0},"product_brand":[],"product_cat":[131,361],"product_tag":[],"class_list":{"0":"post-446215","1":"product","2":"type-product","3":"status-publish","4":"has-post-thumbnail","6":"product_cat-contes-per-infants-0-6-anys","7":"product_cat-cuentos-para-ninos-0-6-anos","9":"first","10":"instock","11":"taxable","12":"shipping-taxable","13":"purchasable","14":"product-type-simple"},"acf":{"autor":"PAZOS, CARLOS","codart":"844886559","libros-coleccion":"","ediciones":"1","encuadernacion":"Carton\u00e9","fecha_de_publicacion":"01\/06\/2023","novedad":"1","paginas":"24","subtitulo":"LA CIENCIA EXPLICADA A LOS M\u00c1S PEQUE\u00d1OS","orden":"0","portada":"0","idioma":"spa","editorial":[{"ID":6141,"post_author":"3","post_date":"2022-07-28 17:45:46","post_date_gmt":"2022-07-28 15:45:46","post_content":"","post_title":"BEASCOA","post_excerpt":"","post_status":"publish","comment_status":"closed","ping_status":"closed","post_password":"","post_name":"beascoa","to_ping":"","pinged":"","post_modified":"2022-07-28 17:45:46","post_modified_gmt":"2022-07-28 15:45:46","post_content_filtered":"","post_parent":0,"guid":"http:\/\/dev.claret.cat\/editorial\/beascoa\/","menu_order":0,"post_type":"editorial","post_mime_type":"","comment_count":"0","filter":"raw"}],"autores-libros":[{"ID":152302,"post_author":"3","post_date":"2022-10-14 14:47:41","post_date_gmt":"2022-10-14 12:47:41","post_content":"","post_title":"CARLOS PAZOS","post_excerpt":"","post_status":"publish","comment_status":"closed","ping_status":"closed","post_password":"","post_name":"carlos-pazos","to_ping":"","pinged":"","post_modified":"2022-10-14 14:47:41","post_modified_gmt":"2022-10-14 12:47:41","post_content_filtered":"","post_parent":0,"guid":"http:\/\/dev.claret.cat\/autor\/carlos-pazos\/","menu_order":0,"post_type":"autor","post_mime_type":"","comment_count":"0","filter":"raw"}]},"aioseo_notices":[],"_links":{"self":[{"href":"https:\/\/www.claret.cat\/es\/wp-json\/wp\/v2\/product\/446215","targetHints":{"allow":["GET"]}}],"collection":[{"href":"https:\/\/www.claret.cat\/es\/wp-json\/wp\/v2\/product"}],"about":[{"href":"https:\/\/www.claret.cat\/es\/wp-json\/wp\/v2\/types\/product"}],"wp:featuredmedia":[{"embeddable":true,"href":"https:\/\/www.claret.cat\/es\/wp-json\/wp\/v2\/media\/446216"}],"wp:attachment":[{"href":"https:\/\/www.claret.cat\/es\/wp-json\/wp\/v2\/media?parent=446215"}],"wp:term":[{"taxonomy":"product_brand","embeddable":true,"href":"https:\/\/www.claret.cat\/es\/wp-json\/wp\/v2\/product_brand?post=446215"},{"taxonomy":"product_cat","embeddable":true,"href":"https:\/\/www.claret.cat\/es\/wp-json\/wp\/v2\/product_cat?post=446215"},{"taxonomy":"product_tag","embeddable":true,"href":"https:\/\/www.claret.cat\/es\/wp-json\/wp\/v2\/product_tag?post=446215"}],"curies":[{"name":"wp","href":"https:\/\/api.w.org\/{rel}","templated":true}]}}