{"id":446241,"date":"2023-06-06T19:16:53","date_gmt":"2023-06-06T17:16:53","guid":{"rendered":"https:\/\/www.claret.cat\/llibre\/todo-es-un-arma-9788412498561\/"},"modified":"2023-10-11T02:26:23","modified_gmt":"2023-10-11T00:26:23","slug":"todo-es-un-arma-9788412498561","status":"publish","type":"product","link":"https:\/\/www.claret.cat\/es\/libro\/todo-es-un-arma-9788412498561\/","title":{"rendered":"TODO ES UN ARMA"},"content":{"rendered":"<p>Guerra h\u00edbrida, guerra en la zona gris,<br \/> guerra sin restricciones\u2026 hoy en d\u00eda,<br \/> el conflicto tradicional \u2013combatido con<br \/> armas convencionales\u2013 se ha vuelto<br \/> demasiado caro de librar, demasiado<br \/> impopular en casa y demasiado dif\u00edcil<br \/> de gestionar, como est\u00e1 demostrando la<br \/> guerra entre Rusia y Ucrania, abordada<br \/> ya por Mark Galeotti en su anterior<br \/> libro, el aclamado Las guerras de<br \/> Putin. Estamos en una \u00e9poca en la que<br \/> el mundo se encamina hacia una nueva<br \/> era de conflictos permanentes de baja<br \/> intensidad, a menudo soterrados, no<br \/> declarados e interminables, en la que<br \/> potencias, actores nacionales y otros<br \/> agentes como grupos terroristas y<br \/> criminales libran batallas en sordina.<br \/> Este libro ofrece un estudio exhaustivo<br \/> y pionero de las nuevas formas de<br \/> hacer la guerra, que en muchos<br \/> casos no son tan nuevas: el uso del<br \/> espionaje, la propaganda, el soborno, la<br \/> falsificaci\u00f3n y la extorsi\u00f3n, a menudo<br \/> en colaboraci\u00f3n con el hampa, tiene<br \/> muchos precedentes hist\u00f3ricos, como<br \/> describe Galeotti. Estas actividades,<br \/> m\u00e1s all\u00e1 del umbral de la guerra, no son<br \/> sino aspectos permanentes y perennes<br \/> del sistema internacional.<br \/> Recorriendo todo el planeta, Todo es<br \/> un arma muestra c\u00f3mo los conflictos<br \/> actuales se libran con todo tipo de medios, desde la desinformaci\u00f3n y el espionaje hasta la delincuencia y la subversi\u00f3n, lo que conduce a la inestabilidad dentro de los pa\u00edses y a una crisis de legitimidad en todo el planeta. Pero en lugar de sugerir que<br \/> cabe esperar volver a una era pasada de guerra \u00abestable\u00bb, Galeotti detalla formas<br \/> de sobrevivir, adaptarse y aprovechar las oportunidades que presenta esta nueva realidad.<\/p>\n","protected":false},"excerpt":{"rendered":"<p>GALEOTTI, MARK<\/p>\n","protected":false},"featured_media":446242,"template":"","meta":{"_acf_changed":false,"om_disable_all_campaigns":false,"rs_blank_template":"","rs_page_bg_color":"","slide_template_v7":"","inline_featured_image":false,"_monsterinsights_skip_tracking":false,"_monsterinsights_sitenote_active":false,"_monsterinsights_sitenote_note":"","_monsterinsights_sitenote_category":0},"product_brand":[],"product_cat":[152,429],"product_tag":[],"class_list":{"0":"post-446241","1":"product","2":"type-product","3":"status-publish","4":"has-post-thumbnail","6":"product_cat-el-mon-actual","7":"product_cat-el-mundo-actual","9":"first","10":"instock","11":"taxable","12":"shipping-taxable","13":"purchasable","14":"product-type-simple"},"acf":{"autor":"GALEOTTI, MARK","codart":"841249856","libros-coleccion":"FORA DE COL.LECCI\u00d3","ediciones":"1","encuadernacion":"R\u00fastica","fecha_de_publicacion":"01\/05\/2023","novedad":"1","paginas":"218","subtitulo":"UNA GU\u00cdA DE CAMPO PARA LAS NUEVAS GUERRAS","orden":"0","portada":"0","idioma":"spa","editorial":[{"ID":6180,"post_author":"3","post_date":"2022-07-28 17:46:37","post_date_gmt":"2022-07-28 15:46:37","post_content":"","post_title":"Desperta Ferro Ediciones","post_excerpt":"","post_status":"publish","comment_status":"closed","ping_status":"closed","post_password":"","post_name":"desperta-ferro-ediciones","to_ping":"","pinged":"","post_modified":"2022-07-28 17:46:37","post_modified_gmt":"2022-07-28 15:46:37","post_content_filtered":"","post_parent":0,"guid":"http:\/\/dev.claret.cat\/editorial\/desperta-ferro-ediciones\/","menu_order":0,"post_type":"editorial","post_mime_type":"","comment_count":"0","filter":"raw"}],"autores-libros":[{"ID":164067,"post_author":"3","post_date":"2022-10-14 17:44:05","post_date_gmt":"2022-10-14 15:44:05","post_content":"","post_title":"MARK GALEOTTI","post_excerpt":"","post_status":"publish","comment_status":"closed","ping_status":"closed","post_password":"","post_name":"mark-galeotti","to_ping":"","pinged":"","post_modified":"2022-10-14 17:44:05","post_modified_gmt":"2022-10-14 15:44:05","post_content_filtered":"","post_parent":0,"guid":"http:\/\/dev.claret.cat\/autor\/mark-galeotti\/","menu_order":0,"post_type":"autor","post_mime_type":"","comment_count":"0","filter":"raw"}]},"aioseo_notices":[],"_links":{"self":[{"href":"https:\/\/www.claret.cat\/es\/wp-json\/wp\/v2\/product\/446241","targetHints":{"allow":["GET"]}}],"collection":[{"href":"https:\/\/www.claret.cat\/es\/wp-json\/wp\/v2\/product"}],"about":[{"href":"https:\/\/www.claret.cat\/es\/wp-json\/wp\/v2\/types\/product"}],"wp:featuredmedia":[{"embeddable":true,"href":"https:\/\/www.claret.cat\/es\/wp-json\/wp\/v2\/media\/446242"}],"wp:attachment":[{"href":"https:\/\/www.claret.cat\/es\/wp-json\/wp\/v2\/media?parent=446241"}],"wp:term":[{"taxonomy":"product_brand","embeddable":true,"href":"https:\/\/www.claret.cat\/es\/wp-json\/wp\/v2\/product_brand?post=446241"},{"taxonomy":"product_cat","embeddable":true,"href":"https:\/\/www.claret.cat\/es\/wp-json\/wp\/v2\/product_cat?post=446241"},{"taxonomy":"product_tag","embeddable":true,"href":"https:\/\/www.claret.cat\/es\/wp-json\/wp\/v2\/product_tag?post=446241"}],"curies":[{"name":"wp","href":"https:\/\/api.w.org\/{rel}","templated":true}]}}