{"id":446244,"date":"2023-06-06T19:20:04","date_gmt":"2023-06-06T17:20:04","guid":{"rendered":"https:\/\/www.claret.cat\/llibre\/el-tresor-destiu-9788419028280\/"},"modified":"2025-01-16T18:08:07","modified_gmt":"2025-01-16T17:08:07","slug":"el-tresor-destiu-9788419028280","status":"publish","type":"product","link":"https:\/\/www.claret.cat\/es\/libro\/el-tresor-destiu-9788419028280\/","title":{"rendered":"EL TRESOR D&#8217;ESTIU"},"content":{"rendered":"<p>BENVINGUT A L&#8217;ESTIU!<br \/> Arremanga&#8217;t, endinsa&#8217;t a la natura i coneix l&#8217;estil de vida autosuficient i ecol\u00f2gic de les cases rurals amb aquest preci\u00f3s llibre ple d&#8217;activitats de l&#8217;estiu.<br \/> Descobreix qu\u00e8 t\u00e9 d&#8217;especial aquesta estaci\u00f3, apr\u00e8n noves habilitats de cuina, jardineria i manualitats, i gaudeix al m\u00e0xim dels regals de la natura en aquesta \u00e8poca de l&#8221;any.<\/p>\n","protected":false},"excerpt":{"rendered":"<p>FERRARO-FANNING, ANGELA<\/p>\n","protected":false},"featured_media":446245,"template":"","meta":{"_acf_changed":false,"om_disable_all_campaigns":false,"rs_blank_template":"","rs_page_bg_color":"","slide_template_v7":"","inline_featured_image":false,"_monsterinsights_skip_tracking":false,"_monsterinsights_sitenote_active":false,"_monsterinsights_sitenote_note":"","_monsterinsights_sitenote_category":0},"product_brand":[],"product_cat":[132,362],"product_tag":[],"class_list":{"0":"post-446244","1":"product","2":"type-product","3":"status-publish","4":"has-post-thumbnail","6":"product_cat-lectures-per-preadolescents-6-12-anys","7":"product_cat-libros-preadolescentes-6-12-anos","9":"first","10":"instock","11":"taxable","12":"shipping-taxable","13":"purchasable","14":"product-type-simple"},"acf":{"autor":"FERRARO-FANNING, ANGELA","codart":"841902828","libros-coleccion":"FORA DE COL.LECCI\u00d3","ediciones":"1","encuadernacion":"Carton\u00e9","fecha_de_publicacion":"01\/11\/2022","novedad":"1","paginas":"32","subtitulo":"UN LLIBRE PLE DE RECEPTES, MANUALITATS I CONSELLS","orden":"0","portada":"0","idioma":"cat","editorial":[{"ID":8235,"post_author":"3","post_date":"2022-09-30 09:21:22","post_date_gmt":"2022-09-30 07:21:22","post_content":"","post_title":"EDITORIAL MEDITERRANIA","post_excerpt":"","post_status":"publish","comment_status":"closed","ping_status":"closed","post_password":"","post_name":"editorial-mediterrania","to_ping":"","pinged":"","post_modified":"2022-09-30 09:21:22","post_modified_gmt":"2022-09-30 07:21:22","post_content_filtered":"","post_parent":0,"guid":"http:\/\/dev.claret.cat\/editorial\/editorial-mediterrania\/","menu_order":0,"post_type":"editorial","post_mime_type":"","comment_count":"0","filter":"raw"}],"autores-libros":[{"ID":150430,"post_author":"3","post_date":"2022-10-14 14:32:54","post_date_gmt":"2022-10-14 12:32:54","post_content":"","post_title":"ANGELA FERRARO-FANNING","post_excerpt":"","post_status":"publish","comment_status":"closed","ping_status":"closed","post_password":"","post_name":"angela-ferraro-fanning","to_ping":"","pinged":"","post_modified":"2022-10-14 14:32:54","post_modified_gmt":"2022-10-14 12:32:54","post_content_filtered":"","post_parent":0,"guid":"http:\/\/dev.claret.cat\/autor\/angela-ferraro-fanning\/","menu_order":0,"post_type":"autor","post_mime_type":"","comment_count":"0","filter":"raw"}]},"aioseo_notices":[],"_links":{"self":[{"href":"https:\/\/www.claret.cat\/es\/wp-json\/wp\/v2\/product\/446244","targetHints":{"allow":["GET"]}}],"collection":[{"href":"https:\/\/www.claret.cat\/es\/wp-json\/wp\/v2\/product"}],"about":[{"href":"https:\/\/www.claret.cat\/es\/wp-json\/wp\/v2\/types\/product"}],"wp:featuredmedia":[{"embeddable":true,"href":"https:\/\/www.claret.cat\/es\/wp-json\/wp\/v2\/media\/446245"}],"wp:attachment":[{"href":"https:\/\/www.claret.cat\/es\/wp-json\/wp\/v2\/media?parent=446244"}],"wp:term":[{"taxonomy":"product_brand","embeddable":true,"href":"https:\/\/www.claret.cat\/es\/wp-json\/wp\/v2\/product_brand?post=446244"},{"taxonomy":"product_cat","embeddable":true,"href":"https:\/\/www.claret.cat\/es\/wp-json\/wp\/v2\/product_cat?post=446244"},{"taxonomy":"product_tag","embeddable":true,"href":"https:\/\/www.claret.cat\/es\/wp-json\/wp\/v2\/product_tag?post=446244"}],"curies":[{"name":"wp","href":"https:\/\/api.w.org\/{rel}","templated":true}]}}