{"id":446288,"date":"2023-06-07T12:50:05","date_gmt":"2023-06-07T10:50:05","guid":{"rendered":"https:\/\/www.claret.cat\/llibre\/san-jose-sanchez-del-rio-y-martires-de-mexico-9788413391045\/"},"modified":"2023-10-11T02:26:17","modified_gmt":"2023-10-11T00:26:17","slug":"san-jose-sanchez-del-rio-y-martires-de-mexico-9788413391045","status":"publish","type":"product","link":"https:\/\/www.claret.cat\/es\/libro\/san-jose-sanchez-del-rio-y-martires-de-mexico-9788413391045\/","title":{"rendered":"SAN JOS\u00c9 S\u00c1NCHEZ DEL R\u00cdO Y M\u00c1RTIRES DE M\u00c9XICO"},"content":{"rendered":"<p>Joselito, como llaman en su tierra mexicana a san Jos\u00e9 S\u00e1nchez del R\u00edo, m\u00e1rtir a los catorce a\u00f1os, es uno de los m\u00e1s j\u00f3venes del Martirologio cat\u00f3lico. Tambi\u00e9n es de los m\u00e1s recientes, declarado santo por el papa Francisco en 2016. Sin llegar a empu\u00f1ar las armas, no temi\u00f3 arriesgar su vida por Cristo y por la Iglesia, uni\u00e9ndose a los cristeros en el convulso M\u00e9xico de hace cien a\u00f1os.<br \/> \u00bfQu\u00e9 pas\u00f3 para que muchos cat\u00f3licos se alzaran contra el gobierno? \u00bfFue leg\u00edtima la guerra de los cristeros? El autor de este libro, natural del pueblo del joven m\u00e1rtir, no s\u00f3lo responde a estas preguntas con documentos, sino que logra describir el ambiente que se viv\u00eda en Sahuayo dejando hablar a testigos directos de los hechos.<br \/> A las decenas de miles v\u00edctimas causadas por la guerra, se suman en torno a 500 sacerdotes y no pocos cat\u00f3licos laicos asesinados por odio a la fe. La Iglesia ha reconocido ya como m\u00e1rtires a 40 de ellos, que tambi\u00e9n son presentados en este libro.<br \/> En el siglo XX, en M\u00e9xico, a causa del liberalismo radical \u2014en otros lugares, bajo otros signos ideol\u00f3gicos\u2014 la sangre de los cristianos fue derramada sobre el altar del ut\u00f3pico \u00eddolo moderno del \u00abprogreso\u00bb. \u00a1M\u00e1rtires de la esperanza!<\/p>\n","protected":false},"excerpt":{"rendered":"<p>LAURE\u00c1N CERVANTES, LUIS<\/p>\n","protected":false},"featured_media":446289,"template":"","meta":{"_acf_changed":false,"om_disable_all_campaigns":false,"rs_blank_template":"","rs_page_bg_color":"","slide_template_v7":"","inline_featured_image":false,"_monsterinsights_skip_tracking":false,"_monsterinsights_sitenote_active":false,"_monsterinsights_sitenote_note":"","_monsterinsights_sitenote_category":0},"product_brand":[],"product_cat":[92,542],"product_tag":[],"class_list":{"0":"post-446288","1":"product","2":"type-product","3":"status-publish","4":"has-post-thumbnail","6":"product_cat-vida-religiosa","7":"product_cat-vida-religiosa-1_espiritualidad-spa","9":"first","10":"instock","11":"taxable","12":"shipping-taxable","13":"purchasable","14":"product-type-simple"},"acf":{"autor":"LAURE\u00c1N CERVANTES, LUIS","codart":"8413391040","libros-coleccion":"100XUNO","ediciones":"1","encuadernacion":"R\u00fastica","fecha_de_publicacion":"01\/04\/2022","novedad":"1","paginas":"194","subtitulo":"","orden":"0","portada":"0","idioma":"spa","editorial":[{"ID":6201,"post_author":"3","post_date":"2022-07-28 17:47:01","post_date_gmt":"2022-07-28 15:47:01","post_content":"","post_title":"Ediciones Encuentro","post_excerpt":"","post_status":"publish","comment_status":"closed","ping_status":"closed","post_password":"","post_name":"ediciones-encuentro","to_ping":"","pinged":"","post_modified":"2022-07-28 17:47:01","post_modified_gmt":"2022-07-28 15:47:01","post_content_filtered":"","post_parent":0,"guid":"http:\/\/dev.claret.cat\/editorial\/ediciones-encuentro\/","menu_order":0,"post_type":"editorial","post_mime_type":"","comment_count":"0","filter":"raw"}],"autores-libros":[{"ID":446287,"post_author":"3","post_date":"2023-06-07 12:50:02","post_date_gmt":"2023-06-07 10:50:02","post_content":"","post_title":"LUIS LAURE\u00c1N CERVANTES","post_excerpt":"","post_status":"publish","comment_status":"closed","ping_status":"closed","post_password":"","post_name":"luis-laurean-cervantes","to_ping":"","pinged":"","post_modified":"2023-06-07 12:50:02","post_modified_gmt":"2023-06-07 10:50:02","post_content_filtered":"","post_parent":0,"guid":"https:\/\/www.claret.cat\/autor\/luis-laurean-cervantes\/","menu_order":0,"post_type":"autor","post_mime_type":"","comment_count":"0","filter":"raw"}]},"aioseo_notices":[],"_links":{"self":[{"href":"https:\/\/www.claret.cat\/es\/wp-json\/wp\/v2\/product\/446288","targetHints":{"allow":["GET"]}}],"collection":[{"href":"https:\/\/www.claret.cat\/es\/wp-json\/wp\/v2\/product"}],"about":[{"href":"https:\/\/www.claret.cat\/es\/wp-json\/wp\/v2\/types\/product"}],"wp:featuredmedia":[{"embeddable":true,"href":"https:\/\/www.claret.cat\/es\/wp-json\/wp\/v2\/media\/446289"}],"wp:attachment":[{"href":"https:\/\/www.claret.cat\/es\/wp-json\/wp\/v2\/media?parent=446288"}],"wp:term":[{"taxonomy":"product_brand","embeddable":true,"href":"https:\/\/www.claret.cat\/es\/wp-json\/wp\/v2\/product_brand?post=446288"},{"taxonomy":"product_cat","embeddable":true,"href":"https:\/\/www.claret.cat\/es\/wp-json\/wp\/v2\/product_cat?post=446288"},{"taxonomy":"product_tag","embeddable":true,"href":"https:\/\/www.claret.cat\/es\/wp-json\/wp\/v2\/product_tag?post=446288"}],"curies":[{"name":"wp","href":"https:\/\/api.w.org\/{rel}","templated":true}]}}