{"id":446311,"date":"2023-06-07T14:35:13","date_gmt":"2023-06-07T12:35:13","guid":{"rendered":"https:\/\/www.claret.cat\/llibre\/catalunya-50-excursions-als-seus-rius-9788413562810\/"},"modified":"2025-08-28T12:05:41","modified_gmt":"2025-08-28T10:05:41","slug":"catalunya-50-excursions-als-seus-rius-9788413562810","status":"publish","type":"product","link":"https:\/\/www.claret.cat\/es\/libro\/catalunya-50-excursions-als-seus-rius-9788413562810\/","title":{"rendered":"CATALUNYA: 50 EXCURSIONS ALS SEUS RIUS"},"content":{"rendered":"<p>2A EDICI\u00d3 CATALUNYA \u00c9S UNA TERRA DE RIUS  En aquest llibre us proposem 50 excursions als bells i encisadors indrets que voregen els rius catalans, repartides per tot el territori de Catalunya. Us anireu topant amb un rierol que serpenteja pel bosc, un saltant d&#8217;aigua argentada, una resclosa d&#8217;un vell mol\u00ed amb les seves aigu?es quietes, un torrent embravit que esculpeix una petita gorja o un antic pont de pedra que s&#8217;emmiralla en les aigu?es encalmades d&#8217;un riu. A Catalunya \u00e9s molt f\u00e0cil gaudir d&#8217;aquestes boniques troballes tot caminant, ja sigui pels boscos humits a peu de les muntanyes, per pinedes i alzinars mediterranis, per planes de conreus de sec\u00e0 o per alguns indrets propers al litoral. Un recull indispensable per a tots aquells excursionistes i amants dels rius que s&#8221;estimen o volen con\u00e8ixer millor el nostre territori.<\/p>\n","protected":false},"excerpt":{"rendered":"<p>PASADAS I SALAZAR, C\u00c8SAR<\/p>\n","protected":false},"featured_media":446312,"template":"","meta":{"_acf_changed":false,"om_disable_all_campaigns":false,"rs_blank_template":"","rs_page_bg_color":"","slide_template_v7":"","inline_featured_image":false,"_monsterinsights_skip_tracking":false,"_monsterinsights_sitenote_active":false,"_monsterinsights_sitenote_note":"","_monsterinsights_sitenote_category":0},"product_brand":[],"product_cat":[557,107],"product_tag":[],"class_list":{"0":"post-446311","1":"product","2":"type-product","3":"status-publish","4":"has-post-thumbnail","6":"product_cat-guias-de-viaje","7":"product_cat-guies-de-viatge","9":"first","10":"instock","11":"taxable","12":"shipping-taxable","13":"purchasable","14":"product-type-simple"},"acf":{"autor":"PASADAS I SALAZAR, C\u00c8SAR","codart":"841356281","libros-coleccion":"FORA DE COL.LECCI\u00d3","ediciones":"1","encuadernacion":"R\u00fastica","fecha_de_publicacion":"01\/06\/2023","novedad":"1","paginas":"168","subtitulo":"","orden":"0","portada":"0","idioma":"cat","editorial":[{"ID":6171,"post_author":"3","post_date":"2022-07-28 17:46:25","post_date_gmt":"2022-07-28 15:46:25","post_content":"","post_title":"COSSETANIA EDICIONS","post_excerpt":"","post_status":"publish","comment_status":"closed","ping_status":"closed","post_password":"","post_name":"cossetania-edicions","to_ping":"","pinged":"","post_modified":"2022-07-28 17:46:25","post_modified_gmt":"2022-07-28 15:46:25","post_content_filtered":"","post_parent":0,"guid":"http:\/\/dev.claret.cat\/editorial\/cossetania-edicions\/","menu_order":0,"post_type":"editorial","post_mime_type":"","comment_count":"0","filter":"raw"}],"autores-libros":[{"ID":320244,"post_author":"3","post_date":"2023-01-03 00:08:31","post_date_gmt":"2023-01-02 23:08:31","post_content":"","post_title":"C\u00c8SAR PASADAS I SALAZAR","post_excerpt":"","post_status":"publish","comment_status":"closed","ping_status":"closed","post_password":"","post_name":"cesar-pasadas-i-salazar","to_ping":"","pinged":"","post_modified":"2023-01-03 00:08:31","post_modified_gmt":"2023-01-02 23:08:31","post_content_filtered":"","post_parent":0,"guid":"https:\/\/www.claret.cat\/autor\/cesar-pasadas-i-salazar\/","menu_order":0,"post_type":"autor","post_mime_type":"","comment_count":"0","filter":"raw"}],"booktrailer":"","resenas":""},"aioseo_notices":[],"_links":{"self":[{"href":"https:\/\/www.claret.cat\/es\/wp-json\/wp\/v2\/product\/446311","targetHints":{"allow":["GET"]}}],"collection":[{"href":"https:\/\/www.claret.cat\/es\/wp-json\/wp\/v2\/product"}],"about":[{"href":"https:\/\/www.claret.cat\/es\/wp-json\/wp\/v2\/types\/product"}],"wp:featuredmedia":[{"embeddable":true,"href":"https:\/\/www.claret.cat\/es\/wp-json\/wp\/v2\/media\/446312"}],"wp:attachment":[{"href":"https:\/\/www.claret.cat\/es\/wp-json\/wp\/v2\/media?parent=446311"}],"wp:term":[{"taxonomy":"product_brand","embeddable":true,"href":"https:\/\/www.claret.cat\/es\/wp-json\/wp\/v2\/product_brand?post=446311"},{"taxonomy":"product_cat","embeddable":true,"href":"https:\/\/www.claret.cat\/es\/wp-json\/wp\/v2\/product_cat?post=446311"},{"taxonomy":"product_tag","embeddable":true,"href":"https:\/\/www.claret.cat\/es\/wp-json\/wp\/v2\/product_tag?post=446311"}],"curies":[{"name":"wp","href":"https:\/\/api.w.org\/{rel}","templated":true}]}}