{"id":446323,"date":"2023-06-07T15:55:15","date_gmt":"2023-06-07T13:55:15","guid":{"rendered":"https:\/\/www.claret.cat\/llibre\/confrontando-el-cristianismo-9788418961694\/"},"modified":"2023-10-11T02:26:05","modified_gmt":"2023-10-11T00:26:05","slug":"confrontando-el-cristianismo-9788418961694","status":"publish","type":"product","link":"https:\/\/www.claret.cat\/es\/libro\/confrontando-el-cristianismo-9788418961694\/","title":{"rendered":"CONFRONTANDO EL CRISTIANISMO"},"content":{"rendered":"<p>Confrontando el cristianismo, de Rebecca McLaughlin, trata doce preguntas que impiden que muchos de nosotros nos planteemos la fe en Jesucristo<br \/>El cristianismo es el sistema de creencias m\u00e1s extendido del planeta y promete continuar si\u00e9ndolo en el futuro. Sin embargo, para una gran cantidad de occidentales cultos, el cristianismo b\u00edblico es una peligrosa idea, que reta sus creencias m\u00e1s profundas.<br \/>A trav\u00e9s de una investigaci\u00f3n de vanguardia, de historias personales y de un exhaustivo estudio de la Biblia, <br \/>McLaughlin defiende que, si ponemos m\u00e1s atenci\u00f3n, la realidad del padecimiento, la complejidad de la sexualidad, el anhelo de diversidad, el \u00e9xito de la ciencia y otros aparentes obst\u00e1culos en el trayecto se convierten en se\u00f1alizaciones Jes\u00fas se convierte no en una reliquia del mundo pasado, sino en la mayor esperanza para nuestro mundo presente.<br \/>Esta obra es de lectura obligatoria, no \u00fanicamente a causa de su rigor intelectual y al hecho de que est\u00e1 escrito de forma hermosa, sino adem\u00e1s debido a su humanidad sincera y emp\u00e1tica. Los lectores ver\u00e1n c\u00f3mo la autora los conduce de manera experta en un viaje que no solo los lleva a confrontar el cristianismo, sino a confrontarse a s\u00ed mismos: su esperanza, su cosmovisi\u00f3n, sus temores, sus fracasos y la b\u00fasqueda de identidad y satisfacci\u00f3n, y, finalmente, a confrontar a Jes\u00fas como la fuente de vida completa y cre\u00edble que Dios quiere que sea.<br \/>John C. Lennox, profesor em\u00e9rito de matem\u00e1ticas, Universidad de Oxford. Autor de Disparando contra Dios<br \/>VER PRIMER CAP\u00cdTULO<br \/>\u00cdndice de Confrontando el cristianismo<br \/>\u00bfNo nos va mejor sin la religi\u00f3n?<br \/>\u00bfEl cristianismo destruye la diversidad?<br \/>\u00bfC\u00f3mo puedes decir que solo hay una fe verdadera?<br \/>\u00bfNo supone la religi\u00f3n un problema para la moralidad?<br \/>\u00bfNo es la religi\u00f3n causa de violencia?<br \/>\u00bfC\u00f3mo puedes tomarte la Biblia al pie de la letra?<br \/>\u00bfNo ha refutado la ciencia al cristianismo?<br \/>\u00bfNo denigra el cristianismo a la mujer?<br \/>\u00bfNo es hom\u00f3fobo el cristianismo?<br \/>\u00bfNo consiente la Biblia la esclavitud?<br \/>\u00bfC\u00f3mo puede un Dios de amor permitir tanto sufrimiento?<br \/>\u00bfC\u00f3mo puede un Dios de amor enviar personas al infierno?<\/p>\n","protected":false},"excerpt":{"rendered":"<p>MCLAUGHLIN, REBECCA<\/p>\n","protected":false},"featured_media":446324,"template":"","meta":{"_acf_changed":false,"om_disable_all_campaigns":false,"rs_blank_template":"","rs_page_bg_color":"","slide_template_v7":"","inline_featured_image":false,"_monsterinsights_skip_tracking":false,"_monsterinsights_sitenote_active":false,"_monsterinsights_sitenote_note":"","_monsterinsights_sitenote_category":0},"product_brand":[],"product_cat":[278,508,288,514,291,517],"product_tag":[],"class_list":{"0":"post-446323","1":"product","2":"type-product","3":"status-publish","4":"has-post-thumbnail","6":"product_cat-misteri-de-deu","7":"product_cat-misterio-de-dios","8":"product_cat-moral-fonamental","9":"product_cat-moral-fundamental","10":"product_cat-moral-social-i-politica","11":"product_cat-moral-social-y-politica","13":"first","14":"instock","15":"taxable","16":"shipping-taxable","17":"purchasable","18":"product-type-simple"},"acf":{"autor":"MCLAUGHLIN, REBECCA","codart":"841896169","libros-coleccion":"","ediciones":"1","encuadernacion":"R\u00fastica","fecha_de_publicacion":"01\/04\/2023","novedad":"1","paginas":"352","subtitulo":"DOCE PREGUNTAS DIF\u00cdCILES PARA LA RELIGI\u00d3N M\u00c1S GRANDE DEL MUNDO","orden":"0","portada":"0","idioma":"spa","editorial":[{"ID":6121,"post_author":"3","post_date":"2022-07-28 17:45:20","post_date_gmt":"2022-07-28 15:45:20","post_content":"","post_title":"ANDAMIO, PUBLICACIONES","post_excerpt":"","post_status":"publish","comment_status":"closed","ping_status":"closed","post_password":"","post_name":"andamio-publicaciones","to_ping":"","pinged":"","post_modified":"2022-07-28 17:45:20","post_modified_gmt":"2022-07-28 15:45:20","post_content_filtered":"","post_parent":0,"guid":"http:\/\/dev.claret.cat\/editorial\/andamio-publicaciones\/","menu_order":0,"post_type":"editorial","post_mime_type":"","comment_count":"0","filter":"raw"}],"autores-libros":[{"ID":446333,"post_author":"3","post_date":"2023-06-07 16:00:30","post_date_gmt":"2023-06-07 14:00:30","post_content":"","post_title":"REBECCA MCLAUGHLIN","post_excerpt":"","post_status":"publish","comment_status":"closed","ping_status":"closed","post_password":"","post_name":"rebecca-mclaughlin","to_ping":"","pinged":"","post_modified":"2023-06-07 16:00:30","post_modified_gmt":"2023-06-07 14:00:30","post_content_filtered":"","post_parent":0,"guid":"https:\/\/www.claret.cat\/autor\/rebecca-mclaughlin\/","menu_order":0,"post_type":"autor","post_mime_type":"","comment_count":"0","filter":"raw"}]},"aioseo_notices":[],"_links":{"self":[{"href":"https:\/\/www.claret.cat\/es\/wp-json\/wp\/v2\/product\/446323","targetHints":{"allow":["GET"]}}],"collection":[{"href":"https:\/\/www.claret.cat\/es\/wp-json\/wp\/v2\/product"}],"about":[{"href":"https:\/\/www.claret.cat\/es\/wp-json\/wp\/v2\/types\/product"}],"wp:featuredmedia":[{"embeddable":true,"href":"https:\/\/www.claret.cat\/es\/wp-json\/wp\/v2\/media\/446324"}],"wp:attachment":[{"href":"https:\/\/www.claret.cat\/es\/wp-json\/wp\/v2\/media?parent=446323"}],"wp:term":[{"taxonomy":"product_brand","embeddable":true,"href":"https:\/\/www.claret.cat\/es\/wp-json\/wp\/v2\/product_brand?post=446323"},{"taxonomy":"product_cat","embeddable":true,"href":"https:\/\/www.claret.cat\/es\/wp-json\/wp\/v2\/product_cat?post=446323"},{"taxonomy":"product_tag","embeddable":true,"href":"https:\/\/www.claret.cat\/es\/wp-json\/wp\/v2\/product_tag?post=446323"}],"curies":[{"name":"wp","href":"https:\/\/api.w.org\/{rel}","templated":true}]}}