{"id":446365,"date":"2023-06-07T16:30:39","date_gmt":"2023-06-07T14:30:39","guid":{"rendered":"https:\/\/www.claret.cat\/llibre\/falso-testigo-9788418623905\/"},"modified":"2023-10-11T01:49:58","modified_gmt":"2023-10-10T23:49:58","slug":"falso-testigo-9788418623905","status":"publish","type":"product","link":"https:\/\/www.claret.cat\/es\/libro\/falso-testigo-9788418623905\/","title":{"rendered":"FALSO TESTIGO"},"content":{"rendered":"<p>Su pasado siempre la ha perseguido&#8230; &#8230;ahora su pasado quiere darle caza.   UNA VIDA ORDINARIA&#8230;  Leigh Collier ha trabajado duro para construir una vida aparentemente normal. Es abogada defensora en un prestigioso bufete de abogados en Atlanta, har\u00eda cualquier cosa por su hija Maddy de diecis\u00e9is a\u00f1os, y est\u00e1 logrando con \u00e9xito compartir su crianza, a pesar de la pandemia, despu\u00e9s de una separaci\u00f3n amistosa de su esposo Walter.  OCULTA UN PASADO DEVASTADOR&#8230;  Pero la vida cotidiana de Leigh enmascara una infancia que nadie deber\u00eda tener que soportar&#8230; una infancia empa\u00f1ada por secretos, rota por la traici\u00f3n y finalmente destruida por un brutal acto de violencia.  PERO AHORA EL PASADO HA REGRESADO&#8230;  Un domingo por la noche, mientras asiste a una obra de teatro de la escuela de su hija, recibe una llamada de uno de los socios de la empresa que quiere que Leigh se sume para defender a un hombre rico acusado de m\u00faltiples cargos de violaci\u00f3n. Aunque desconf\u00eda del caso, resulta evidente que no tiene muchas opciones si quiere conservar su trabajo. Est\u00e1 programado que vayan a juicio en una semana. Cuando se encuentra cara a cara con el acusado, se da cuenta de que no es una coincidencia que le hayan pedido espec\u00edficamente que ella lo represente. Lo conoce. Y \u00e9l la conoce a ella.  M\u00e1s concretamente, es posible que sepa lo que sucedi\u00f3 hace m\u00e1s de veinte a\u00f1os? y por qu\u00e9 Leigh ha pasado dos d\u00e9cadas evitando su pasado.  Y EL TIEMPO SE EST\u00c1 ACABANDO.  De repente, tiene mucho m\u00e1s que perder que este caso. La \u00fanica persona que puede ayudarla es su hermana menor, Callie, la \u00faltima persona a la que Leigh querr\u00eda arrastrar a esto despu\u00e9s de todo lo que han pasado. Pero con una verdad devastadora en peligro de ser revelada, no tiene otra opci\u00f3n&#8230;<\/p>\n","protected":false},"excerpt":{"rendered":"<p>SLAUGHTER, KARIN<\/p>\n","protected":false},"featured_media":446366,"template":"","meta":{"_acf_changed":false,"om_disable_all_campaigns":false,"rs_blank_template":"","rs_page_bg_color":"","slide_template_v7":"","inline_featured_image":false,"_monsterinsights_skip_tracking":false,"_monsterinsights_sitenote_active":false,"_monsterinsights_sitenote_note":"","_monsterinsights_sitenote_category":0},"product_brand":[],"product_cat":[127,357],"product_tag":[],"class_list":{"0":"post-446365","1":"product","2":"type-product","3":"status-publish","4":"has-post-thumbnail","6":"product_cat-novella-contemporania","7":"product_cat-novela-contemporanea","9":"first","10":"instock","11":"taxable","12":"shipping-taxable","13":"purchasable","14":"product-type-simple"},"acf":{"autor":"SLAUGHTER, KARIN","codart":"841862390","libros-coleccion":"HARPER COLLINS","ediciones":"1","encuadernacion":"R\u00fastica","fecha_de_publicacion":"01\/06\/2023","novedad":"1","paginas":"501","subtitulo":"","orden":"0","portada":"0","idioma":"spa","editorial":[{"ID":6264,"post_author":"3","post_date":"2022-07-28 17:48:28","post_date_gmt":"2022-07-28 15:48:28","post_content":"","post_title":"Harper Bolsillo","post_excerpt":"","post_status":"publish","comment_status":"closed","ping_status":"closed","post_password":"","post_name":"harper-bolsillo","to_ping":"","pinged":"","post_modified":"2022-07-28 17:48:28","post_modified_gmt":"2022-07-28 15:48:28","post_content_filtered":"","post_parent":0,"guid":"http:\/\/dev.claret.cat\/editorial\/harper-bolsillo\/","menu_order":0,"post_type":"editorial","post_mime_type":"","comment_count":"0","filter":"raw"}],"autores-libros":[{"ID":161430,"post_author":"3","post_date":"2022-10-14 17:18:09","post_date_gmt":"2022-10-14 15:18:09","post_content":"","post_title":"KARIN SLAUGHTER","post_excerpt":"","post_status":"publish","comment_status":"closed","ping_status":"closed","post_password":"","post_name":"karin-slaughter","to_ping":"","pinged":"","post_modified":"2022-10-14 17:18:09","post_modified_gmt":"2022-10-14 15:18:09","post_content_filtered":"","post_parent":0,"guid":"http:\/\/dev.claret.cat\/autor\/karin-slaughter\/","menu_order":0,"post_type":"autor","post_mime_type":"","comment_count":"0","filter":"raw"}]},"aioseo_notices":[],"_links":{"self":[{"href":"https:\/\/www.claret.cat\/es\/wp-json\/wp\/v2\/product\/446365","targetHints":{"allow":["GET"]}}],"collection":[{"href":"https:\/\/www.claret.cat\/es\/wp-json\/wp\/v2\/product"}],"about":[{"href":"https:\/\/www.claret.cat\/es\/wp-json\/wp\/v2\/types\/product"}],"wp:featuredmedia":[{"embeddable":true,"href":"https:\/\/www.claret.cat\/es\/wp-json\/wp\/v2\/media\/446366"}],"wp:attachment":[{"href":"https:\/\/www.claret.cat\/es\/wp-json\/wp\/v2\/media?parent=446365"}],"wp:term":[{"taxonomy":"product_brand","embeddable":true,"href":"https:\/\/www.claret.cat\/es\/wp-json\/wp\/v2\/product_brand?post=446365"},{"taxonomy":"product_cat","embeddable":true,"href":"https:\/\/www.claret.cat\/es\/wp-json\/wp\/v2\/product_cat?post=446365"},{"taxonomy":"product_tag","embeddable":true,"href":"https:\/\/www.claret.cat\/es\/wp-json\/wp\/v2\/product_tag?post=446365"}],"curies":[{"name":"wp","href":"https:\/\/api.w.org\/{rel}","templated":true}]}}