{"id":446441,"date":"2023-06-07T17:35:21","date_gmt":"2023-06-07T15:35:21","guid":{"rendered":"https:\/\/www.claret.cat\/llibre\/el-club-de-comic-de-chikigato-4-colaboraciones-9788498569049\/"},"modified":"2026-01-23T18:10:17","modified_gmt":"2026-01-23T17:10:17","slug":"el-club-de-comic-de-chikigato-4-colaboraciones-9788498569049","status":"publish","type":"product","link":"https:\/\/www.claret.cat\/es\/libro\/el-club-de-comic-de-chikigato-4-colaboraciones-9788498569049\/","title":{"rendered":"EL CLUB DE C\u00d3MIC DE CHIKIGATO 4: COLABORACIONES"},"content":{"rendered":"<p>Las ranas unidas, jam\u00e1s ser\u00e1n vencidas.A veces, las cosas m\u00e1s peque\u00f1as, pueden marcar una gran diferencia.<\/p>\n","protected":false},"excerpt":{"rendered":"<p>PILKEY, DAV<\/p>\n","protected":false},"featured_media":1077226,"template":"","meta":{"_acf_changed":false,"om_disable_all_campaigns":false,"rs_blank_template":"","rs_page_bg_color":"","slide_template_v7":"","inline_featured_image":false,"_monsterinsights_skip_tracking":false,"_monsterinsights_sitenote_active":false,"_monsterinsights_sitenote_note":"","_monsterinsights_sitenote_category":0},"product_brand":[],"product_cat":[132,362],"product_tag":[],"class_list":{"0":"post-446441","1":"product","2":"type-product","3":"status-publish","4":"has-post-thumbnail","6":"product_cat-lectures-per-preadolescents-6-12-anys","7":"product_cat-libros-preadolescentes-6-12-anos","9":"first","10":"instock","11":"taxable","12":"shipping-taxable","13":"purchasable","14":"product-type-simple"},"acf":{"autor":"PILKEY, DAV","codart":"849856904","libros-coleccion":"FORA DE COL.LECCI\u00d3","ediciones":"1","encuadernacion":"Carton\u00e9","fecha_de_publicacion":"01\/06\/2023","novedad":"1","paginas":"223","subtitulo":"","orden":"0","portada":"0","idioma":"cat","editorial":[{"ID":147854,"post_author":"3","post_date":"2022-10-14 11:53:43","post_date_gmt":"2022-10-14 09:53:43","post_content":"","post_title":"EDICIONES SM","post_excerpt":"","post_status":"publish","comment_status":"closed","ping_status":"closed","post_password":"","post_name":"ediciones-sm","to_ping":"","pinged":"","post_modified":"2022-10-14 11:53:43","post_modified_gmt":"2022-10-14 09:53:43","post_content_filtered":"","post_parent":0,"guid":"http:\/\/dev.claret.cat\/editorial\/ediciones-sm\/","menu_order":0,"post_type":"editorial","post_mime_type":"","comment_count":"0","filter":"raw"}],"autores-libros":[{"ID":153712,"post_author":"3","post_date":"2022-10-14 14:58:56","post_date_gmt":"2022-10-14 12:58:56","post_content":"","post_title":"DAV PILKEY","post_excerpt":"","post_status":"publish","comment_status":"closed","ping_status":"closed","post_password":"","post_name":"dav-pilkey","to_ping":"","pinged":"","post_modified":"2022-10-14 14:58:56","post_modified_gmt":"2022-10-14 12:58:56","post_content_filtered":"","post_parent":0,"guid":"http:\/\/dev.claret.cat\/autor\/dav-pilkey\/","menu_order":0,"post_type":"autor","post_mime_type":"","comment_count":"0","filter":"raw"}],"booktrailer":"","resenas":""},"aioseo_notices":[],"_links":{"self":[{"href":"https:\/\/www.claret.cat\/es\/wp-json\/wp\/v2\/product\/446441","targetHints":{"allow":["GET"]}}],"collection":[{"href":"https:\/\/www.claret.cat\/es\/wp-json\/wp\/v2\/product"}],"about":[{"href":"https:\/\/www.claret.cat\/es\/wp-json\/wp\/v2\/types\/product"}],"wp:featuredmedia":[{"embeddable":true,"href":"https:\/\/www.claret.cat\/es\/wp-json\/wp\/v2\/media\/1077226"}],"wp:attachment":[{"href":"https:\/\/www.claret.cat\/es\/wp-json\/wp\/v2\/media?parent=446441"}],"wp:term":[{"taxonomy":"product_brand","embeddable":true,"href":"https:\/\/www.claret.cat\/es\/wp-json\/wp\/v2\/product_brand?post=446441"},{"taxonomy":"product_cat","embeddable":true,"href":"https:\/\/www.claret.cat\/es\/wp-json\/wp\/v2\/product_cat?post=446441"},{"taxonomy":"product_tag","embeddable":true,"href":"https:\/\/www.claret.cat\/es\/wp-json\/wp\/v2\/product_tag?post=446441"}],"curies":[{"name":"wp","href":"https:\/\/api.w.org\/{rel}","templated":true}]}}