{"id":446453,"date":"2023-06-07T17:55:04","date_gmt":"2023-06-07T15:55:04","guid":{"rendered":"https:\/\/www.claret.cat\/llibre\/a-las-afueras-de-la-cruz-9788422022893\/"},"modified":"2024-07-19T10:30:40","modified_gmt":"2024-07-19T08:30:40","slug":"a-las-afueras-de-la-cruz-9788422022893","status":"publish","type":"product","link":"https:\/\/www.claret.cat\/es\/libro\/a-las-afueras-de-la-cruz-9788422022893\/","title":{"rendered":"A LAS AFUERAS DE LA CRUZ"},"content":{"rendered":"","protected":false},"excerpt":{"rendered":"<p>SANTAMAR\u00cdA DEL R\u00cdO, LUIS<\/p>\n","protected":false},"featured_media":975655,"template":"","meta":{"_acf_changed":false,"om_disable_all_campaigns":false,"rs_blank_template":"","rs_page_bg_color":"","slide_template_v7":"","inline_featured_image":false,"_monsterinsights_skip_tracking":false,"_monsterinsights_sitenote_active":false,"_monsterinsights_sitenote_note":"","_monsterinsights_sitenote_category":0},"product_brand":[],"product_cat":[93,543],"product_tag":[],"class_list":{"0":"post-446453","1":"product","2":"type-product","3":"status-publish","4":"has-post-thumbnail","6":"product_cat-eclesiologia","7":"product_cat-eclesiologia-es","9":"first","10":"instock","11":"taxable","12":"shipping-taxable","13":"purchasable","14":"product-type-simple"},"acf":{"autor":"SANTAMAR\u00cdA DEL R\u00cdO, LUIS","codart":"842202289","libros-coleccion":"Estudios y ensayos. Teolog\u00eda","ediciones":"1","encuadernacion":"R\u00fastica","fecha_de_publicacion":"07\/06\/2023","novedad":"1","paginas":"288","subtitulo":"LAS SECTAS DE ORIGEN CRISTIANO EN ESPA\u00d1A ","orden":"0","portada":"1","idioma":"spa","editorial":[{"ID":147509,"post_author":"3","post_date":"2022-10-14 11:51:07","post_date_gmt":"2022-10-14 09:51:07","post_content":"","post_title":"B.A.C.","post_excerpt":"","post_status":"publish","comment_status":"closed","ping_status":"closed","post_password":"","post_name":"b-a-c","to_ping":"","pinged":"","post_modified":"2022-10-14 11:51:07","post_modified_gmt":"2022-10-14 09:51:07","post_content_filtered":"","post_parent":0,"guid":"http:\/\/dev.claret.cat\/editorial\/b-a-c\/","menu_order":0,"post_type":"editorial","post_mime_type":"","comment_count":"0","filter":"raw"}],"autores-libros":[{"ID":446789,"post_author":"3","post_date":"2023-06-12 11:11:47","post_date_gmt":"2023-06-12 09:11:47","post_content":"","post_title":"LUIS SANTAMARIA DEL RIO","post_excerpt":"","post_status":"publish","comment_status":"closed","ping_status":"closed","post_password":"","post_name":"luis-santamaria-del-rio","to_ping":"","pinged":"","post_modified":"2023-06-12 11:11:47","post_modified_gmt":"2023-06-12 09:11:47","post_content_filtered":"","post_parent":0,"guid":"https:\/\/www.claret.cat\/autor\/luis-santamaria-del-rio\/","menu_order":0,"post_type":"autor","post_mime_type":"","comment_count":"0","filter":"raw"}]},"aioseo_notices":[],"_links":{"self":[{"href":"https:\/\/www.claret.cat\/es\/wp-json\/wp\/v2\/product\/446453","targetHints":{"allow":["GET"]}}],"collection":[{"href":"https:\/\/www.claret.cat\/es\/wp-json\/wp\/v2\/product"}],"about":[{"href":"https:\/\/www.claret.cat\/es\/wp-json\/wp\/v2\/types\/product"}],"wp:featuredmedia":[{"embeddable":true,"href":"https:\/\/www.claret.cat\/es\/wp-json\/wp\/v2\/media\/975655"}],"wp:attachment":[{"href":"https:\/\/www.claret.cat\/es\/wp-json\/wp\/v2\/media?parent=446453"}],"wp:term":[{"taxonomy":"product_brand","embeddable":true,"href":"https:\/\/www.claret.cat\/es\/wp-json\/wp\/v2\/product_brand?post=446453"},{"taxonomy":"product_cat","embeddable":true,"href":"https:\/\/www.claret.cat\/es\/wp-json\/wp\/v2\/product_cat?post=446453"},{"taxonomy":"product_tag","embeddable":true,"href":"https:\/\/www.claret.cat\/es\/wp-json\/wp\/v2\/product_tag?post=446453"}],"curies":[{"name":"wp","href":"https:\/\/api.w.org\/{rel}","templated":true}]}}