{"id":446479,"date":"2023-06-08T12:35:04","date_gmt":"2023-06-08T10:35:04","guid":{"rendered":"https:\/\/www.claret.cat\/llibre\/la-llegenda-de-laigua-de-la-vida-9788419476128\/"},"modified":"2024-05-03T11:18:25","modified_gmt":"2024-05-03T09:18:25","slug":"la-llegenda-de-laigua-de-la-vida-9788419476128","status":"publish","type":"product","link":"https:\/\/www.claret.cat\/es\/libro\/la-llegenda-de-laigua-de-la-vida-9788419476128\/","title":{"rendered":"LA LLEGENDA DE L&#8217;AIGUA DE LA VIDA"},"content":{"rendered":"<p>En Tirico i la Tirica s\u00f3n dos germanets pit-roigs que viuen a la fageda d&#8217;en Jord\u00e0, un lloc tranquil, ple de vegetaci\u00f3, fauna i aigua abundant. De sobte, un bon dia, s&#8217;han d&#8217;enfrontar a la falta d&#8217;aigua\u2026<\/p>\n","protected":false},"excerpt":{"rendered":"<p>CUADROS PUIG, MONTSERRAT<\/p>\n","protected":false},"featured_media":446480,"template":"","meta":{"_acf_changed":false,"om_disable_all_campaigns":false,"rs_blank_template":"","rs_page_bg_color":"","slide_template_v7":"","inline_featured_image":false,"_monsterinsights_skip_tracking":false,"_monsterinsights_sitenote_active":false,"_monsterinsights_sitenote_note":"","_monsterinsights_sitenote_category":0},"product_brand":[],"product_cat":[131,361],"product_tag":[],"class_list":{"0":"post-446479","1":"product","2":"type-product","3":"status-publish","4":"has-post-thumbnail","6":"product_cat-contes-per-infants-0-6-anys","7":"product_cat-cuentos-para-ninos-0-6-anos","9":"first","10":"instock","11":"taxable","12":"shipping-taxable","13":"purchasable","14":"product-type-simple"},"acf":{"autor":"CUADROS PUIG, MONTSERRAT","codart":"841947612","libros-coleccion":"FORA DE COL.LECCI\u00d3","ediciones":"1","encuadernacion":"Carton\u00e9","fecha_de_publicacion":"01\/04\/2023","novedad":"1","paginas":"40","subtitulo":"","orden":"0","portada":"0","idioma":"cat","editorial":[{"ID":6215,"post_author":"3","post_date":"2022-07-28 17:47:20","post_date_gmt":"2022-07-28 15:47:20","post_content":"","post_title":"Edita.cat","post_excerpt":"","post_status":"publish","comment_status":"closed","ping_status":"closed","post_password":"","post_name":"edita-cat","to_ping":"","pinged":"","post_modified":"2022-07-28 17:47:20","post_modified_gmt":"2022-07-28 15:47:20","post_content_filtered":"","post_parent":0,"guid":"http:\/\/dev.claret.cat\/editorial\/edita-cat\/","menu_order":0,"post_type":"editorial","post_mime_type":"","comment_count":"0","filter":"raw"}],"autores-libros":[{"ID":446523,"post_author":"3","post_date":"2023-06-08 13:27:03","post_date_gmt":"2023-06-08 11:27:03","post_content":"","post_title":"MONTSERRAT CUADROS PUIG","post_excerpt":"","post_status":"publish","comment_status":"closed","ping_status":"closed","post_password":"","post_name":"montserrat-cuadros-puig","to_ping":"","pinged":"","post_modified":"2023-06-08 13:27:03","post_modified_gmt":"2023-06-08 11:27:03","post_content_filtered":"","post_parent":0,"guid":"https:\/\/www.claret.cat\/autor\/montserrat-cuadros-puig\/","menu_order":0,"post_type":"autor","post_mime_type":"","comment_count":"0","filter":"raw"}]},"aioseo_notices":[],"_links":{"self":[{"href":"https:\/\/www.claret.cat\/es\/wp-json\/wp\/v2\/product\/446479","targetHints":{"allow":["GET"]}}],"collection":[{"href":"https:\/\/www.claret.cat\/es\/wp-json\/wp\/v2\/product"}],"about":[{"href":"https:\/\/www.claret.cat\/es\/wp-json\/wp\/v2\/types\/product"}],"wp:featuredmedia":[{"embeddable":true,"href":"https:\/\/www.claret.cat\/es\/wp-json\/wp\/v2\/media\/446480"}],"wp:attachment":[{"href":"https:\/\/www.claret.cat\/es\/wp-json\/wp\/v2\/media?parent=446479"}],"wp:term":[{"taxonomy":"product_brand","embeddable":true,"href":"https:\/\/www.claret.cat\/es\/wp-json\/wp\/v2\/product_brand?post=446479"},{"taxonomy":"product_cat","embeddable":true,"href":"https:\/\/www.claret.cat\/es\/wp-json\/wp\/v2\/product_cat?post=446479"},{"taxonomy":"product_tag","embeddable":true,"href":"https:\/\/www.claret.cat\/es\/wp-json\/wp\/v2\/product_tag?post=446479"}],"curies":[{"name":"wp","href":"https:\/\/api.w.org\/{rel}","templated":true}]}}