{"id":446512,"date":"2023-06-08T13:15:03","date_gmt":"2023-06-08T11:15:03","guid":{"rendered":"https:\/\/www.claret.cat\/llibre\/de-la-resistencia-a-la-independencia-9788412674460\/"},"modified":"2023-10-11T02:25:34","modified_gmt":"2023-10-11T00:25:34","slug":"de-la-resistencia-a-la-independencia-9788412674460","status":"publish","type":"product","link":"https:\/\/www.claret.cat\/es\/libro\/de-la-resistencia-a-la-independencia-9788412674460\/","title":{"rendered":"DE LA RESIST\u00c8NCIA A LA INDEPEND\u00c8NCIA"},"content":{"rendered":"<p>El moviment independentista mai havia estat tan determinat en la hist\u00f2ria recent de Catalunya. Els \u00e8xits dels \u00faltims anys encara no s&#8217;han culminat. Per\u00f2&#8230; qu\u00e8 se n&#8217;ha fet del mandat de l&#8217;1 d&#8217;octubre del 2017? Quina \u00e9s la posici\u00f3 dels partits i les entitats? Quins s\u00f3n els passos a seguir i quan hi haur\u00e0 un altre moment clau? Potser, la resposta a totes les preguntes rau a entendre qu\u00e8 \u00e9s el Consell de la Rep\u00fablica i per qu\u00e8 la instituci\u00f3 republicana ser\u00e0 fonamental per culminar l&#8217;objectiu d&#8217;alliberament nacional del poble catal\u00e0. Aquest llibre pret\u00e9n explicar amb tota mena de detalls i sense subterfugis, ni evitant la pol\u00e8mica i la picabaralla pol\u00edtica, qu\u00e8, qui, com, quan i per qu\u00e8 el Consell de la Rep\u00fablica pot ser el pal de paller que aglutini tot el moviment independentista i aix\u00ed poder assolir la independ\u00e8ncia de Catalunya.<\/p>\n","protected":false},"excerpt":{"rendered":"<p>SES\u00c9 LARA, GERARD<\/p>\n","protected":false},"featured_media":446513,"template":"","meta":{"_acf_changed":false,"om_disable_all_campaigns":false,"rs_blank_template":"","rs_page_bg_color":"","slide_template_v7":"","inline_featured_image":false,"_monsterinsights_skip_tracking":false,"_monsterinsights_sitenote_active":false,"_monsterinsights_sitenote_note":"","_monsterinsights_sitenote_category":0},"product_brand":[],"product_cat":[430,153],"product_tag":[],"class_list":{"0":"post-446512","1":"product","2":"type-product","3":"status-publish","4":"has-post-thumbnail","6":"product_cat-cataluna","7":"product_cat-catalunya","9":"first","10":"instock","11":"taxable","12":"shipping-taxable","13":"purchasable","14":"product-type-simple"},"acf":{"autor":"SES\u00c9 LARA, GERARD","codart":"841267446","libros-coleccion":"FORA DE COL.LECCI\u00d3","ediciones":"1","encuadernacion":"R\u00fastica","fecha_de_publicacion":"01\/04\/2023","novedad":"1","paginas":"168","subtitulo":"EL CONSELL DE LA REP\u00daBLICA DES DE DINS","orden":"0","portada":"0","idioma":"cat","editorial":[{"ID":147874,"post_author":"3","post_date":"2022-10-14 11:53:52","post_date_gmt":"2022-10-14 09:53:52","post_content":"","post_title":"EDICIONS CAL\u00b7LIGRAF","post_excerpt":"","post_status":"publish","comment_status":"closed","ping_status":"closed","post_password":"","post_name":"edicions-cal%c2%b7ligraf","to_ping":"","pinged":"","post_modified":"2022-10-14 11:53:52","post_modified_gmt":"2022-10-14 09:53:52","post_content_filtered":"","post_parent":0,"guid":"http:\/\/dev.claret.cat\/editorial\/edicions-cal%c2%b7ligraf\/","menu_order":0,"post_type":"editorial","post_mime_type":"","comment_count":"0","filter":"raw"}],"autores-libros":[{"ID":446519,"post_author":"3","post_date":"2023-06-08 13:25:39","post_date_gmt":"2023-06-08 11:25:39","post_content":"","post_title":"GERARD SES\u00c9 LARA","post_excerpt":"","post_status":"publish","comment_status":"closed","ping_status":"closed","post_password":"","post_name":"gerard-sese-lara","to_ping":"","pinged":"","post_modified":"2023-06-08 13:25:39","post_modified_gmt":"2023-06-08 11:25:39","post_content_filtered":"","post_parent":0,"guid":"https:\/\/www.claret.cat\/autor\/gerard-sese-lara\/","menu_order":0,"post_type":"autor","post_mime_type":"","comment_count":"0","filter":"raw"}]},"aioseo_notices":[],"_links":{"self":[{"href":"https:\/\/www.claret.cat\/es\/wp-json\/wp\/v2\/product\/446512","targetHints":{"allow":["GET"]}}],"collection":[{"href":"https:\/\/www.claret.cat\/es\/wp-json\/wp\/v2\/product"}],"about":[{"href":"https:\/\/www.claret.cat\/es\/wp-json\/wp\/v2\/types\/product"}],"wp:featuredmedia":[{"embeddable":true,"href":"https:\/\/www.claret.cat\/es\/wp-json\/wp\/v2\/media\/446513"}],"wp:attachment":[{"href":"https:\/\/www.claret.cat\/es\/wp-json\/wp\/v2\/media?parent=446512"}],"wp:term":[{"taxonomy":"product_brand","embeddable":true,"href":"https:\/\/www.claret.cat\/es\/wp-json\/wp\/v2\/product_brand?post=446512"},{"taxonomy":"product_cat","embeddable":true,"href":"https:\/\/www.claret.cat\/es\/wp-json\/wp\/v2\/product_cat?post=446512"},{"taxonomy":"product_tag","embeddable":true,"href":"https:\/\/www.claret.cat\/es\/wp-json\/wp\/v2\/product_tag?post=446512"}],"curies":[{"name":"wp","href":"https:\/\/api.w.org\/{rel}","templated":true}]}}