{"id":446556,"date":"2023-06-08T16:30:45","date_gmt":"2023-06-08T14:30:45","guid":{"rendered":"https:\/\/www.claret.cat\/llibre\/el-numero-uno-9788419581037\/"},"modified":"2023-10-11T01:48:13","modified_gmt":"2023-10-10T23:48:13","slug":"el-numero-uno-9788419581037","status":"publish","type":"product","link":"https:\/\/www.claret.cat\/es\/libro\/el-numero-uno-9788419581037\/","title":{"rendered":"EL N\u00daMERO UNO"},"content":{"rendered":"<p>Chuck Crawford es pol\u00edtico de profesi\u00f3n, sure\u00f1o, tramposo y ad\u00faltero. Dos Passos retrata al pol\u00edtico populista que inspirar\u00eda \u00abTodos los hombres del rey\u00bb de Penn Warren.<br \/> Homer T. Crawford es un aut\u00e9ntico animal pol\u00edtico. Es n\u00famero uno en popularidad, contactos y favores. N\u00famero uno tambi\u00e9n en corrupci\u00f3n, demagogia y esc\u00e1ndalos privados. Con la ayuda de un asesor de campa\u00f1a, consigue el cargo de senador y pronto aspirar\u00e1 a la presidencia de Estados Unidos. Como har\u00eda Robert Penn Warren con \u00abTodos los hombres del rey\u00bb, Dos Passos esboza en esta obra una \u00e1cida caricatura de la figura de Huey Long, senador del estado de Luisiana en los a\u00f1os 30, y de su mano emprende un tortuoso recorrido por los lodazales de la corrupta pol\u00edtica americana. Un relato en el que Crawford y sus secuaces saltan de las p\u00e1ginas del libro a las im\u00e1genes de nuestros telediarios sin tener que cambiarse de corbata.<br \/> CR\u00cdTICA<br \/> \u00abEl de Chuck T. Crawford es el retrato del demagogo m\u00e1s ruidoso y mejor descrito de la literatura estadounidense.\u00bb\u2014Time<br \/> \u00abCon la sensibilidad de un poeta, Dos Passos nos hace ver y sentir las calurosas tardes de las llanuras de Texas, el aire sofocante del valle del Potomac en una noche de verano, la humeante degradaci\u00f3n de las habitaciones de hotel en las que Chuck planea sus campa\u00f1as y olvida a su esposa y a sus hijos.\u00bb<br \/> The New York Times<\/p>\n","protected":false},"excerpt":{"rendered":"<p>DOS PASSOS, JOHN<\/p>\n","protected":false},"featured_media":446557,"template":"","meta":{"_acf_changed":false,"om_disable_all_campaigns":false,"rs_blank_template":"","rs_page_bg_color":"","slide_template_v7":"","inline_featured_image":false,"_monsterinsights_skip_tracking":false,"_monsterinsights_sitenote_active":false,"_monsterinsights_sitenote_note":"","_monsterinsights_sitenote_category":0},"product_brand":[],"product_cat":[127,357],"product_tag":[],"class_list":{"0":"post-446556","1":"product","2":"type-product","3":"status-publish","4":"has-post-thumbnail","6":"product_cat-novella-contemporania","7":"product_cat-novela-contemporanea","9":"first","10":"instock","11":"taxable","12":"shipping-taxable","13":"purchasable","14":"product-type-simple"},"acf":{"autor":"DOS PASSOS, JOHN","codart":"841958103","libros-coleccion":"Impedimenta","ediciones":"1","encuadernacion":"R\u00fastica","fecha_de_publicacion":"01\/06\/2023","novedad":"1","paginas":"256","subtitulo":"","orden":"0","portada":"0","idioma":"spa","editorial":[{"ID":262191,"post_author":"3","post_date":"2022-10-24 11:21:08","post_date_gmt":"2022-10-24 09:21:08","post_content":"","post_title":"IMPEDIMENTA, EDITORIAL","post_excerpt":"","post_status":"publish","comment_status":"closed","ping_status":"closed","post_password":"","post_name":"impedimenta-editorial-2","to_ping":"","pinged":"","post_modified":"2022-10-24 11:21:08","post_modified_gmt":"2022-10-24 09:21:08","post_content_filtered":"","post_parent":0,"guid":"http:\/\/dev.claret.cat\/editorial\/impedimenta-editorial-2\/","menu_order":0,"post_type":"editorial","post_mime_type":"","comment_count":"0","filter":"raw"}],"autores-libros":[{"ID":446555,"post_author":"3","post_date":"2023-06-08 16:30:36","post_date_gmt":"2023-06-08 14:30:36","post_content":"","post_title":"JOHN DOS PASSOS","post_excerpt":"","post_status":"publish","comment_status":"closed","ping_status":"closed","post_password":"","post_name":"john-dos-passos","to_ping":"","pinged":"","post_modified":"2023-06-08 16:30:36","post_modified_gmt":"2023-06-08 14:30:36","post_content_filtered":"","post_parent":0,"guid":"https:\/\/www.claret.cat\/autor\/john-dos-passos\/","menu_order":0,"post_type":"autor","post_mime_type":"","comment_count":"0","filter":"raw"}]},"aioseo_notices":[],"_links":{"self":[{"href":"https:\/\/www.claret.cat\/es\/wp-json\/wp\/v2\/product\/446556","targetHints":{"allow":["GET"]}}],"collection":[{"href":"https:\/\/www.claret.cat\/es\/wp-json\/wp\/v2\/product"}],"about":[{"href":"https:\/\/www.claret.cat\/es\/wp-json\/wp\/v2\/types\/product"}],"wp:featuredmedia":[{"embeddable":true,"href":"https:\/\/www.claret.cat\/es\/wp-json\/wp\/v2\/media\/446557"}],"wp:attachment":[{"href":"https:\/\/www.claret.cat\/es\/wp-json\/wp\/v2\/media?parent=446556"}],"wp:term":[{"taxonomy":"product_brand","embeddable":true,"href":"https:\/\/www.claret.cat\/es\/wp-json\/wp\/v2\/product_brand?post=446556"},{"taxonomy":"product_cat","embeddable":true,"href":"https:\/\/www.claret.cat\/es\/wp-json\/wp\/v2\/product_cat?post=446556"},{"taxonomy":"product_tag","embeddable":true,"href":"https:\/\/www.claret.cat\/es\/wp-json\/wp\/v2\/product_tag?post=446556"}],"curies":[{"name":"wp","href":"https:\/\/api.w.org\/{rel}","templated":true}]}}