{"id":446585,"date":"2023-06-08T17:25:38","date_gmt":"2023-06-08T15:25:38","guid":{"rendered":"https:\/\/www.claret.cat\/llibre\/guia-darbres-per-a-nois-i-noies-9788497915557\/"},"modified":"2026-02-13T19:30:20","modified_gmt":"2026-02-13T18:30:20","slug":"guia-darbres-per-a-nois-i-noies-9788497915557","status":"publish","type":"product","link":"https:\/\/www.claret.cat\/es\/libro\/guia-darbres-per-a-nois-i-noies-9788497915557\/","title":{"rendered":"GUIA D&#8221;ARBRES PER A NOIS I NOIES"},"content":{"rendered":"<p>La _Guia d&#8221;arbres per a nois noies_ \u00e9s moderna, innovadora, amb unes claus de classificaci\u00f3 senzilles i de f\u00e0cil maneig, que serveixen per poder identificar els arbres, acompanyades, a m\u00e9s a m\u00e9s, d&#8221;informaci\u00f3 suficient per saber interpretar les comunitats en qu\u00e8 s&#8221;agrupen i la seva significaci\u00f3 en el paisatge. La guia comen\u00e7a amb 10 temes monogr\u00e0fics que expliquen com s\u00f3n els arbres i cadascuna de les seves parts, les caracter\u00edstiques del paisatge i els trets m\u00e9s remarcables dels principals boscos del pa\u00eds. A continuaci\u00f3 inclou la descripci\u00f3 d&#8221;uns 50 arbres aut\u00f2ctons, acompanyades de dibuixos i fotografies. Tamb\u00e9 hi ha descrits 26 arbres plantats als parcs i als carrers i 15 arbres fruiters. N\u00faria Duran ha seleccionat els textos corresponents a curioses hist\u00f2ries relacionades amb els arbres, la utilitat de la fusta i altres virtuts i aplicacions medicinals i comestibles. Dedicat sobretot al jovent, per\u00f2 els no tan joves descobriran en aquest llibre un millor coneixement del medi natural i una motivaci\u00f3 per conservar-lo i estimar-lo.<\/p>\n","protected":false},"excerpt":{"rendered":"<p>PASCUAL LLUVI\u00c0, RAMON<\/p>\n","protected":false},"featured_media":1083830,"template":"","meta":{"_acf_changed":false,"om_disable_all_campaigns":false,"rs_blank_template":"","rs_page_bg_color":"","slide_template_v7":"","inline_featured_image":false,"_monsterinsights_skip_tracking":false,"_monsterinsights_sitenote_active":false,"_monsterinsights_sitenote_note":"","_monsterinsights_sitenote_category":0},"product_brand":[],"product_cat":[90,540],"product_tag":[],"class_list":{"0":"post-446585","1":"product","2":"type-product","3":"status-publish","4":"has-post-thumbnail","6":"product_cat-altres","7":"product_cat-otros","9":"first","10":"outofstock","11":"taxable","12":"shipping-taxable","13":"purchasable","14":"product-type-simple"},"acf":{"autor":"PASCUAL LLUVI\u00c0, RAMON","codart":"849791555","libros-coleccion":"Guies de camp per a nois i noies","ediciones":"1","encuadernacion":"R\u00fastica","fecha_de_publicacion":"01\/10\/2009","novedad":"0","paginas":"205","subtitulo":"PREMI CR\u00cdTICA 'SERRA D'OR JUVENIL (CONEIXEMENT) 2010","orden":"0","portada":"0","idioma":"cat","editorial":[{"ID":6171,"post_author":"3","post_date":"2022-07-28 17:46:25","post_date_gmt":"2022-07-28 15:46:25","post_content":"","post_title":"COSSETANIA EDICIONS","post_excerpt":"","post_status":"publish","comment_status":"closed","ping_status":"closed","post_password":"","post_name":"cossetania-edicions","to_ping":"","pinged":"","post_modified":"2022-07-28 17:46:25","post_modified_gmt":"2022-07-28 15:46:25","post_content_filtered":"","post_parent":0,"guid":"http:\/\/dev.claret.cat\/editorial\/cossetania-edicions\/","menu_order":0,"post_type":"editorial","post_mime_type":"","comment_count":"0","filter":"raw"}],"autores-libros":[{"ID":167744,"post_author":"3","post_date":"2022-10-14 18:13:40","post_date_gmt":"2022-10-14 16:13:40","post_content":"","post_title":"RAMON PASCUAL LLUVIA","post_excerpt":"","post_status":"publish","comment_status":"closed","ping_status":"closed","post_password":"","post_name":"ramon-pascual-lluvia","to_ping":"","pinged":"","post_modified":"2022-10-14 18:13:40","post_modified_gmt":"2022-10-14 16:13:40","post_content_filtered":"","post_parent":0,"guid":"http:\/\/dev.claret.cat\/autor\/ramon-pascual-lluvia\/","menu_order":0,"post_type":"autor","post_mime_type":"","comment_count":"0","filter":"raw"}],"booktrailer":"","resenas":""},"aioseo_notices":[],"_links":{"self":[{"href":"https:\/\/www.claret.cat\/es\/wp-json\/wp\/v2\/product\/446585","targetHints":{"allow":["GET"]}}],"collection":[{"href":"https:\/\/www.claret.cat\/es\/wp-json\/wp\/v2\/product"}],"about":[{"href":"https:\/\/www.claret.cat\/es\/wp-json\/wp\/v2\/types\/product"}],"wp:featuredmedia":[{"embeddable":true,"href":"https:\/\/www.claret.cat\/es\/wp-json\/wp\/v2\/media\/1083830"}],"wp:attachment":[{"href":"https:\/\/www.claret.cat\/es\/wp-json\/wp\/v2\/media?parent=446585"}],"wp:term":[{"taxonomy":"product_brand","embeddable":true,"href":"https:\/\/www.claret.cat\/es\/wp-json\/wp\/v2\/product_brand?post=446585"},{"taxonomy":"product_cat","embeddable":true,"href":"https:\/\/www.claret.cat\/es\/wp-json\/wp\/v2\/product_cat?post=446585"},{"taxonomy":"product_tag","embeddable":true,"href":"https:\/\/www.claret.cat\/es\/wp-json\/wp\/v2\/product_tag?post=446585"}],"curies":[{"name":"wp","href":"https:\/\/api.w.org\/{rel}","templated":true}]}}