{"id":446599,"date":"2023-06-09T12:31:00","date_gmt":"2023-06-09T10:31:00","guid":{"rendered":"https:\/\/www.claret.cat\/llibre\/la-conversion-de-don-juan-9788419431035\/"},"modified":"2023-10-11T02:25:11","modified_gmt":"2023-10-11T00:25:11","slug":"la-conversion-de-don-juan-9788419431035","status":"publish","type":"product","link":"https:\/\/www.claret.cat\/es\/libro\/la-conversion-de-don-juan-9788419431035\/","title":{"rendered":"LA CONVERSI\u00d3N DE DON JUAN"},"content":{"rendered":"<p>\u00bfCon qu\u00e9 rimaba mi temeridad de entonces para osar una continuaci\u00f3n del Don Juan de Moli\u00e8re y del Don Giovanni de Mozart? \u00bfCu\u00e1les eran mis motivaciones para lanzarme a una obra resueltamente cl\u00e1sica, no solo por su lenguaje, demasiado rico o demasiado demostrativo, sino tambi\u00e9n por su respeto de las tres unidades de lugar, de tiempo, y de acci\u00f3n? Ya no lo s\u00e9 muy bien. Me acuerdo de que hab\u00eda le\u00eddo otras continuaciones: el Saint Don Juan de Delteil me hab\u00eda encantado; el Miguel Ma\u00f1ara de Milosz me hab\u00eda decepcionado; la novela de M\u00e9rim\u00e9, Las Almas del Purgatorio me hab\u00eda abierto nuevas perspectivas. Cre\u00ed que todav\u00eda hab\u00eda espacio para intentar algo, en el que la conversi\u00f3n no fuese el fin de la comedia, sino el comienzo de lo tr\u00e1gico.<br \/>Del post-scriptum de Fabrice Hadjadj<\/p>\n<p>A\u00f1o 1600. El Oro del Siglo comienza a ennegrecer. En una noche en que la Media Luna brilla por encima de las cruces de nuestras iglesias, cual presagio del fin de la cristiandad triunfante de los Austrias, amenazada gravemente por su desmoronamiento interno desde la crisis protestante y por la amenaza turca, se re\u00fanen casualmente en Salamanca, en el claustro de un convento carmelita, los seis protagonistas de la obra. La conversi\u00f3n de Don Juan de Ma\u00f1ara, el burlador de Sevilla, su ingreso en los carmelitas descalzos y la dignidad sacerdotal recibida no deja indiferente a ninguno de ellos, quienes le cre\u00edan muerto desde hac\u00eda una d\u00e9cada. \u00bfSer\u00e1 esta conversi\u00f3n un siniestro augurio del paso de una cristiandad triunfante a un cristianismo m\u00edstico? \u00bfSer\u00e1 verdadera esta conversi\u00f3n, o una nueva estrategia del mujeriego para atrapar nuevas presas? Y si fuese sincera \u00bfaguantar\u00eda las tentaciones de una de sus antiguas v\u00edctimas que busca revancha?<\/p>\n","protected":false},"excerpt":{"rendered":"<p>HADJADJ, FABRICE<\/p>\n","protected":false},"featured_media":446600,"template":"","meta":{"_acf_changed":false,"om_disable_all_campaigns":false,"rs_blank_template":"","rs_page_bg_color":"","slide_template_v7":"","inline_featured_image":false,"_monsterinsights_skip_tracking":false,"_monsterinsights_sitenote_active":false,"_monsterinsights_sitenote_note":"","_monsterinsights_sitenote_category":0},"product_brand":[],"product_cat":[490,239,395,92,542,240],"product_tag":[],"class_list":{"0":"post-446599","1":"product","2":"type-product","3":"status-publish","4":"has-post-thumbnail","6":"product_cat-monastica-espiritualidad-1_espiritualidad","7":"product_cat-monastica","8":"product_cat-vida-religiosa-espiritualidad-1_espiritualidad","9":"product_cat-vida-religiosa","10":"product_cat-vida-religiosa-1_espiritualidad-spa","11":"product_cat-vida-religiosa-espiritualitat","13":"first","14":"instock","15":"taxable","16":"shipping-taxable","17":"purchasable","18":"product-type-simple"},"acf":{"editorial":[{"ID":6184,"post_author":"3","post_date":"2022-07-28 17:46:42","post_date_gmt":"2022-07-28 15:46:42","post_content":"","post_title":"Didaskalos","post_excerpt":"","post_status":"publish","comment_status":"closed","ping_status":"closed","post_password":"","post_name":"didaskalos","to_ping":"","pinged":"","post_modified":"2022-07-28 17:46:42","post_modified_gmt":"2022-07-28 15:46:42","post_content_filtered":"","post_parent":0,"guid":"http:\/\/dev.claret.cat\/editorial\/didaskalos\/","menu_order":0,"post_type":"editorial","post_mime_type":"","comment_count":"0","filter":"raw"}],"autores-libros":[{"ID":155615,"post_author":"3","post_date":"2022-10-14 15:14:15","post_date_gmt":"2022-10-14 13:14:15","post_content":"","post_title":"FABRICE HADJADJ","post_excerpt":"","post_status":"publish","comment_status":"closed","ping_status":"closed","post_password":"","post_name":"fabrice-hadjadj","to_ping":"","pinged":"","post_modified":"2022-10-14 15:14:15","post_modified_gmt":"2022-10-14 13:14:15","post_content_filtered":"","post_parent":0,"guid":"http:\/\/dev.claret.cat\/autor\/fabrice-hadjadj\/","menu_order":0,"post_type":"autor","post_mime_type":"","comment_count":"0","filter":"raw"}],"autor":"HADJADJ, FABRICE","codart":"841943103","libros-coleccion":"Didaskalos Literatura","ediciones":"1","encuadernacion":"R\u00fastica","fecha_de_publicacion":"01\/02\/2023","novedad":"1","paginas":"140","subtitulo":"","orden":"0","portada":"1","idioma":"spa"},"aioseo_notices":[],"_links":{"self":[{"href":"https:\/\/www.claret.cat\/es\/wp-json\/wp\/v2\/product\/446599","targetHints":{"allow":["GET"]}}],"collection":[{"href":"https:\/\/www.claret.cat\/es\/wp-json\/wp\/v2\/product"}],"about":[{"href":"https:\/\/www.claret.cat\/es\/wp-json\/wp\/v2\/types\/product"}],"wp:featuredmedia":[{"embeddable":true,"href":"https:\/\/www.claret.cat\/es\/wp-json\/wp\/v2\/media\/446600"}],"wp:attachment":[{"href":"https:\/\/www.claret.cat\/es\/wp-json\/wp\/v2\/media?parent=446599"}],"wp:term":[{"taxonomy":"product_brand","embeddable":true,"href":"https:\/\/www.claret.cat\/es\/wp-json\/wp\/v2\/product_brand?post=446599"},{"taxonomy":"product_cat","embeddable":true,"href":"https:\/\/www.claret.cat\/es\/wp-json\/wp\/v2\/product_cat?post=446599"},{"taxonomy":"product_tag","embeddable":true,"href":"https:\/\/www.claret.cat\/es\/wp-json\/wp\/v2\/product_tag?post=446599"}],"curies":[{"name":"wp","href":"https:\/\/api.w.org\/{rel}","templated":true}]}}