{"id":446661,"date":"2023-06-09T18:30:27","date_gmt":"2023-06-09T16:30:27","guid":{"rendered":"https:\/\/www.claret.cat\/llibre\/cuadernos-de-vacaciones-5-o-primaria-vacaciones-de-miedo-9788414002735\/"},"modified":"2023-10-11T02:24:55","modified_gmt":"2023-10-11T00:24:55","slug":"cuadernos-de-vacaciones-5-o-primaria-vacaciones-de-miedo-9788414002735","status":"publish","type":"product","link":"https:\/\/www.claret.cat\/es\/libro\/cuadernos-de-vacaciones-5-o-primaria-vacaciones-de-miedo-9788414002735\/","title":{"rendered":"CUADERNOS DE VACACIONES 5 \u00ba PRIMARIA-  VACACIONES DE MIEDO"},"content":{"rendered":"","protected":false},"excerpt":{"rendered":"<p>ROM\u00c1N GONZ\u00c1LEZ, JUAN ANTONIO<\/p>\n","protected":false},"featured_media":446662,"template":"","meta":{"_acf_changed":false,"om_disable_all_campaigns":false,"rs_blank_template":"","rs_page_bg_color":"","slide_template_v7":"","inline_featured_image":false,"_monsterinsights_skip_tracking":false,"_monsterinsights_sitenote_active":false,"_monsterinsights_sitenote_note":"","_monsterinsights_sitenote_category":0},"product_brand":[],"product_cat":[333,122],"product_tag":[],"class_list":{"0":"post-446661","1":"product","2":"type-product","3":"status-publish","4":"has-post-thumbnail","6":"product_cat-cuadernos-de-vacaciones","7":"product_cat-quaderns-de-vacances","9":"first","10":"instock","11":"taxable","12":"shipping-taxable","13":"purchasable","14":"product-type-simple"},"acf":{"editorial":[{"ID":6229,"post_author":"3","post_date":"2022-07-28 17:47:40","post_date_gmt":"2022-07-28 15:47:40","post_content":"","post_title":"Editorial Luis Vives (Edelvives)","post_excerpt":"","post_status":"publish","comment_status":"closed","ping_status":"closed","post_password":"","post_name":"editorial-luis-vives-edelvives","to_ping":"","pinged":"","post_modified":"2022-07-28 17:47:40","post_modified_gmt":"2022-07-28 15:47:40","post_content_filtered":"","post_parent":0,"guid":"http:\/\/dev.claret.cat\/editorial\/editorial-luis-vives-edelvives\/","menu_order":0,"post_type":"editorial","post_mime_type":"","comment_count":"0","filter":"raw"}],"autores-libros":[{"ID":446660,"post_author":"3","post_date":"2023-06-09 18:30:25","post_date_gmt":"2023-06-09 16:30:25","post_content":"","post_title":"JUAN ANTONIO ROM\u00c1N GONZ\u00c1LEZ","post_excerpt":"","post_status":"publish","comment_status":"closed","ping_status":"closed","post_password":"","post_name":"juan-antonio-roman-gonzalez","to_ping":"","pinged":"","post_modified":"2023-06-09 18:30:25","post_modified_gmt":"2023-06-09 16:30:25","post_content_filtered":"","post_parent":0,"guid":"https:\/\/www.claret.cat\/autor\/juan-antonio-roman-gonzalez\/","menu_order":0,"post_type":"autor","post_mime_type":"","comment_count":"0","filter":"raw"}],"autor":"ROM\u00c1N GONZ\u00c1LEZ, JUAN ANTONIO","codart":"841400273","libros-coleccion":"VACACIONES","ediciones":"1","encuadernacion":"R\u00fastica","fecha_de_publicacion":"01\/05\/2016","novedad":"1","paginas":"96","subtitulo":"","orden":"0","portada":"0","idioma":"spa"},"aioseo_notices":[],"_links":{"self":[{"href":"https:\/\/www.claret.cat\/es\/wp-json\/wp\/v2\/product\/446661","targetHints":{"allow":["GET"]}}],"collection":[{"href":"https:\/\/www.claret.cat\/es\/wp-json\/wp\/v2\/product"}],"about":[{"href":"https:\/\/www.claret.cat\/es\/wp-json\/wp\/v2\/types\/product"}],"wp:featuredmedia":[{"embeddable":true,"href":"https:\/\/www.claret.cat\/es\/wp-json\/wp\/v2\/media\/446662"}],"wp:attachment":[{"href":"https:\/\/www.claret.cat\/es\/wp-json\/wp\/v2\/media?parent=446661"}],"wp:term":[{"taxonomy":"product_brand","embeddable":true,"href":"https:\/\/www.claret.cat\/es\/wp-json\/wp\/v2\/product_brand?post=446661"},{"taxonomy":"product_cat","embeddable":true,"href":"https:\/\/www.claret.cat\/es\/wp-json\/wp\/v2\/product_cat?post=446661"},{"taxonomy":"product_tag","embeddable":true,"href":"https:\/\/www.claret.cat\/es\/wp-json\/wp\/v2\/product_tag?post=446661"}],"curies":[{"name":"wp","href":"https:\/\/api.w.org\/{rel}","templated":true}]}}