{"id":446745,"date":"2023-06-10T13:31:26","date_gmt":"2023-06-10T11:31:26","guid":{"rendered":"https:\/\/www.claret.cat\/llibre\/brian-mcneill-4-anonimos-9788468363806\/"},"modified":"2024-02-08T12:14:52","modified_gmt":"2024-02-08T11:14:52","slug":"brian-mcneill-4-anonimos-9788468363806","status":"publish","type":"product","link":"https:\/\/www.claret.cat\/es\/libro\/brian-mcneill-4-anonimos-9788468363806\/","title":{"rendered":"BRIAN MCNEILL 4: AN\u00d3NIMOS"},"content":{"rendered":"<p>Aill es el nombre de una peque\u00f1a aldea irlandesa en la que viven unos curiosos vecinos. Brian Mcneill es el mejor ejemplo; tiene doce a\u00f1os y el pelo cortado a cazo. Y Asperger. El Asperger es un trastorno del espectro autista. En total en Aill son cincuenta habitantes. Podr\u00eda pensarse que en un sitio as\u00ed nunca pasa nada. Sin embargo, no dejaban de ocurrir hechos extra\u00f1os y misteriosos. Y parece que la racha va a continuar. Al menos, eso se dijo el agente Declan cuando Brian le despert\u00f3 un s\u00e1bado por la ma\u00f1ana para anunciarle que hab\u00eda encontrado un posible fiambre en la playa durante uno de sus paseos?  \u00a1HUMOR A RAUDALES E INTRIGA EN ESTA DELIRANTE AVENTURA PROTAGONIZADA POR PERROS Y HUMANOS!<\/p>\n","protected":false},"excerpt":{"rendered":"<p>OS\u00c9S GARC\u00cdA, BEATRIZ<\/p>\n","protected":false},"featured_media":446746,"template":"","meta":{"_acf_changed":false,"om_disable_all_campaigns":false,"rs_blank_template":"","rs_page_bg_color":"","slide_template_v7":"","inline_featured_image":false,"_monsterinsights_skip_tracking":false,"_monsterinsights_sitenote_active":false,"_monsterinsights_sitenote_note":"","_monsterinsights_sitenote_category":0},"product_brand":[],"product_cat":[133,363],"product_tag":[],"class_list":{"0":"post-446745","1":"product","2":"type-product","3":"status-publish","4":"has-post-thumbnail","6":"product_cat-lectures-per-adolescents-12-18-anys","7":"product_cat-lecturas-por-adolescentes-12-18-anos","9":"first","10":"instock","11":"taxable","12":"shipping-taxable","13":"purchasable","14":"product-type-simple"},"acf":{"editorial":[{"ID":6193,"post_author":"3","post_date":"2022-07-28 17:46:53","post_date_gmt":"2022-07-28 15:46:53","post_content":"","post_title":"EDEBE GUADIEL","post_excerpt":"","post_status":"publish","comment_status":"closed","ping_status":"closed","post_password":"","post_name":"edebe-guadiel","to_ping":"","pinged":"","post_modified":"2022-07-28 17:46:53","post_modified_gmt":"2022-07-28 15:46:53","post_content_filtered":"","post_parent":0,"guid":"http:\/\/dev.claret.cat\/editorial\/edebe-guadiel\/","menu_order":0,"post_type":"editorial","post_mime_type":"","comment_count":"0","filter":"raw"}],"autores-libros":[{"ID":151451,"post_author":"3","post_date":"2022-10-14 14:40:59","post_date_gmt":"2022-10-14 12:40:59","post_content":"","post_title":"BEATRIZ OSES GARC\u00cdA","post_excerpt":"","post_status":"publish","comment_status":"closed","ping_status":"closed","post_password":"","post_name":"beatriz-oses-garcia","to_ping":"","pinged":"","post_modified":"2022-10-14 14:40:59","post_modified_gmt":"2022-10-14 12:40:59","post_content_filtered":"","post_parent":0,"guid":"http:\/\/dev.claret.cat\/autor\/beatriz-oses-garcia\/","menu_order":0,"post_type":"autor","post_mime_type":"","comment_count":"0","filter":"raw"}],"autor":"OS\u00c9S GARC\u00cdA, BEATRIZ","codart":"846836380","libros-coleccion":"FORA DE COL.LECCI\u00d3","ediciones":"1","encuadernacion":"R\u00fastica","fecha_de_publicacion":"01\/05\/2023","novedad":"1","paginas":"146","subtitulo":"","orden":"0","portada":"0","idioma":"spa"},"aioseo_notices":[],"_links":{"self":[{"href":"https:\/\/www.claret.cat\/es\/wp-json\/wp\/v2\/product\/446745","targetHints":{"allow":["GET"]}}],"collection":[{"href":"https:\/\/www.claret.cat\/es\/wp-json\/wp\/v2\/product"}],"about":[{"href":"https:\/\/www.claret.cat\/es\/wp-json\/wp\/v2\/types\/product"}],"wp:featuredmedia":[{"embeddable":true,"href":"https:\/\/www.claret.cat\/es\/wp-json\/wp\/v2\/media\/446746"}],"wp:attachment":[{"href":"https:\/\/www.claret.cat\/es\/wp-json\/wp\/v2\/media?parent=446745"}],"wp:term":[{"taxonomy":"product_brand","embeddable":true,"href":"https:\/\/www.claret.cat\/es\/wp-json\/wp\/v2\/product_brand?post=446745"},{"taxonomy":"product_cat","embeddable":true,"href":"https:\/\/www.claret.cat\/es\/wp-json\/wp\/v2\/product_cat?post=446745"},{"taxonomy":"product_tag","embeddable":true,"href":"https:\/\/www.claret.cat\/es\/wp-json\/wp\/v2\/product_tag?post=446745"}],"curies":[{"name":"wp","href":"https:\/\/api.w.org\/{rel}","templated":true}]}}