{"id":446751,"date":"2023-06-10T13:35:03","date_gmt":"2023-06-10T11:35:03","guid":{"rendered":"https:\/\/www.claret.cat\/llibre\/brian-mcneill-3-panicus-9788468356419\/"},"modified":"2024-02-08T12:27:00","modified_gmt":"2024-02-08T11:27:00","slug":"brian-mcneill-3-panicus-9788468356419","status":"publish","type":"product","link":"https:\/\/www.claret.cat\/es\/libro\/brian-mcneill-3-panicus-9788468356419\/","title":{"rendered":"BRIAN MCNEILL 3: P\u00c1NICUS"},"content":{"rendered":"<p>Aill es el nombre de una peque\u00f1a aldea irlandesa en la que viven unos curiosos vecinos. Brian Mcneill es el mejor ejemplo; tiene doce a\u00f1os y el pelo cortado a cazo. Y Asperger. El Asperger es un trastorno del espectro autista. En total en Aill son cincuenta habitantes. Puede parecer que en un sitio as\u00ed nunca pasa nada?  Sin embargo, cuando la dama de negro hace su aparici\u00f3n en el pueblo, todos entran en p\u00e1nico. \u00bfA qui\u00e9n ha venido a buscar?   HUMOR E INTRIGA EN UNA INQUIETANTE HISTORIA DE TERROR: \u00a1PORQUE PASAR MIEDO TAMBI\u00c9N PUEDE SER MUY DIVERTIDO!<\/p>\n","protected":false},"excerpt":{"rendered":"<p>OS\u00c9S GARC\u00cdA, BEATRIZ<\/p>\n","protected":false},"featured_media":446752,"template":"","meta":{"_acf_changed":false,"om_disable_all_campaigns":false,"rs_blank_template":"","rs_page_bg_color":"","slide_template_v7":"","inline_featured_image":false,"_monsterinsights_skip_tracking":false,"_monsterinsights_sitenote_active":false,"_monsterinsights_sitenote_note":"","_monsterinsights_sitenote_category":0},"product_brand":[],"product_cat":[90,540],"product_tag":[],"class_list":{"0":"post-446751","1":"product","2":"type-product","3":"status-publish","4":"has-post-thumbnail","6":"product_cat-altres","7":"product_cat-otros","9":"first","10":"instock","11":"taxable","12":"shipping-taxable","13":"purchasable","14":"product-type-simple"},"acf":{"editorial":[{"ID":6193,"post_author":"3","post_date":"2022-07-28 17:46:53","post_date_gmt":"2022-07-28 15:46:53","post_content":"","post_title":"EDEBE GUADIEL","post_excerpt":"","post_status":"publish","comment_status":"closed","ping_status":"closed","post_password":"","post_name":"edebe-guadiel","to_ping":"","pinged":"","post_modified":"2022-07-28 17:46:53","post_modified_gmt":"2022-07-28 15:46:53","post_content_filtered":"","post_parent":0,"guid":"http:\/\/dev.claret.cat\/editorial\/edebe-guadiel\/","menu_order":0,"post_type":"editorial","post_mime_type":"","comment_count":"0","filter":"raw"}],"autores-libros":[{"ID":151451,"post_author":"3","post_date":"2022-10-14 14:40:59","post_date_gmt":"2022-10-14 12:40:59","post_content":"","post_title":"BEATRIZ OSES GARC\u00cdA","post_excerpt":"","post_status":"publish","comment_status":"closed","ping_status":"closed","post_password":"","post_name":"beatriz-oses-garcia","to_ping":"","pinged":"","post_modified":"2022-10-14 14:40:59","post_modified_gmt":"2022-10-14 12:40:59","post_content_filtered":"","post_parent":0,"guid":"http:\/\/dev.claret.cat\/autor\/beatriz-oses-garcia\/","menu_order":0,"post_type":"autor","post_mime_type":"","comment_count":"0","filter":"raw"}],"autor":"OS\u00c9S GARC\u00cdA, BEATRIZ","codart":"846835641","libros-coleccion":"FORA DE COL.LECCI\u00d3","ediciones":"1","encuadernacion":"R\u00fastica","fecha_de_publicacion":"01\/05\/2022","novedad":"1","paginas":"140","subtitulo":"","orden":"0","portada":"0","idioma":"spa"},"aioseo_notices":[],"_links":{"self":[{"href":"https:\/\/www.claret.cat\/es\/wp-json\/wp\/v2\/product\/446751","targetHints":{"allow":["GET"]}}],"collection":[{"href":"https:\/\/www.claret.cat\/es\/wp-json\/wp\/v2\/product"}],"about":[{"href":"https:\/\/www.claret.cat\/es\/wp-json\/wp\/v2\/types\/product"}],"wp:featuredmedia":[{"embeddable":true,"href":"https:\/\/www.claret.cat\/es\/wp-json\/wp\/v2\/media\/446752"}],"wp:attachment":[{"href":"https:\/\/www.claret.cat\/es\/wp-json\/wp\/v2\/media?parent=446751"}],"wp:term":[{"taxonomy":"product_brand","embeddable":true,"href":"https:\/\/www.claret.cat\/es\/wp-json\/wp\/v2\/product_brand?post=446751"},{"taxonomy":"product_cat","embeddable":true,"href":"https:\/\/www.claret.cat\/es\/wp-json\/wp\/v2\/product_cat?post=446751"},{"taxonomy":"product_tag","embeddable":true,"href":"https:\/\/www.claret.cat\/es\/wp-json\/wp\/v2\/product_tag?post=446751"}],"curies":[{"name":"wp","href":"https:\/\/api.w.org\/{rel}","templated":true}]}}