{"id":446802,"date":"2023-06-12T12:30:04","date_gmt":"2023-06-12T10:30:04","guid":{"rendered":"https:\/\/www.claret.cat\/llibre\/amor-9788417786519\/"},"modified":"2026-01-28T13:09:02","modified_gmt":"2026-01-28T12:09:02","slug":"amor-9788417786519","status":"publish","type":"product","link":"https:\/\/www.claret.cat\/es\/libro\/amor-9788417786519\/","title":{"rendered":"AMOR"},"content":{"rendered":"<p>\u00bfHablan de un mismo sentimiento o de sentimientos diversos? \u00bfDe una virtud o de una fuente de sufrimiento? \u00bfEs un sentimiento universal? \u00bfEst\u00e1 m\u00e1s bien relacionado con la \u00e9poca? \u00bfSe puede aprender a amar? Si, como dijo el escritor franc\u00e9s Stendhal, \u00abel amor es una flor que crece junto al abismo\u00bb,  intuimos que hablar de \u00e9l no va a ser una tarea sencilla, a pesar de ser algo tan cotidiano, tan humano, que afecta de lleno a todos, independientemente de la ideolog\u00eda, el sexo, el lugar de origen, las creencias, el nivel econ\u00f3mico y cultural? El amor se convierte en pregunta m\u00e1s que en respuestas a cada paso que damos indagando en lo que los fil\u00f3sofos han dicho y escrito sobre \u00e9l a lo largo de la historia.<\/p>\n","protected":false},"excerpt":{"rendered":"<p>FILCO<\/p>\n","protected":false},"featured_media":446803,"template":"","meta":{"_acf_changed":false,"om_disable_all_campaigns":false,"rs_blank_template":"","rs_page_bg_color":"","slide_template_v7":"","inline_featured_image":false,"_monsterinsights_skip_tracking":false,"_monsterinsights_sitenote_active":false,"_monsterinsights_sitenote_note":"","_monsterinsights_sitenote_category":0},"product_brand":[],"product_cat":[373,166],"product_tag":[],"class_list":{"0":"post-446802","1":"product","2":"type-product","3":"status-publish","4":"has-post-thumbnail","6":"product_cat-autores","7":"product_cat-autors-filosofia","9":"first","10":"instock","11":"taxable","12":"shipping-taxable","13":"purchasable","14":"product-type-simple"},"acf":{"editorial":[{"ID":148859,"post_author":"3","post_date":"2022-10-14 12:01:33","post_date_gmt":"2022-10-14 10:01:33","post_content":"","post_title":"TAUGENIT","post_excerpt":"","post_status":"publish","comment_status":"closed","ping_status":"closed","post_password":"","post_name":"taugenit","to_ping":"","pinged":"","post_modified":"2022-10-14 12:01:33","post_modified_gmt":"2022-10-14 10:01:33","post_content_filtered":"","post_parent":0,"guid":"http:\/\/dev.claret.cat\/editorial\/taugenit\/","menu_order":0,"post_type":"editorial","post_mime_type":"","comment_count":"0","filter":"raw"}],"autores-libros":[{"ID":155929,"post_author":"3","post_date":"2022-10-14 15:16:45","post_date_gmt":"2022-10-14 13:16:45","post_content":"","post_title":"FILCO","post_excerpt":"","post_status":"publish","comment_status":"closed","ping_status":"closed","post_password":"","post_name":"filco","to_ping":"","pinged":"","post_modified":"2022-10-14 15:16:45","post_modified_gmt":"2022-10-14 13:16:45","post_content_filtered":"","post_parent":0,"guid":"http:\/\/dev.claret.cat\/autor\/filco\/","menu_order":0,"post_type":"autor","post_mime_type":"","comment_count":"0","filter":"raw"}],"autor":"FILCO","codart":"841778651","libros-coleccion":"FORA DE COL.LECCI\u00d3","ediciones":"1","encuadernacion":"Carpeta","fecha_de_publicacion":"01\/05\/2021","novedad":"1","paginas":"72","subtitulo":"","orden":"0","portada":"0","idioma":"spa","booktrailer":"","resenas":""},"aioseo_notices":[],"_links":{"self":[{"href":"https:\/\/www.claret.cat\/es\/wp-json\/wp\/v2\/product\/446802","targetHints":{"allow":["GET"]}}],"collection":[{"href":"https:\/\/www.claret.cat\/es\/wp-json\/wp\/v2\/product"}],"about":[{"href":"https:\/\/www.claret.cat\/es\/wp-json\/wp\/v2\/types\/product"}],"wp:featuredmedia":[{"embeddable":true,"href":"https:\/\/www.claret.cat\/es\/wp-json\/wp\/v2\/media\/446803"}],"wp:attachment":[{"href":"https:\/\/www.claret.cat\/es\/wp-json\/wp\/v2\/media?parent=446802"}],"wp:term":[{"taxonomy":"product_brand","embeddable":true,"href":"https:\/\/www.claret.cat\/es\/wp-json\/wp\/v2\/product_brand?post=446802"},{"taxonomy":"product_cat","embeddable":true,"href":"https:\/\/www.claret.cat\/es\/wp-json\/wp\/v2\/product_cat?post=446802"},{"taxonomy":"product_tag","embeddable":true,"href":"https:\/\/www.claret.cat\/es\/wp-json\/wp\/v2\/product_tag?post=446802"}],"curies":[{"name":"wp","href":"https:\/\/api.w.org\/{rel}","templated":true}]}}