{"id":446808,"date":"2023-06-12T12:35:03","date_gmt":"2023-06-12T10:35:03","guid":{"rendered":"https:\/\/www.claret.cat\/llibre\/zambrano-9788417786564\/"},"modified":"2026-01-28T13:09:21","modified_gmt":"2026-01-28T12:09:21","slug":"zambrano-9788417786564","status":"publish","type":"product","link":"https:\/\/www.claret.cat\/es\/libro\/zambrano-9788417786564\/","title":{"rendered":"ZAMBRANO"},"content":{"rendered":"<p>Siempre extra\u00eda lo claro de lo oscuro, y amaba la claridad haci\u00e9ndola, no d\u00e1ndola ya por sabida. Esta es la sabidur\u00eda que encierra la obra de Mar\u00eda Zambrano, un caminar filos\u00f3fico que a\u00fana filosof\u00eda y poes\u00eda en el desvelamiento paulatino de la realidad y sus m\u00e1s hondos misterios. El estudio de Zambrano sigue alumbrando todav\u00eda hoy nuevas interpretaciones y caminos por horadar para la historia del pensamiento. El presente volumen nos acerca a las claves del pensamiento de la pensadora malague\u00f1a, e incluye una entrevista a Joaqu\u00edn Verd\u00fa de Gregorio, disc\u00edpulo y experto en la fil\u00f3sofa.<\/p>\n","protected":false},"excerpt":{"rendered":"<p>FILCO<\/p>\n","protected":false},"featured_media":446809,"template":"","meta":{"_acf_changed":false,"om_disable_all_campaigns":false,"rs_blank_template":"","rs_page_bg_color":"","slide_template_v7":"","inline_featured_image":false,"_monsterinsights_skip_tracking":false,"_monsterinsights_sitenote_active":false,"_monsterinsights_sitenote_note":"","_monsterinsights_sitenote_category":0},"product_brand":[],"product_cat":[373,166],"product_tag":[],"class_list":{"0":"post-446808","1":"product","2":"type-product","3":"status-publish","4":"has-post-thumbnail","6":"product_cat-autores","7":"product_cat-autors-filosofia","9":"first","10":"instock","11":"taxable","12":"shipping-taxable","13":"purchasable","14":"product-type-simple"},"acf":{"editorial":[{"ID":148859,"post_author":"3","post_date":"2022-10-14 12:01:33","post_date_gmt":"2022-10-14 10:01:33","post_content":"","post_title":"TAUGENIT","post_excerpt":"","post_status":"publish","comment_status":"closed","ping_status":"closed","post_password":"","post_name":"taugenit","to_ping":"","pinged":"","post_modified":"2022-10-14 12:01:33","post_modified_gmt":"2022-10-14 10:01:33","post_content_filtered":"","post_parent":0,"guid":"http:\/\/dev.claret.cat\/editorial\/taugenit\/","menu_order":0,"post_type":"editorial","post_mime_type":"","comment_count":"0","filter":"raw"}],"autores-libros":[{"ID":155929,"post_author":"3","post_date":"2022-10-14 15:16:45","post_date_gmt":"2022-10-14 13:16:45","post_content":"","post_title":"FILCO","post_excerpt":"","post_status":"publish","comment_status":"closed","ping_status":"closed","post_password":"","post_name":"filco","to_ping":"","pinged":"","post_modified":"2022-10-14 15:16:45","post_modified_gmt":"2022-10-14 13:16:45","post_content_filtered":"","post_parent":0,"guid":"http:\/\/dev.claret.cat\/autor\/filco\/","menu_order":0,"post_type":"autor","post_mime_type":"","comment_count":"0","filter":"raw"}],"autor":"FILCO","codart":"841778656","libros-coleccion":"FORA DE COL.LECCI\u00d3","ediciones":"1","encuadernacion":"Carpeta","fecha_de_publicacion":"01\/01\/2022","novedad":"1","paginas":"80","subtitulo":"","orden":"0","portada":"0","idioma":"spa","booktrailer":"","resenas":""},"aioseo_notices":[],"_links":{"self":[{"href":"https:\/\/www.claret.cat\/es\/wp-json\/wp\/v2\/product\/446808","targetHints":{"allow":["GET"]}}],"collection":[{"href":"https:\/\/www.claret.cat\/es\/wp-json\/wp\/v2\/product"}],"about":[{"href":"https:\/\/www.claret.cat\/es\/wp-json\/wp\/v2\/types\/product"}],"wp:featuredmedia":[{"embeddable":true,"href":"https:\/\/www.claret.cat\/es\/wp-json\/wp\/v2\/media\/446809"}],"wp:attachment":[{"href":"https:\/\/www.claret.cat\/es\/wp-json\/wp\/v2\/media?parent=446808"}],"wp:term":[{"taxonomy":"product_brand","embeddable":true,"href":"https:\/\/www.claret.cat\/es\/wp-json\/wp\/v2\/product_brand?post=446808"},{"taxonomy":"product_cat","embeddable":true,"href":"https:\/\/www.claret.cat\/es\/wp-json\/wp\/v2\/product_cat?post=446808"},{"taxonomy":"product_tag","embeddable":true,"href":"https:\/\/www.claret.cat\/es\/wp-json\/wp\/v2\/product_tag?post=446808"}],"curies":[{"name":"wp","href":"https:\/\/api.w.org\/{rel}","templated":true}]}}