{"id":446811,"date":"2023-06-12T12:35:41","date_gmt":"2023-06-12T10:35:41","guid":{"rendered":"https:\/\/www.claret.cat\/llibre\/transhumanismo-taugenit-9788417786397\/"},"modified":"2026-01-28T13:08:27","modified_gmt":"2026-01-28T12:08:27","slug":"transhumanismo-taugenit-9788417786397","status":"publish","type":"product","link":"https:\/\/www.claret.cat\/es\/libro\/transhumanismo-taugenit-9788417786397\/","title":{"rendered":"TRANSHUMANISMO (TAUGENIT)"},"content":{"rendered":"<p>Se ha definido como la filosof\u00eda de moda, la cosmovisi\u00f3n de la \u00e9poca moderna, la utop\u00eda del momento&#8230; Pero \u00bfqu\u00e9 es el transhumanismo? Nos adentramos en el movimiento revolucionario que promete cambiar por completo el futuro de la especie humana. Y ya no es ciencia ficci\u00f3n. El t\u00e9rmino transhumanismo fue acu\u00f1ado en 1927 por el brit\u00e1nico Julian Huxley, bi\u00f3logo y eugenista ?quien estudia y aplica las leyes biol\u00f3gicas de la herencia para el perfeccionamiento del ser humano?, para denominar la creencia, novedosa entonces, de que el ser humano posee la capacidad de trascenderse a s\u00ed mismo. \u00bfQu\u00e9 significa esto? Que el ser humano podr\u00eda tener un papel activo en su propia evoluci\u00f3n como especie. Como explica el professor Antonio  Di\u00e9guez, el discurso transhumanista es aquel que nos dice que la ciencia ficci\u00f3n ya no es, como hace unos a\u00f1os, un simple g\u00e9nero literario o cinematogr\u00e1fico, sino algo real. Asegura, b\u00e1sicamente, que la ciencia ser\u00e1 capaz en no demasiados a\u00f1os de poner a nuestro alcance cosas que hoy nos parecen cosa de la imaginaci\u00f3n.<\/p>\n","protected":false},"excerpt":{"rendered":"<p>FILCO<\/p>\n","protected":false},"featured_media":446812,"template":"","meta":{"_acf_changed":false,"om_disable_all_campaigns":false,"rs_blank_template":"","rs_page_bg_color":"","slide_template_v7":"","inline_featured_image":false,"_monsterinsights_skip_tracking":false,"_monsterinsights_sitenote_active":false,"_monsterinsights_sitenote_note":"","_monsterinsights_sitenote_category":0},"product_brand":[],"product_cat":[90,540],"product_tag":[],"class_list":{"0":"post-446811","1":"product","2":"type-product","3":"status-publish","4":"has-post-thumbnail","6":"product_cat-altres","7":"product_cat-otros","9":"first","10":"instock","11":"taxable","12":"shipping-taxable","13":"purchasable","14":"product-type-simple"},"acf":{"editorial":[{"ID":148859,"post_author":"3","post_date":"2022-10-14 12:01:33","post_date_gmt":"2022-10-14 10:01:33","post_content":"","post_title":"TAUGENIT","post_excerpt":"","post_status":"publish","comment_status":"closed","ping_status":"closed","post_password":"","post_name":"taugenit","to_ping":"","pinged":"","post_modified":"2022-10-14 12:01:33","post_modified_gmt":"2022-10-14 10:01:33","post_content_filtered":"","post_parent":0,"guid":"http:\/\/dev.claret.cat\/editorial\/taugenit\/","menu_order":0,"post_type":"editorial","post_mime_type":"","comment_count":"0","filter":"raw"}],"autores-libros":[{"ID":155929,"post_author":"3","post_date":"2022-10-14 15:16:45","post_date_gmt":"2022-10-14 13:16:45","post_content":"","post_title":"FILCO","post_excerpt":"","post_status":"publish","comment_status":"closed","ping_status":"closed","post_password":"","post_name":"filco","to_ping":"","pinged":"","post_modified":"2022-10-14 15:16:45","post_modified_gmt":"2022-10-14 13:16:45","post_content_filtered":"","post_parent":0,"guid":"http:\/\/dev.claret.cat\/autor\/filco\/","menu_order":0,"post_type":"autor","post_mime_type":"","comment_count":"0","filter":"raw"}],"autor":"FILCO","codart":"841778639","libros-coleccion":"FORA DE COL.LECCI\u00d3","ediciones":"1","encuadernacion":"Carpeta","fecha_de_publicacion":"01\/03\/2021","novedad":"1","paginas":"96","subtitulo":"","orden":"0","portada":"0","idioma":"spa","booktrailer":"","resenas":""},"aioseo_notices":[],"_links":{"self":[{"href":"https:\/\/www.claret.cat\/es\/wp-json\/wp\/v2\/product\/446811","targetHints":{"allow":["GET"]}}],"collection":[{"href":"https:\/\/www.claret.cat\/es\/wp-json\/wp\/v2\/product"}],"about":[{"href":"https:\/\/www.claret.cat\/es\/wp-json\/wp\/v2\/types\/product"}],"wp:featuredmedia":[{"embeddable":true,"href":"https:\/\/www.claret.cat\/es\/wp-json\/wp\/v2\/media\/446812"}],"wp:attachment":[{"href":"https:\/\/www.claret.cat\/es\/wp-json\/wp\/v2\/media?parent=446811"}],"wp:term":[{"taxonomy":"product_brand","embeddable":true,"href":"https:\/\/www.claret.cat\/es\/wp-json\/wp\/v2\/product_brand?post=446811"},{"taxonomy":"product_cat","embeddable":true,"href":"https:\/\/www.claret.cat\/es\/wp-json\/wp\/v2\/product_cat?post=446811"},{"taxonomy":"product_tag","embeddable":true,"href":"https:\/\/www.claret.cat\/es\/wp-json\/wp\/v2\/product_tag?post=446811"}],"curies":[{"name":"wp","href":"https:\/\/api.w.org\/{rel}","templated":true}]}}