{"id":446884,"date":"2023-06-12T16:25:15","date_gmt":"2023-06-12T14:25:15","guid":{"rendered":"https:\/\/www.claret.cat\/llibre\/que-queremos-decir-cuando-decimos-infierno-9788429311662\/"},"modified":"2024-12-11T13:31:40","modified_gmt":"2024-12-11T12:31:40","slug":"que-queremos-decir-cuando-decimos-infierno-9788429311662","status":"publish","type":"product","link":"https:\/\/www.claret.cat\/es\/libro\/que-queremos-decir-cuando-decimos-infierno-9788429311662\/","title":{"rendered":"\u00bfQU\u00c9 QUEREMOS DECIR CUANDO DECIMOS INFIERNO?"},"content":{"rendered":"<p>Del Infierno se habla poco, afortunadamente, por que bastantes estragos ha ocasionado, sobre todo cuando se ha apelado al miedo. Pero callar tampoco es sano, porque tal vez se ataje el mal inmediato, pero a cambio del vac\u00edo.<\/p>\n<p>Frente a ambas posturas, ANDR\u00c9S TORRES QUEIRUGA reacciona ofreci\u00e9ndonos una reflexi\u00f3n rigurosa sobre el Infierno, con palabras que enganchan que afecta a todos: ning\u00fan creyente puede escapar a sus interrogantes, porque, en un momento y otro cada cual acaba vi\u00e9ndose obligado a buscar la manera de que la comprensi\u00f3n de este concepto no rompa la coherencia de la fe ni envenene las fuentes de la vivencia personal. Justamente \u00e9sa es la preocupaci\u00f3n de estas p\u00e1ginas, que afrontan las preguntas que de verdad interesan y desarrolla el problema desde dentro, huyendo de todo &#8216;adoctrinamiento&#8217; desde fuera. El autor afronta la tarea, con sobriedad y claridad, desde lo que \u00e9l mismo llama &#8216; el lento, honesto y fatigoso trabajo del concepto&#8217;, para seguir hablando, en definitiva, del fondo m\u00e1s verdadero: la salvaci\u00f3n<\/p>\n","protected":false},"excerpt":{"rendered":"<p>TORRES QUEIRUGA, ANDRES<\/p>\n","protected":false},"featured_media":974032,"template":"","meta":{"_acf_changed":false,"om_disable_all_campaigns":false,"rs_blank_template":"","rs_page_bg_color":"","slide_template_v7":"","inline_featured_image":false,"_monsterinsights_skip_tracking":false,"_monsterinsights_sitenote_active":false,"_monsterinsights_sitenote_note":"","_monsterinsights_sitenote_category":0},"product_brand":[],"product_cat":[221,480,227,389],"product_tag":[],"class_list":{"0":"post-446884","1":"product","2":"type-product","3":"status-publish","4":"has-post-thumbnail","6":"product_cat-dadults","7":"product_cat-de-adultos","8":"product_cat-formacio","9":"product_cat-formacion","11":"first","12":"instock","13":"taxable","14":"shipping-taxable","15":"purchasable","16":"product-type-simple"},"acf":{"editorial":[{"ID":6351,"post_author":"3","post_date":"2022-07-28 17:50:19","post_date_gmt":"2022-07-28 15:50:19","post_content":"","post_title":"Sal Terrae","post_excerpt":"","post_status":"publish","comment_status":"closed","ping_status":"closed","post_password":"","post_name":"sal-terrae","to_ping":"","pinged":"","post_modified":"2022-07-28 17:50:19","post_modified_gmt":"2022-07-28 15:50:19","post_content_filtered":"","post_parent":0,"guid":"http:\/\/dev.claret.cat\/editorial\/sal-terrae\/","menu_order":0,"post_type":"editorial","post_mime_type":"","comment_count":"0","filter":"raw"}],"autores-libros":[{"ID":150281,"post_author":"3","post_date":"2022-10-14 14:31:41","post_date_gmt":"2022-10-14 12:31:41","post_content":"","post_title":"ANDR\u00c9S TORRES QUEIRUGA","post_excerpt":"","post_status":"publish","comment_status":"closed","ping_status":"closed","post_password":"","post_name":"andres-torres-queiruga","to_ping":"","pinged":"","post_modified":"2022-10-14 14:31:41","post_modified_gmt":"2022-10-14 12:31:41","post_content_filtered":"","post_parent":0,"guid":"http:\/\/dev.claret.cat\/autor\/andres-torres-queiruga\/","menu_order":0,"post_type":"autor","post_mime_type":"","comment_count":"0","filter":"raw"}],"autor":"TORRES QUEIRUGA, ANDRES","codart":"842931166","libros-coleccion":"FORA DE COL.LECCI\u00d3","ediciones":"1","encuadernacion":"R\u00fastica","fecha_de_publicacion":"01\/10\/1995","novedad":"0","paginas":"108","subtitulo":"","orden":"999","portada":"0","idioma":"spa"},"aioseo_notices":[],"_links":{"self":[{"href":"https:\/\/www.claret.cat\/es\/wp-json\/wp\/v2\/product\/446884","targetHints":{"allow":["GET"]}}],"collection":[{"href":"https:\/\/www.claret.cat\/es\/wp-json\/wp\/v2\/product"}],"about":[{"href":"https:\/\/www.claret.cat\/es\/wp-json\/wp\/v2\/types\/product"}],"wp:featuredmedia":[{"embeddable":true,"href":"https:\/\/www.claret.cat\/es\/wp-json\/wp\/v2\/media\/974032"}],"wp:attachment":[{"href":"https:\/\/www.claret.cat\/es\/wp-json\/wp\/v2\/media?parent=446884"}],"wp:term":[{"taxonomy":"product_brand","embeddable":true,"href":"https:\/\/www.claret.cat\/es\/wp-json\/wp\/v2\/product_brand?post=446884"},{"taxonomy":"product_cat","embeddable":true,"href":"https:\/\/www.claret.cat\/es\/wp-json\/wp\/v2\/product_cat?post=446884"},{"taxonomy":"product_tag","embeddable":true,"href":"https:\/\/www.claret.cat\/es\/wp-json\/wp\/v2\/product_tag?post=446884"}],"curies":[{"name":"wp","href":"https:\/\/api.w.org\/{rel}","templated":true}]}}