{"id":446898,"date":"2023-06-12T16:30:29","date_gmt":"2023-06-12T14:30:29","guid":{"rendered":"https:\/\/www.claret.cat\/llibre\/1984-9788418196454\/"},"modified":"2025-03-13T14:27:43","modified_gmt":"2025-03-13T13:27:43","slug":"1984-9788418196454","status":"publish","type":"product","link":"https:\/\/www.claret.cat\/es\/libro\/1984-9788418196454\/","title":{"rendered":"1984"},"content":{"rendered":"<p>Una obra mestra ambientada en una societat dist\u00f2pica, totalit\u00e0ria i dictatorial, que reflexiona sobre conceptes encara vigents com ara la censura, la manipulaci\u00f3 dels mitjans de comunicaci\u00f3 i la falta de llibertats individuals en benefici d&#8217;un suposat inter\u00e8s com\u00fa. L&#8217;any 1984 Londres \u00e9s una ciutat fosca en qu\u00e8 la Policia del Pensament controla exhaustivament la vida dels ciutadans. Winston Smith \u00e9s un pe\u00f3 d&#8217;aquest engranatge pervers i t\u00e9 com a objectiu reescriure la hist\u00f2ria per adaptar-la al que el Partit considera la versi\u00f3 oficial dels fets. Fins que un dia en Winston decideix q\u00fcestionar-se el sistema que els governa i els sotmet. \u00abNo hi haur\u00e0 lleialtat, llevat de la lleialtat al Partit. No hi haur\u00e0 amor, llevat de l&#8217;amor pel Gran Germ\u00e0. No hi haur\u00e0 rialles, llevat de les rialles del triomf davant un enemic derrotat. No hi haur\u00e0 art, ni literatura ni ci\u00e8ncia. Quan siguem omnipotents ja no necessitarem la ci\u00e8ncia. No hi haur\u00e0 distinci\u00f3 entre la bellesa i la lletjor. No hi haur\u00e0 curiositat ni alegria davant el curs de la vida. Tots els plaers antag\u00f2nics seran destru\u00efts\u00bb.<\/p>\n","protected":false},"excerpt":{"rendered":"<p>ORWELL, GEORGE<\/p>\n","protected":false},"featured_media":446899,"template":"","meta":{"_acf_changed":false,"om_disable_all_campaigns":false,"rs_blank_template":"","rs_page_bg_color":"","slide_template_v7":"","inline_featured_image":false,"_monsterinsights_skip_tracking":false,"_monsterinsights_sitenote_active":false,"_monsterinsights_sitenote_note":"","_monsterinsights_sitenote_category":0},"product_brand":[],"product_cat":[127,357],"product_tag":[],"class_list":{"0":"post-446898","1":"product","2":"type-product","3":"status-publish","4":"has-post-thumbnail","6":"product_cat-novella-contemporania","7":"product_cat-novela-contemporanea","9":"first","10":"instock","11":"taxable","12":"shipping-taxable","13":"purchasable","14":"product-type-simple"},"acf":{"editorial":[{"ID":147699,"post_author":"3","post_date":"2022-10-14 11:52:34","post_date_gmt":"2022-10-14 09:52:34","post_content":"","post_title":"Debutxaca","post_excerpt":"","post_status":"publish","comment_status":"closed","ping_status":"closed","post_password":"","post_name":"debutxaca","to_ping":"","pinged":"","post_modified":"2022-10-14 11:52:34","post_modified_gmt":"2022-10-14 09:52:34","post_content_filtered":"","post_parent":0,"guid":"http:\/\/dev.claret.cat\/editorial\/debutxaca\/","menu_order":0,"post_type":"editorial","post_mime_type":"","comment_count":"0","filter":"raw"}],"autores-libros":[{"ID":156738,"post_author":"3","post_date":"2022-10-14 15:23:13","post_date_gmt":"2022-10-14 13:23:13","post_content":"","post_title":"GEORGE ORWELL","post_excerpt":"","post_status":"publish","comment_status":"closed","ping_status":"closed","post_password":"","post_name":"george-orwell","to_ping":"","pinged":"","post_modified":"2022-10-14 15:23:13","post_modified_gmt":"2022-10-14 13:23:13","post_content_filtered":"","post_parent":0,"guid":"http:\/\/dev.claret.cat\/autor\/george-orwell\/","menu_order":0,"post_type":"autor","post_mime_type":"","comment_count":"0","filter":"raw"}],"autor":"ORWELL, GEORGE","codart":"841819645","libros-coleccion":"Narrativa","ediciones":"1","encuadernacion":"R\u00fastica","fecha_de_publicacion":"01\/06\/2023","novedad":"1","paginas":"381","subtitulo":"","orden":"0","portada":"0","idioma":"cat"},"aioseo_notices":[],"_links":{"self":[{"href":"https:\/\/www.claret.cat\/es\/wp-json\/wp\/v2\/product\/446898","targetHints":{"allow":["GET"]}}],"collection":[{"href":"https:\/\/www.claret.cat\/es\/wp-json\/wp\/v2\/product"}],"about":[{"href":"https:\/\/www.claret.cat\/es\/wp-json\/wp\/v2\/types\/product"}],"wp:featuredmedia":[{"embeddable":true,"href":"https:\/\/www.claret.cat\/es\/wp-json\/wp\/v2\/media\/446899"}],"wp:attachment":[{"href":"https:\/\/www.claret.cat\/es\/wp-json\/wp\/v2\/media?parent=446898"}],"wp:term":[{"taxonomy":"product_brand","embeddable":true,"href":"https:\/\/www.claret.cat\/es\/wp-json\/wp\/v2\/product_brand?post=446898"},{"taxonomy":"product_cat","embeddable":true,"href":"https:\/\/www.claret.cat\/es\/wp-json\/wp\/v2\/product_cat?post=446898"},{"taxonomy":"product_tag","embeddable":true,"href":"https:\/\/www.claret.cat\/es\/wp-json\/wp\/v2\/product_tag?post=446898"}],"curies":[{"name":"wp","href":"https:\/\/api.w.org\/{rel}","templated":true}]}}