{"id":447064,"date":"2023-06-13T13:50:46","date_gmt":"2023-06-13T11:50:46","guid":{"rendered":"https:\/\/www.claret.cat\/llibre\/mas-intervenciones-9788433906199\/"},"modified":"2023-10-11T01:45:15","modified_gmt":"2023-10-10T23:45:15","slug":"mas-intervenciones-9788433906199","status":"publish","type":"product","link":"https:\/\/www.claret.cat\/es\/libro\/mas-intervenciones-9788433906199\/","title":{"rendered":"M\u00c1S INTERVENCIONES"},"content":{"rendered":"<p>Un libro imprescindible para profundizar en el pensamiento de uno de los escritores m\u00e1s significativos de nuestro tiempo. M\u00e1s de la mitad de los textos de esta obra (cartas, entrevistas o art\u00edculos) se tradujeron al espa\u00f1ol por primera vez en 2011, y se publicaron en esta misma colecci\u00f3n bajo el t\u00edtulo Intervenciones. La actual edici\u00f3n, con la incorporaci\u00f3n de los textos nuevos, prosigue con el recorrido de exigencia y coherencia agudas, de una factura implacable, dibujado entonces. Como cuenta el mismo autor \u00abAunque no pretendo ser un artista comprometido, en estos textos me he esforzado por persuadir a mis lectores de la validez de mis puntos de vista: rara vez en el plano pol\u00edtico, mayoritariamente sobre tem\u00e1ticas sociales, de vez en cuando a nivel literario. Estas son mis \u00faltimas intervenciones. No prometo en absoluto dejar de pensar, pero s\u00ed al menos dejar de comunicar mis pensamientos y opiniones al p\u00fablico, excepto en casos de grave urgencia moral: por ejemplo, si se legalizase la eutanasia [en Francia] \u2013no creo que se presenten otros, en el tiempo que me queda por vivir\u2013. He tratado de disponer estas intervenciones en orden cronol\u00f3gico, en la medida en que he sido capaz de recordar las fechas. La existencia, al menos aparente, del tiempo siempre ha sido una gran molestia para m\u00ed; pero se ha desarrollado el h\u00e1bito de ver las cosas en estos t\u00e9rminos. Por una vez, lo tolero.\u00bb<\/p>\n","protected":false},"excerpt":{"rendered":"<p>HOUELLEBECQ, MICHEL<\/p>\n","protected":false},"featured_media":447065,"template":"","meta":{"_acf_changed":false,"om_disable_all_campaigns":false,"rs_blank_template":"","rs_page_bg_color":"","slide_template_v7":"","inline_featured_image":false,"_monsterinsights_skip_tracking":false,"_monsterinsights_sitenote_active":false,"_monsterinsights_sitenote_note":"","_monsterinsights_sitenote_category":0},"product_brand":[],"product_cat":[373,166],"product_tag":[],"class_list":{"0":"post-447064","1":"product","2":"type-product","3":"status-publish","4":"has-post-thumbnail","6":"product_cat-autores","7":"product_cat-autors-filosofia","9":"first","10":"instock","11":"taxable","12":"shipping-taxable","13":"purchasable","14":"product-type-simple"},"acf":{"editorial":[{"ID":6219,"post_author":"3","post_date":"2022-07-28 17:47:26","post_date_gmt":"2022-07-28 15:47:26","post_content":"","post_title":"Editorial Anagrama S.A.","post_excerpt":"","post_status":"publish","comment_status":"closed","ping_status":"closed","post_password":"","post_name":"editorial-anagrama-s-a","to_ping":"","pinged":"","post_modified":"2022-07-28 17:47:26","post_modified_gmt":"2022-07-28 15:47:26","post_content_filtered":"","post_parent":0,"guid":"http:\/\/dev.claret.cat\/editorial\/editorial-anagrama-s-a\/","menu_order":0,"post_type":"editorial","post_mime_type":"","comment_count":"0","filter":"raw"}],"autores-libros":[{"ID":5845,"post_author":"3","post_date":"2022-07-28 17:32:43","post_date_gmt":"2022-07-28 15:32:43","post_content":"","post_title":"MICHEL HOUELLEBECQ","post_excerpt":"","post_status":"publish","comment_status":"closed","ping_status":"closed","post_password":"","post_name":"michel-houellebecq","to_ping":"","pinged":"","post_modified":"2022-07-28 17:32:43","post_modified_gmt":"2022-07-28 15:32:43","post_content_filtered":"","post_parent":0,"guid":"http:\/\/dev.claret.cat\/autor\/michel-houellebecq\/","menu_order":0,"post_type":"autor","post_mime_type":"","comment_count":"0","filter":"raw"}],"autor":"HOUELLEBECQ, MICHEL","codart":"843390619","libros-coleccion":"Argumentos","ediciones":"1","encuadernacion":"R\u00fastica","fecha_de_publicacion":"01\/06\/2023","novedad":"1","paginas":"388","subtitulo":"","orden":"0","portada":"1","idioma":"spa"},"aioseo_notices":[],"_links":{"self":[{"href":"https:\/\/www.claret.cat\/es\/wp-json\/wp\/v2\/product\/447064","targetHints":{"allow":["GET"]}}],"collection":[{"href":"https:\/\/www.claret.cat\/es\/wp-json\/wp\/v2\/product"}],"about":[{"href":"https:\/\/www.claret.cat\/es\/wp-json\/wp\/v2\/types\/product"}],"wp:featuredmedia":[{"embeddable":true,"href":"https:\/\/www.claret.cat\/es\/wp-json\/wp\/v2\/media\/447065"}],"wp:attachment":[{"href":"https:\/\/www.claret.cat\/es\/wp-json\/wp\/v2\/media?parent=447064"}],"wp:term":[{"taxonomy":"product_brand","embeddable":true,"href":"https:\/\/www.claret.cat\/es\/wp-json\/wp\/v2\/product_brand?post=447064"},{"taxonomy":"product_cat","embeddable":true,"href":"https:\/\/www.claret.cat\/es\/wp-json\/wp\/v2\/product_cat?post=447064"},{"taxonomy":"product_tag","embeddable":true,"href":"https:\/\/www.claret.cat\/es\/wp-json\/wp\/v2\/product_tag?post=447064"}],"curies":[{"name":"wp","href":"https:\/\/api.w.org\/{rel}","templated":true}]}}