{"id":447076,"date":"2023-06-13T13:57:28","date_gmt":"2023-06-13T11:57:28","guid":{"rendered":"https:\/\/www.claret.cat\/llibre\/la-imaginacio-simbolica-9788417796860\/"},"modified":"2025-02-18T11:42:38","modified_gmt":"2025-02-18T10:42:38","slug":"la-imaginacio-simbolica-9788417796860","status":"publish","type":"product","link":"https:\/\/www.claret.cat\/es\/libro\/la-imaginacio-simbolica-9788417796860\/","title":{"rendered":"LA IMAGINACI\u00d3 SIMB\u00d2LICA"},"content":{"rendered":"<p>La consci\u00e8ncia disposa de dues maneres de representar-se al m\u00f3n. L&#8221;una, directa, a trav\u00e9s de la qual la cosa mateixa sembla que es presenta a l&#8221;esperit, com en el cas de la percepci\u00f3 o de la simple sensaci\u00f3. L&#8221;altra, indirecta, quan, per la ra\u00f3 que sigui, la cosa no pot presentar-se \u201cen carn i os\u201d a la sensibilitat. [\u2026] Entre aquests casos de consci\u00e8ncia indirecta, l&#8221;objecte es re-presenta a la sensibilitat mitjan\u00e7ant una imatge.\u00bb Aix\u00ed s&#8221;obre La imaginaci\u00f3 simb\u00f2lica, el volum en qu\u00e8 Gilbert Durand aprofundeix en els problemes interpretatius del s\u00edmbol i observa el proc\u00e9s d&#8221;exclusi\u00f3 a qu\u00e8 el pensament cientista occidental l&#8221;ha sotm\u00e8s. L&#8221;obra es detura, tamb\u00e9, en l&#8221;ambig\u00fcitat fonamental que el s\u00edmbol presenta: no nom\u00e9s pel doble sentit que revesteix \u2014l&#8221;un, concret, propi; l&#8221;altre, al\u00b7lusiu, figurat\u2014, sin\u00f3 tamb\u00e9 perqu\u00e8, en classificar-los, els s\u00edmbols ens revelen els \u00abr\u00e8gims\u00bb antag\u00f2nics i, tanmateix, complementaris amb els quals s&#8221;endrecen les imatges. L&#8221;ess\u00e8ncia dial\u00e8ctica del s\u00edmbol es manifesta en molts plans, i Durand els examina en di\u00e0leg amb Freud, Jung, Cassirer, Corbin, Eliade, Bachelard, L\u00e9vi-Strauss i altres, per concloure que el s\u00edmbol es desplega al llarg del progr\u00e9s de la cultura humana. La seva recerca i coher\u00e8ncia intel\u00b7lectual va fer cada vegada m\u00e9s patent les concomit\u00e0ncies de la seva obra amb \u00e0mbits en aparen\u00e7a tan dissemblants com la f\u00edsica de part\u00edcules, la neuro\u00adci\u00e8ncia o l&#8221;espiritualitat.<\/p>\n","protected":false},"excerpt":{"rendered":"<p>DURAND, GILBERT<\/p>\n","protected":false},"featured_media":447077,"template":"","meta":{"_acf_changed":false,"om_disable_all_campaigns":false,"rs_blank_template":"","rs_page_bg_color":"","slide_template_v7":"","inline_featured_image":false,"_monsterinsights_skip_tracking":false,"_monsterinsights_sitenote_active":false,"_monsterinsights_sitenote_note":"","_monsterinsights_sitenote_category":0},"product_brand":[],"product_cat":[373,166,168,439],"product_tag":[],"class_list":{"0":"post-447076","1":"product","2":"type-product","3":"status-publish","4":"has-post-thumbnail","6":"product_cat-autores","7":"product_cat-autors-filosofia","8":"product_cat-teoria-del-coneixement","9":"product_cat-teoria-del-conocimiento","11":"first","12":"instock","13":"taxable","14":"shipping-taxable","15":"purchasable","16":"product-type-simple"},"acf":{"editorial":[{"ID":6258,"post_author":"3","post_date":"2022-07-28 17:48:20","post_date_gmt":"2022-07-28 15:48:20","post_content":"","post_title":"FRAGMENTA EDITORIAL","post_excerpt":"","post_status":"publish","comment_status":"closed","ping_status":"closed","post_password":"","post_name":"fragmenta-editorial","to_ping":"","pinged":"","post_modified":"2022-07-28 17:48:20","post_modified_gmt":"2022-07-28 15:48:20","post_content_filtered":"","post_parent":0,"guid":"http:\/\/dev.claret.cat\/editorial\/fragmenta-editorial\/","menu_order":0,"post_type":"editorial","post_mime_type":"","comment_count":"0","filter":"raw"}],"autores-libros":[{"ID":447159,"post_author":"3","post_date":"2023-06-13 15:55:40","post_date_gmt":"2023-06-13 13:55:40","post_content":"","post_title":"GILBERT DURAND","post_excerpt":"","post_status":"publish","comment_status":"closed","ping_status":"closed","post_password":"","post_name":"gilbert-durand","to_ping":"","pinged":"","post_modified":"2023-06-13 15:55:40","post_modified_gmt":"2023-06-13 13:55:40","post_content_filtered":"","post_parent":0,"guid":"https:\/\/www.claret.cat\/autor\/gilbert-durand\/","menu_order":0,"post_type":"autor","post_mime_type":"","comment_count":"0","filter":"raw"}],"autor":"DURAND, GILBERT","codart":"841779686","libros-coleccion":"FORA DE COL.LECCI\u00d3","ediciones":"1","encuadernacion":"R\u00fastica","fecha_de_publicacion":"01\/06\/2023","novedad":"1","paginas":"145","subtitulo":"","orden":"0","portada":"1","idioma":"cat"},"aioseo_notices":[],"_links":{"self":[{"href":"https:\/\/www.claret.cat\/es\/wp-json\/wp\/v2\/product\/447076","targetHints":{"allow":["GET"]}}],"collection":[{"href":"https:\/\/www.claret.cat\/es\/wp-json\/wp\/v2\/product"}],"about":[{"href":"https:\/\/www.claret.cat\/es\/wp-json\/wp\/v2\/types\/product"}],"wp:featuredmedia":[{"embeddable":true,"href":"https:\/\/www.claret.cat\/es\/wp-json\/wp\/v2\/media\/447077"}],"wp:attachment":[{"href":"https:\/\/www.claret.cat\/es\/wp-json\/wp\/v2\/media?parent=447076"}],"wp:term":[{"taxonomy":"product_brand","embeddable":true,"href":"https:\/\/www.claret.cat\/es\/wp-json\/wp\/v2\/product_brand?post=447076"},{"taxonomy":"product_cat","embeddable":true,"href":"https:\/\/www.claret.cat\/es\/wp-json\/wp\/v2\/product_cat?post=447076"},{"taxonomy":"product_tag","embeddable":true,"href":"https:\/\/www.claret.cat\/es\/wp-json\/wp\/v2\/product_tag?post=447076"}],"curies":[{"name":"wp","href":"https:\/\/api.w.org\/{rel}","templated":true}]}}