{"id":447111,"date":"2023-06-13T14:10:40","date_gmt":"2023-06-13T12:10:40","guid":{"rendered":"https:\/\/www.claret.cat\/llibre\/hollywood-studios-9788419095411\/"},"modified":"2023-10-11T01:44:44","modified_gmt":"2023-10-10T23:44:44","slug":"hollywood-studios-9788419095411","status":"publish","type":"product","link":"https:\/\/www.claret.cat\/es\/libro\/hollywood-studios-9788419095411\/","title":{"rendered":"HOLLYWOOD STUDIOS"},"content":{"rendered":"<p>Ha passat algun temps des que va resoldre el seu primer cas, a La Barberia, per\u00f2 la periodista i escriptora Voldemar est\u00e0 m\u00e9s activa i motivada que mai. De fet, est\u00e0 molt feli\u00e7 perqu\u00e8 una de les seves novel\u00b7les ser\u00e0 portada al cinema, a Hollywood. Quan el productor la convida a visitar els estudis i a con\u00e8ixer l&#8221;equip d&#8221;artistes i t\u00e8cniques que faran la pel\u00b7li, Voldemar es mostra entusiasmada.<br \/> Per\u00f2 alguna cosa surt malament i la protagonista de la pel\u00b7l\u00edcula cau fulminada davant de tothom, en plena gravaci\u00f3. Posa-hi molta atenci\u00f3, no et perdis cap detall i segueix atentament les observacions de la Voldemar, si vols enxampar l&#8221;assass\u00ed.<\/p>\n","protected":false},"excerpt":{"rendered":"<p>ROMERO MARI\u00d1O, SOLEDAD<\/p>\n","protected":false},"featured_media":447112,"template":"","meta":{"_acf_changed":false,"om_disable_all_campaigns":false,"rs_blank_template":"","rs_page_bg_color":"","slide_template_v7":"","inline_featured_image":false,"_monsterinsights_skip_tracking":false,"_monsterinsights_sitenote_active":false,"_monsterinsights_sitenote_note":"","_monsterinsights_sitenote_category":0},"product_brand":[],"product_cat":[132,362],"product_tag":[],"class_list":{"0":"post-447111","1":"product","2":"type-product","3":"status-publish","4":"has-post-thumbnail","6":"product_cat-lectures-per-preadolescents-6-12-anys","7":"product_cat-libros-preadolescentes-6-12-anos","9":"first","10":"instock","11":"taxable","12":"shipping-taxable","13":"purchasable","14":"product-type-simple"},"acf":{"editorial":[{"ID":148549,"post_author":"3","post_date":"2022-10-14 11:59:07","post_date_gmt":"2022-10-14 09:59:07","post_content":"","post_title":"MOSQUITO BOOKS","post_excerpt":"","post_status":"publish","comment_status":"closed","ping_status":"closed","post_password":"","post_name":"mosquito-books","to_ping":"","pinged":"","post_modified":"2022-10-14 11:59:07","post_modified_gmt":"2022-10-14 09:59:07","post_content_filtered":"","post_parent":0,"guid":"http:\/\/dev.claret.cat\/editorial\/mosquito-books\/","menu_order":0,"post_type":"editorial","post_mime_type":"","comment_count":"0","filter":"raw"}],"autores-libros":[{"ID":169649,"post_author":"3","post_date":"2022-10-14 22:28:55","post_date_gmt":"2022-10-14 20:28:55","post_content":"","post_title":"SOLEDAD ROMERO MARI\u00d1O","post_excerpt":"","post_status":"publish","comment_status":"closed","ping_status":"closed","post_password":"","post_name":"soledad-romero-marino","to_ping":"","pinged":"","post_modified":"2022-10-14 22:28:55","post_modified_gmt":"2022-10-14 20:28:55","post_content_filtered":"","post_parent":0,"guid":"http:\/\/dev.claret.cat\/autor\/soledad-romero-marino\/","menu_order":0,"post_type":"autor","post_mime_type":"","comment_count":"0","filter":"raw"}],"autor":"ROMERO MARI\u00d1O, SOLEDAD","codart":"841909541","libros-coleccion":"FORA DE COL.LECCI\u00d3","ediciones":"1","encuadernacion":"Carton\u00e9","fecha_de_publicacion":"01\/06\/2023","novedad":"1","paginas":"45","subtitulo":"L'\u00c8POCA DAURADA DE HOLLYWOOD, EL RODATGE D''UNA PEL\u00b7L\u00cdCULA I UN MISTERI QUE HAUR\u00c0","orden":"0","portada":"0","idioma":"cat"},"aioseo_notices":[],"_links":{"self":[{"href":"https:\/\/www.claret.cat\/es\/wp-json\/wp\/v2\/product\/447111","targetHints":{"allow":["GET"]}}],"collection":[{"href":"https:\/\/www.claret.cat\/es\/wp-json\/wp\/v2\/product"}],"about":[{"href":"https:\/\/www.claret.cat\/es\/wp-json\/wp\/v2\/types\/product"}],"wp:featuredmedia":[{"embeddable":true,"href":"https:\/\/www.claret.cat\/es\/wp-json\/wp\/v2\/media\/447112"}],"wp:attachment":[{"href":"https:\/\/www.claret.cat\/es\/wp-json\/wp\/v2\/media?parent=447111"}],"wp:term":[{"taxonomy":"product_brand","embeddable":true,"href":"https:\/\/www.claret.cat\/es\/wp-json\/wp\/v2\/product_brand?post=447111"},{"taxonomy":"product_cat","embeddable":true,"href":"https:\/\/www.claret.cat\/es\/wp-json\/wp\/v2\/product_cat?post=447111"},{"taxonomy":"product_tag","embeddable":true,"href":"https:\/\/www.claret.cat\/es\/wp-json\/wp\/v2\/product_tag?post=447111"}],"curies":[{"name":"wp","href":"https:\/\/api.w.org\/{rel}","templated":true}]}}