{"id":447114,"date":"2023-06-13T14:10:52","date_gmt":"2023-06-13T12:10:52","guid":{"rendered":"https:\/\/www.claret.cat\/llibre\/hollywood-studios-9788419095404\/"},"modified":"2023-10-11T01:44:42","modified_gmt":"2023-10-10T23:44:42","slug":"hollywood-studios-9788419095404","status":"publish","type":"product","link":"https:\/\/www.claret.cat\/es\/libro\/hollywood-studios-9788419095404\/","title":{"rendered":"HOLLYWOOD STUDIOS"},"content":{"rendered":"<p>Ha pasado alg\u00fan tiempo desde su primer caso, en La Barber\u00eda, pero la periodista y escritora Voldemar est\u00e1 m\u00e1s activa y motivada que nunca. De hecho, est\u00e1 feliz porque una de sus novelas se llevar\u00e1 al cine en Hollywood. Cuando el productor la invita a visitar los estudios y a conocer al equipo de artistas y t\u00e9cnicos que grabar\u00e1n su peli, Voldemar se muestra entusiasmada.<br \/> Pero algo sale mal, y la protagonista de la pel\u00edcula cae fulminada en plena escena. \u00bfQui\u00e9n es el responsable? Presta mucha atenci\u00f3n, no te pierdas ning\u00fan detalle y sigue atentamente las observaciones de Voldemar. El criminal no escapar\u00e1. Un divertido homenaje a las novelas de Agata Christie<\/p>\n","protected":false},"excerpt":{"rendered":"<p>ROMERO MARI\u00d1O, SOLEDAD<\/p>\n","protected":false},"featured_media":447115,"template":"","meta":{"_acf_changed":false,"om_disable_all_campaigns":false,"rs_blank_template":"","rs_page_bg_color":"","slide_template_v7":"","inline_featured_image":false,"_monsterinsights_skip_tracking":false,"_monsterinsights_sitenote_active":false,"_monsterinsights_sitenote_note":"","_monsterinsights_sitenote_category":0},"product_brand":[],"product_cat":[133,132,362,363],"product_tag":[],"class_list":{"0":"post-447114","1":"product","2":"type-product","3":"status-publish","4":"has-post-thumbnail","6":"product_cat-lectures-per-adolescents-12-18-anys","7":"product_cat-lectures-per-preadolescents-6-12-anys","8":"product_cat-libros-preadolescentes-6-12-anos","9":"product_cat-lecturas-por-adolescentes-12-18-anos","11":"first","12":"instock","13":"taxable","14":"shipping-taxable","15":"purchasable","16":"product-type-simple"},"acf":{"editorial":[{"ID":148549,"post_author":"3","post_date":"2022-10-14 11:59:07","post_date_gmt":"2022-10-14 09:59:07","post_content":"","post_title":"MOSQUITO BOOKS","post_excerpt":"","post_status":"publish","comment_status":"closed","ping_status":"closed","post_password":"","post_name":"mosquito-books","to_ping":"","pinged":"","post_modified":"2022-10-14 11:59:07","post_modified_gmt":"2022-10-14 09:59:07","post_content_filtered":"","post_parent":0,"guid":"http:\/\/dev.claret.cat\/editorial\/mosquito-books\/","menu_order":0,"post_type":"editorial","post_mime_type":"","comment_count":"0","filter":"raw"}],"autores-libros":[{"ID":169649,"post_author":"3","post_date":"2022-10-14 22:28:55","post_date_gmt":"2022-10-14 20:28:55","post_content":"","post_title":"SOLEDAD ROMERO MARI\u00d1O","post_excerpt":"","post_status":"publish","comment_status":"closed","ping_status":"closed","post_password":"","post_name":"soledad-romero-marino","to_ping":"","pinged":"","post_modified":"2022-10-14 22:28:55","post_modified_gmt":"2022-10-14 20:28:55","post_content_filtered":"","post_parent":0,"guid":"http:\/\/dev.claret.cat\/autor\/soledad-romero-marino\/","menu_order":0,"post_type":"autor","post_mime_type":"","comment_count":"0","filter":"raw"}],"autor":"ROMERO MARI\u00d1O, SOLEDAD","codart":"841909540","libros-coleccion":"FORA DE COL.LECCI\u00d3","ediciones":"1","encuadernacion":"Carton\u00e9","fecha_de_publicacion":"01\/06\/2023","novedad":"1","paginas":"45","subtitulo":"LA ERA DORADA DE HOLLYWOOD, EL RODAJE DE UNA PEL\u00cdCULA Y UN ASESINATO QUE DEBER\u00c1S","orden":"0","portada":"0","idioma":"spa"},"aioseo_notices":[],"_links":{"self":[{"href":"https:\/\/www.claret.cat\/es\/wp-json\/wp\/v2\/product\/447114","targetHints":{"allow":["GET"]}}],"collection":[{"href":"https:\/\/www.claret.cat\/es\/wp-json\/wp\/v2\/product"}],"about":[{"href":"https:\/\/www.claret.cat\/es\/wp-json\/wp\/v2\/types\/product"}],"wp:featuredmedia":[{"embeddable":true,"href":"https:\/\/www.claret.cat\/es\/wp-json\/wp\/v2\/media\/447115"}],"wp:attachment":[{"href":"https:\/\/www.claret.cat\/es\/wp-json\/wp\/v2\/media?parent=447114"}],"wp:term":[{"taxonomy":"product_brand","embeddable":true,"href":"https:\/\/www.claret.cat\/es\/wp-json\/wp\/v2\/product_brand?post=447114"},{"taxonomy":"product_cat","embeddable":true,"href":"https:\/\/www.claret.cat\/es\/wp-json\/wp\/v2\/product_cat?post=447114"},{"taxonomy":"product_tag","embeddable":true,"href":"https:\/\/www.claret.cat\/es\/wp-json\/wp\/v2\/product_tag?post=447114"}],"curies":[{"name":"wp","href":"https:\/\/api.w.org\/{rel}","templated":true}]}}