{"id":44717,"date":"2022-10-02T21:53:20","date_gmt":"2022-10-02T19:53:20","guid":{"rendered":"http:\/\/dev.claret.cat\/producte\/elmer-y-el-cuento-de-buenas-noches-elmer-album-ilustrado\/"},"modified":"2023-10-06T10:48:29","modified_gmt":"2023-10-06T08:48:29","slug":"elmer-y-el-cuento-de-buenas-noches-elmer-album-ilustrado-9788448859589","status":"publish","type":"product","link":"https:\/\/www.claret.cat\/es\/libro\/elmer-y-el-cuento-de-buenas-noches-elmer-album-ilustrado-9788448859589\/","title":{"rendered":"ELMER Y EL CUENTO DE BUENAS NOCHES (ELMER. \u00c1LBUM ILUSTRADO)"},"content":{"rendered":"<p>La nueva aventura para antes de ir a dormir de Elmer, el elefante de colores preferido de padres y ni\u00f1os. Es hora de irse a dormir y Elmer est\u00e1 cuidando de Estrella y Mel, dos  peque\u00f1os elefantes. \u00bfC\u00f3mo conseguir\u00e1 que se queden dormidos? Elmer  decide que lo mejor ser\u00e1 dar un paseo para que se cansen. Pero todos los  amigos con los que se encuentran por la jungla creen que lo que Elmer  tiene que hacer es contarles un cuento de buenas noches. Cada uno tiene su cuento preferido. \u00bfCu\u00e1l es el tuyo? La colecci\u00f3n de \u00e1lbumes ilustrados de Elmer est\u00e1 pensada para que los  m\u00e1s peque\u00f1os se inicien en la lectura de una manera divertida, al mismo tiempo que se trabajan valores como la amistad, el trabajo en equipo,  la superaci\u00f3n, la tolerancia y la generosidad. Adem\u00e1s, leer un cuento antes de dormir contribuye a que el momento de irse a la cama sea  tranquilo y placentero y m\u00e1gico, ayud\u00e1ndo a los m\u00e1s peque\u00f1os a conciliar el sue\u00f1o.<\/p>\n","protected":false},"excerpt":{"rendered":"<p>MCKEE, DAVID<\/p>\n","protected":false},"featured_media":60199,"template":"","meta":{"_acf_changed":false,"om_disable_all_campaigns":false,"rs_blank_template":"","rs_page_bg_color":"","slide_template_v7":"","inline_featured_image":false,"_monsterinsights_skip_tracking":false,"_monsterinsights_sitenote_active":false,"_monsterinsights_sitenote_note":"","_monsterinsights_sitenote_category":0},"product_brand":[],"product_cat":[361],"product_tag":[],"class_list":{"0":"post-44717","1":"product","2":"type-product","3":"status-publish","4":"has-post-thumbnail","6":"product_cat-cuentos-para-ninos-0-6-anos","8":"first","9":"instock","10":"taxable","11":"shipping-taxable","12":"purchasable","13":"product-type-simple"},"acf":{"autor":"MCKEE, DAVID","codart":"844885958","libros-coleccion":"Elmer. \u00c1lbum ilustrado","ediciones":"1","encuadernacion":"Carton\u00e9","fecha_de_publicacion":"01\/02\/2022","novedad":"1","paginas":"45","subtitulo":"","orden":"0","portada":"0","idioma":"spa","editorial":[{"ID":6141,"post_author":"3","post_date":"2022-07-28 17:45:46","post_date_gmt":"2022-07-28 15:45:46","post_content":"","post_title":"BEASCOA","post_excerpt":"","post_status":"publish","comment_status":"closed","ping_status":"closed","post_password":"","post_name":"beascoa","to_ping":"","pinged":"","post_modified":"2022-07-28 17:45:46","post_modified_gmt":"2022-07-28 15:45:46","post_content_filtered":"","post_parent":0,"guid":"http:\/\/dev.claret.cat\/editorial\/beascoa\/","menu_order":0,"post_type":"editorial","post_mime_type":"","comment_count":"0","filter":"raw"}],"autores-libros":[{"ID":153891,"post_author":"3","post_date":"2022-10-14 15:00:22","post_date_gmt":"2022-10-14 13:00:22","post_content":"","post_title":"DAVID MCKEE","post_excerpt":"","post_status":"publish","comment_status":"closed","ping_status":"closed","post_password":"","post_name":"david-mckee","to_ping":"","pinged":"","post_modified":"2022-10-14 15:00:22","post_modified_gmt":"2022-10-14 13:00:22","post_content_filtered":"","post_parent":0,"guid":"http:\/\/dev.claret.cat\/autor\/david-mckee\/","menu_order":0,"post_type":"autor","post_mime_type":"","comment_count":"0","filter":"raw"}]},"aioseo_notices":[],"_links":{"self":[{"href":"https:\/\/www.claret.cat\/es\/wp-json\/wp\/v2\/product\/44717","targetHints":{"allow":["GET"]}}],"collection":[{"href":"https:\/\/www.claret.cat\/es\/wp-json\/wp\/v2\/product"}],"about":[{"href":"https:\/\/www.claret.cat\/es\/wp-json\/wp\/v2\/types\/product"}],"wp:featuredmedia":[{"embeddable":true,"href":"https:\/\/www.claret.cat\/es\/wp-json\/wp\/v2\/media\/60199"}],"wp:attachment":[{"href":"https:\/\/www.claret.cat\/es\/wp-json\/wp\/v2\/media?parent=44717"}],"wp:term":[{"taxonomy":"product_brand","embeddable":true,"href":"https:\/\/www.claret.cat\/es\/wp-json\/wp\/v2\/product_brand?post=44717"},{"taxonomy":"product_cat","embeddable":true,"href":"https:\/\/www.claret.cat\/es\/wp-json\/wp\/v2\/product_cat?post=44717"},{"taxonomy":"product_tag","embeddable":true,"href":"https:\/\/www.claret.cat\/es\/wp-json\/wp\/v2\/product_tag?post=44717"}],"curies":[{"name":"wp","href":"https:\/\/api.w.org\/{rel}","templated":true}]}}