{"id":44732,"date":"2022-10-02T21:53:37","date_gmt":"2022-10-02T19:53:37","guid":{"rendered":"http:\/\/dev.claret.cat\/producte\/kai-i-emma-1-un-aniversari-emocionant\/"},"modified":"2026-02-24T12:30:21","modified_gmt":"2026-02-24T11:30:21","slug":"kai-i-emma-1-un-aniversari-emocionant-9788418054907","status":"publish","type":"product","link":"https:\/\/www.claret.cat\/es\/libro\/kai-i-emma-1-un-aniversari-emocionant-9788418054907\/","title":{"rendered":"KAI I EMMA 1 &#8211; UN ANIVERSARI EMOCIONANT"},"content":{"rendered":"<p>Kai i Emma!  La nova col\u00b7lecci\u00f3 per a fam\u00edlies d&#8221;avui de M\u00edriam Tirado, autora de El fil invisible Els aniversaris triguen molt\u00edssim a arribar, per\u00f2, per fi, en Kai fa  tres anys! A casa, tots estan emocionats: la mare i el pare estan  nerviosos i remoguts, i l&#8221;Emma, la germana gran, una mica gelosa que el  Kai sigui el protagonista del dia&#8230; Quantes emocions que viuran aquest dia tan especial! Un conte per aprendre en fam\u00edlia que les emocions no s\u00f3n positives ni  negatives, sin\u00f3 que s\u00f3n com les onades del mar, que venen i van. Totes  s\u00f3n v\u00e0lides i l&#8221;\u00fanica cosa que cal fer \u00e9s aprendre a surfejar-les. Qu\u00e8 trobar\u00e0s en aquest llibre? &#8211; Una col\u00b7lecci\u00f3 amb il\u00b7lustracions a tot color &#8211; Un conte amb valors que retracta situacions de la vida quotidiana &#8211; Una eina per a treballar les emocions que sorgeixen el dia a dia: les frustracions, els nervis, la gelosia&#8230; Kai i Emma \u00e9s una col\u00b7lecci\u00f3 per a fam\u00edlies que creuen en la  import\u00e0ncia de l&#8221;educaci\u00f3 emocional i conscient, i que volen acompanyar  els seus fills i filles des de l&#8221;amor i el respecte profund.<\/p>\n","protected":false},"excerpt":{"rendered":"<p>TIRADO, M\u00cdRIAM<\/p>\n","protected":false},"featured_media":1075913,"template":"","meta":{"_acf_changed":false,"om_disable_all_campaigns":false,"rs_blank_template":"","rs_page_bg_color":"","slide_template_v7":"","inline_featured_image":false,"_monsterinsights_skip_tracking":false,"_monsterinsights_sitenote_active":false,"_monsterinsights_sitenote_note":"","_monsterinsights_sitenote_category":0},"product_brand":[],"product_cat":[131,361],"product_tag":[],"class_list":{"0":"post-44732","1":"product","2":"type-product","3":"status-publish","4":"has-post-thumbnail","6":"product_cat-contes-per-infants-0-6-anys","7":"product_cat-cuentos-para-ninos-0-6-anos","9":"first","10":"outofstock","11":"taxable","12":"shipping-taxable","13":"purchasable","14":"product-type-simple"},"acf":{"autor":"TIRADO, M\u00cdRIAM","codart":"841805490","libros-coleccion":"FORA DE COL.LECCI\u00d3","ediciones":"1","encuadernacion":"Carton\u00e9","fecha_de_publicacion":"01\/02\/2022","novedad":"1","paginas":"45","subtitulo":"","orden":"0","portada":"0","idioma":"spa","editorial":[{"ID":6136,"post_author":"3","post_date":"2022-07-28 17:45:39","post_date_gmt":"2022-07-28 15:45:39","post_content":"","post_title":"B de Blok (Ediciones B)","post_excerpt":"","post_status":"publish","comment_status":"closed","ping_status":"closed","post_password":"","post_name":"b-de-blok-ediciones-b","to_ping":"","pinged":"","post_modified":"2022-07-28 17:45:39","post_modified_gmt":"2022-07-28 15:45:39","post_content_filtered":"","post_parent":0,"guid":"http:\/\/dev.claret.cat\/editorial\/b-de-blok-ediciones-b\/","menu_order":0,"post_type":"editorial","post_mime_type":"","comment_count":"0","filter":"raw"}],"autores-libros":[{"ID":5862,"post_author":"3","post_date":"2022-07-28 17:33:05","post_date_gmt":"2022-07-28 15:33:05","post_content":"","post_title":"M\u00cdRIAM TIRADO","post_excerpt":"","post_status":"publish","comment_status":"closed","ping_status":"closed","post_password":"","post_name":"miriam-tirado","to_ping":"","pinged":"","post_modified":"2022-07-28 17:33:05","post_modified_gmt":"2022-07-28 15:33:05","post_content_filtered":"","post_parent":0,"guid":"http:\/\/dev.claret.cat\/autor\/miriam-tirado\/","menu_order":0,"post_type":"autor","post_mime_type":"","comment_count":"0","filter":"raw"}],"booktrailer":"","resenas":""},"aioseo_notices":[],"_links":{"self":[{"href":"https:\/\/www.claret.cat\/es\/wp-json\/wp\/v2\/product\/44732","targetHints":{"allow":["GET"]}}],"collection":[{"href":"https:\/\/www.claret.cat\/es\/wp-json\/wp\/v2\/product"}],"about":[{"href":"https:\/\/www.claret.cat\/es\/wp-json\/wp\/v2\/types\/product"}],"wp:featuredmedia":[{"embeddable":true,"href":"https:\/\/www.claret.cat\/es\/wp-json\/wp\/v2\/media\/1075913"}],"wp:attachment":[{"href":"https:\/\/www.claret.cat\/es\/wp-json\/wp\/v2\/media?parent=44732"}],"wp:term":[{"taxonomy":"product_brand","embeddable":true,"href":"https:\/\/www.claret.cat\/es\/wp-json\/wp\/v2\/product_brand?post=44732"},{"taxonomy":"product_cat","embeddable":true,"href":"https:\/\/www.claret.cat\/es\/wp-json\/wp\/v2\/product_cat?post=44732"},{"taxonomy":"product_tag","embeddable":true,"href":"https:\/\/www.claret.cat\/es\/wp-json\/wp\/v2\/product_tag?post=44732"}],"curies":[{"name":"wp","href":"https:\/\/api.w.org\/{rel}","templated":true}]}}