{"id":447413,"date":"2023-06-14T14:30:31","date_gmt":"2023-06-14T12:30:31","guid":{"rendered":"https:\/\/www.claret.cat\/llibre\/la-vida-viene-a-cuento-9788419341457\/"},"modified":"2023-10-11T02:21:44","modified_gmt":"2023-10-11T00:21:44","slug":"la-vida-viene-a-cuento-9788419341457","status":"publish","type":"product","link":"https:\/\/www.claret.cat\/es\/libro\/la-vida-viene-a-cuento-9788419341457\/","title":{"rendered":"LA VIDA VIENE A CUENTO"},"content":{"rendered":"<p>Una gota de miel, unos monjes tao\u00edstas, un taxista en Nueva York, un faro y una rana bocazas; Nasrud\u00edn y Einstein, la Liebre de Marzo, un ciempi\u00e9s bailador; Rita Hayworth, la madre Teresa, un tanatorio y cajitas de colores; Napole\u00f3n, Arist\u00f3teles, un mosquito y una joya valiosa\u2026 <br \/> Si quer\u00e9is conocer cu\u00e1l es el hilo conductor que une a estos personajes y a muchos m\u00e1s, adentraos en este libro. Hallar\u00e9is relatos, f\u00e1bulas, an\u00e9cdotas y cuentos que contienen en su interior un tesoro escondido que vosotros, los lectores, deber\u00e9is buscar porque solo a vosotros os concierne. <br \/> &#8216;La vida viene a cuento&#8217; nos mueve a reflexionar sobre la aventura de ser y afirma que tenemos la oportunidad de dejarnos seducir por una vida emocionalmente m\u00e1s ecol\u00f3gica. Porque vivir significa vivir con otras personas y seres en un viaje compartido del que somos corresponsables. Una vida y miles de cuentos vividos, miles de formas de narrarnos a nosotros mismos, millones de posibilidades de ser\u2026 fragmentos de un puzle que cada uno de nosotros deber\u00e1 encajar a lo largo de esta vida que siempre viene a cuento.<\/p>\n","protected":false},"excerpt":{"rendered":"<p>CONANGLA MAR\u00cdN, MARIA MERC\u00c8 \/ SOLER, JAUME<\/p>\n","protected":false},"featured_media":447414,"template":"","meta":{"_acf_changed":false,"om_disable_all_campaigns":false,"rs_blank_template":"","rs_page_bg_color":"","slide_template_v7":"","inline_featured_image":false,"_monsterinsights_skip_tracking":false,"_monsterinsights_sitenote_active":false,"_monsterinsights_sitenote_note":"","_monsterinsights_sitenote_category":0},"product_brand":[],"product_cat":[179,377,376,178,449,181],"product_tag":[],"class_list":{"0":"post-447413","1":"product","2":"type-product","3":"status-publish","4":"has-post-thumbnail","6":"product_cat-autoajuda-i-salut-mental","7":"product_cat-autoayuda-y-salud-mental","8":"product_cat-autores-psicologia-2_humanidades","9":"product_cat-autors-psicologia","10":"product_cat-de-la-personalidad-y-del-desarrollo","11":"product_cat-de-la-personalitat-i-del-desenvolupament","13":"first","14":"instock","15":"taxable","16":"shipping-taxable","17":"purchasable","18":"product-type-simple"},"acf":{"editorial":[{"ID":147420,"post_author":"3","post_date":"2022-10-14 11:50:26","post_date_gmt":"2022-10-14 09:50:26","post_content":"","post_title":"AMAT EDITORIAL","post_excerpt":"","post_status":"publish","comment_status":"closed","ping_status":"closed","post_password":"","post_name":"amat-editorial","to_ping":"","pinged":"","post_modified":"2022-10-14 11:50:26","post_modified_gmt":"2022-10-14 09:50:26","post_content_filtered":"","post_parent":0,"guid":"http:\/\/dev.claret.cat\/editorial\/amat-editorial\/","menu_order":0,"post_type":"editorial","post_mime_type":"","comment_count":"0","filter":"raw"}],"autores-libros":[{"ID":394036,"post_author":"3","post_date":"2023-02-22 21:37:06","post_date_gmt":"2023-02-22 20:37:06","post_content":"","post_title":"MARIA MERC\u00c8 CONANGLA MAR\u00cdN","post_excerpt":"","post_status":"publish","comment_status":"closed","ping_status":"closed","post_password":"","post_name":"maria-merce-conangla-marin","to_ping":"","pinged":"","post_modified":"2023-02-22 21:37:06","post_modified_gmt":"2023-02-22 20:37:06","post_content_filtered":"","post_parent":0,"guid":"https:\/\/www.claret.cat\/autor\/maria-merce-conangla-marin\/","menu_order":0,"post_type":"autor","post_mime_type":"","comment_count":"0","filter":"raw"},{"ID":158635,"post_author":"3","post_date":"2022-10-14 15:38:24","post_date_gmt":"2022-10-14 13:38:24","post_content":"","post_title":"JAUME SOLER","post_excerpt":"","post_status":"publish","comment_status":"closed","ping_status":"closed","post_password":"","post_name":"jaume-soler","to_ping":"","pinged":"","post_modified":"2022-10-14 15:38:24","post_modified_gmt":"2022-10-14 13:38:24","post_content_filtered":"","post_parent":0,"guid":"http:\/\/dev.claret.cat\/autor\/jaume-soler\/","menu_order":0,"post_type":"autor","post_mime_type":"","comment_count":"0","filter":"raw"}],"autor":"CONANGLA MAR\u00cdN, MARIA MERC\u00c8 \/ SOLER, JAUME","codart":"841934145","libros-coleccion":"FORA DE COL.LECCI\u00d3","ediciones":"1","encuadernacion":"R\u00fastica","fecha_de_publicacion":"01\/06\/2022","novedad":"1","paginas":"264","subtitulo":"RELATOS PARA REFLEXIONAR SOBRE LA GESTI\u00d3N EMOCIONAL DE NUESTRA VIDA","orden":"0","portada":"0","idioma":"spa"},"aioseo_notices":[],"_links":{"self":[{"href":"https:\/\/www.claret.cat\/es\/wp-json\/wp\/v2\/product\/447413","targetHints":{"allow":["GET"]}}],"collection":[{"href":"https:\/\/www.claret.cat\/es\/wp-json\/wp\/v2\/product"}],"about":[{"href":"https:\/\/www.claret.cat\/es\/wp-json\/wp\/v2\/types\/product"}],"wp:featuredmedia":[{"embeddable":true,"href":"https:\/\/www.claret.cat\/es\/wp-json\/wp\/v2\/media\/447414"}],"wp:attachment":[{"href":"https:\/\/www.claret.cat\/es\/wp-json\/wp\/v2\/media?parent=447413"}],"wp:term":[{"taxonomy":"product_brand","embeddable":true,"href":"https:\/\/www.claret.cat\/es\/wp-json\/wp\/v2\/product_brand?post=447413"},{"taxonomy":"product_cat","embeddable":true,"href":"https:\/\/www.claret.cat\/es\/wp-json\/wp\/v2\/product_cat?post=447413"},{"taxonomy":"product_tag","embeddable":true,"href":"https:\/\/www.claret.cat\/es\/wp-json\/wp\/v2\/product_tag?post=447413"}],"curies":[{"name":"wp","href":"https:\/\/api.w.org\/{rel}","templated":true}]}}