{"id":44746,"date":"2022-10-02T21:53:50","date_gmt":"2022-10-02T19:53:50","guid":{"rendered":"http:\/\/dev.claret.cat\/producte\/a-punt-curs-de-catala-llibre-dexercicis\/"},"modified":"2024-05-23T02:02:43","modified_gmt":"2024-05-23T00:02:43","slug":"a-punt-curs-de-catala-llibre-dexercicis-9788491912095","status":"publish","type":"product","link":"https:\/\/www.claret.cat\/es\/libro\/a-punt-curs-de-catala-llibre-dexercicis-9788491912095\/","title":{"rendered":"A PUNT &#8211; CURS DE CATAL\u00c0 &#8211; LLIBRE D&#8217;EXERCICIS"},"content":{"rendered":"<p>A punt \u00e9s un m\u00e8tode d&#8217;aprenentatge de catal\u00e0, com a segona llengua, elaborat d&#8217;acord amb les directrius del Marc Europeu Com\u00fa de Refer\u00e8ncia per a les lleng\u00fces: aprendre, ensenyar i avaluar del Consell d&#8217;Europa, amb un enfocament basat en l&#8217;acci\u00f3, en el qual la tasca \u00e9s la unitat essencial per a la programaci\u00f3 i l&#8217;ensenyament. Una estructura clara i sistem\u00e0tica, unes activitats estimulants i variades, i una proposta de tasques finals en cada unitat permeten a l&#8217;alumne desenvolupar de manera efica\u00e7 i amena la compet\u00e8ncia comunicativa. Va adre\u00e7at a estudiants adolescents i adults de catal\u00e0 que viuen tant als territoris de parla catalana com de fora, i fomenta el treball en col\u00b7laboraci\u00f3, que obre espais d&#8217;interacci\u00f3 i de negociaci\u00f3 semblants als que els alumnes poden experimentar fora de l&#8217;aula.<\/p>\n","protected":false},"excerpt":{"rendered":"<p>PUBLICACIONS DE L&#8217;ABADIA DE MONTSERRAT<\/p>\n","protected":false},"featured_media":361892,"template":"","meta":{"_acf_changed":false,"om_disable_all_campaigns":false,"rs_blank_template":"","rs_page_bg_color":"","slide_template_v7":"","inline_featured_image":false,"_monsterinsights_skip_tracking":false,"_monsterinsights_sitenote_active":false,"_monsterinsights_sitenote_note":"","_monsterinsights_sitenote_category":0},"product_brand":[],"product_cat":[579,142,575,146],"product_tag":[],"class_list":{"0":"post-44746","1":"product","2":"type-product","3":"status-publish","4":"has-post-thumbnail","6":"product_cat-cuadernos-de-trabajo","7":"product_cat-orientacio-professional","8":"product_cat-orientacion-profesional-escolar-4_escolar-spa","9":"product_cat-quaderns-de-treball","11":"first","12":"instock","13":"taxable","14":"shipping-taxable","15":"purchasable","16":"product-type-simple"},"acf":{"autor":"PUBLICACIONS DE L'ABADIA DE MONTSERRAT","codart":"849191209","libros-coleccion":"A punt","ediciones":"1","encuadernacion":"R\u00fastica","fecha_de_publicacion":"07\/02\/2022","novedad":"1","paginas":"195","subtitulo":"LLIBRE D'EXERCICIS - A1 + A2","orden":"0","portada":"0","idioma":"cat","editorial":[{"ID":8266,"post_author":"3","post_date":"2022-09-30 09:21:36","post_date_gmt":"2022-09-30 07:21:36","post_content":"","post_title":"PUBLICACIONS DE L'ABADIA DE MONTSERRAT","post_excerpt":"","post_status":"publish","comment_status":"closed","ping_status":"closed","post_password":"","post_name":"publicacions-de-labadia-de-montserrat-5","to_ping":"","pinged":"","post_modified":"2022-09-30 09:21:36","post_modified_gmt":"2022-09-30 07:21:36","post_content_filtered":"","post_parent":0,"guid":"http:\/\/dev.claret.cat\/editorial\/publicacions-de-labadia-de-montserrat-5\/","menu_order":0,"post_type":"editorial","post_mime_type":"","comment_count":"0","filter":"raw"}],"autores-libros":[{"ID":5957,"post_author":"3","post_date":"2022-07-28 17:35:08","post_date_gmt":"2022-07-28 15:35:08","post_content":"","post_title":"PUBLICACIONS DE L\u00b4ABADIA DE MONTSERRAT","post_excerpt":"","post_status":"publish","comment_status":"closed","ping_status":"closed","post_password":"","post_name":"publicacions-de-labadia-de-montserrat","to_ping":"","pinged":"","post_modified":"2022-07-28 17:35:08","post_modified_gmt":"2022-07-28 15:35:08","post_content_filtered":"","post_parent":0,"guid":"http:\/\/dev.claret.cat\/autor\/publicacions-de-labadia-de-montserrat\/","menu_order":0,"post_type":"autor","post_mime_type":"","comment_count":"0","filter":"raw"}]},"aioseo_notices":[],"_links":{"self":[{"href":"https:\/\/www.claret.cat\/es\/wp-json\/wp\/v2\/product\/44746","targetHints":{"allow":["GET"]}}],"collection":[{"href":"https:\/\/www.claret.cat\/es\/wp-json\/wp\/v2\/product"}],"about":[{"href":"https:\/\/www.claret.cat\/es\/wp-json\/wp\/v2\/types\/product"}],"wp:featuredmedia":[{"embeddable":true,"href":"https:\/\/www.claret.cat\/es\/wp-json\/wp\/v2\/media\/361892"}],"wp:attachment":[{"href":"https:\/\/www.claret.cat\/es\/wp-json\/wp\/v2\/media?parent=44746"}],"wp:term":[{"taxonomy":"product_brand","embeddable":true,"href":"https:\/\/www.claret.cat\/es\/wp-json\/wp\/v2\/product_brand?post=44746"},{"taxonomy":"product_cat","embeddable":true,"href":"https:\/\/www.claret.cat\/es\/wp-json\/wp\/v2\/product_cat?post=44746"},{"taxonomy":"product_tag","embeddable":true,"href":"https:\/\/www.claret.cat\/es\/wp-json\/wp\/v2\/product_tag?post=44746"}],"curies":[{"name":"wp","href":"https:\/\/api.w.org\/{rel}","templated":true}]}}