{"id":447532,"date":"2023-06-14T18:53:03","date_gmt":"2023-06-14T16:53:03","guid":{"rendered":"https:\/\/www.claret.cat\/llibre\/el-secret-de-lanika-9788419476098\/"},"modified":"2024-05-03T11:18:17","modified_gmt":"2024-05-03T09:18:17","slug":"el-secret-de-lanika-9788419476098","status":"publish","type":"product","link":"https:\/\/www.claret.cat\/es\/libro\/el-secret-de-lanika-9788419476098\/","title":{"rendered":"EL SECRET DE L&#8217;ANIKA"},"content":{"rendered":"<p>A l&#8217;Anika, una nena de quatre anys, li agrada molt jugar a pirates amb la seva amiga Clara. Un dia, a l&#8217;hora del pati, l&#8217;Anika no t\u00e9 ganes de jugar: se sent trista, per\u00f2 no pot explicar per qu\u00e8\u2026 \u00c9s un secret. Amb l&#8217;ajuda de la Clara, l&#8217;Anika aprendr\u00e0 a diferenciar entre coses que la fan sentir b\u00e9 i coses que no, i descobrir\u00e0 quin \u00e9s el seu entorn de confian\u00e7a, on podr\u00e0 explicar el seu secret.<\/p>\n","protected":false},"excerpt":{"rendered":"<p>TR\u00c9BOL, CRISTINA<\/p>\n","protected":false},"featured_media":447533,"template":"","meta":{"_acf_changed":false,"om_disable_all_campaigns":false,"rs_blank_template":"","rs_page_bg_color":"","slide_template_v7":"","inline_featured_image":false,"_monsterinsights_skip_tracking":false,"_monsterinsights_sitenote_active":false,"_monsterinsights_sitenote_note":"","_monsterinsights_sitenote_category":0},"product_brand":[],"product_cat":[131,132,361,362],"product_tag":[],"class_list":{"0":"post-447532","1":"product","2":"type-product","3":"status-publish","4":"has-post-thumbnail","6":"product_cat-contes-per-infants-0-6-anys","7":"product_cat-lectures-per-preadolescents-6-12-anys","8":"product_cat-cuentos-para-ninos-0-6-anos","9":"product_cat-libros-preadolescentes-6-12-anos","11":"first","12":"instock","13":"taxable","14":"shipping-taxable","15":"purchasable","16":"product-type-simple"},"acf":{"autor":"TR\u00c9BOL, CRISTINA","codart":"841947609","libros-coleccion":"FORA DE COL.LECCI\u00d3","ediciones":"1","encuadernacion":"Carton\u00e9","fecha_de_publicacion":"01\/04\/2023","novedad":"1","paginas":"36","subtitulo":"","orden":"0","portada":"0","idioma":"spa","editorial":[{"ID":6215,"post_author":"3","post_date":"2022-07-28 17:47:20","post_date_gmt":"2022-07-28 15:47:20","post_content":"","post_title":"Edita.cat","post_excerpt":"","post_status":"publish","comment_status":"closed","ping_status":"closed","post_password":"","post_name":"edita-cat","to_ping":"","pinged":"","post_modified":"2022-07-28 17:47:20","post_modified_gmt":"2022-07-28 15:47:20","post_content_filtered":"","post_parent":0,"guid":"http:\/\/dev.claret.cat\/editorial\/edita-cat\/","menu_order":0,"post_type":"editorial","post_mime_type":"","comment_count":"0","filter":"raw"}],"autores-libros":[{"ID":447531,"post_author":"3","post_date":"2023-06-14 18:53:00","post_date_gmt":"2023-06-14 16:53:00","post_content":"","post_title":"CRISTINA TR\u00c9BOL","post_excerpt":"","post_status":"publish","comment_status":"closed","ping_status":"closed","post_password":"","post_name":"cristina-trebol","to_ping":"","pinged":"","post_modified":"2023-06-14 18:53:00","post_modified_gmt":"2023-06-14 16:53:00","post_content_filtered":"","post_parent":0,"guid":"https:\/\/www.claret.cat\/autor\/cristina-trebol\/","menu_order":0,"post_type":"autor","post_mime_type":"","comment_count":"0","filter":"raw"}]},"aioseo_notices":[],"_links":{"self":[{"href":"https:\/\/www.claret.cat\/es\/wp-json\/wp\/v2\/product\/447532","targetHints":{"allow":["GET"]}}],"collection":[{"href":"https:\/\/www.claret.cat\/es\/wp-json\/wp\/v2\/product"}],"about":[{"href":"https:\/\/www.claret.cat\/es\/wp-json\/wp\/v2\/types\/product"}],"wp:featuredmedia":[{"embeddable":true,"href":"https:\/\/www.claret.cat\/es\/wp-json\/wp\/v2\/media\/447533"}],"wp:attachment":[{"href":"https:\/\/www.claret.cat\/es\/wp-json\/wp\/v2\/media?parent=447532"}],"wp:term":[{"taxonomy":"product_brand","embeddable":true,"href":"https:\/\/www.claret.cat\/es\/wp-json\/wp\/v2\/product_brand?post=447532"},{"taxonomy":"product_cat","embeddable":true,"href":"https:\/\/www.claret.cat\/es\/wp-json\/wp\/v2\/product_cat?post=447532"},{"taxonomy":"product_tag","embeddable":true,"href":"https:\/\/www.claret.cat\/es\/wp-json\/wp\/v2\/product_tag?post=447532"}],"curies":[{"name":"wp","href":"https:\/\/api.w.org\/{rel}","templated":true}]}}