{"id":447580,"date":"2023-06-15T16:05:33","date_gmt":"2023-06-15T14:05:33","guid":{"rendered":"https:\/\/www.claret.cat\/llibre\/maria-magdalena-el-regreso-de-la-mesias-en-el-fin-de-los-tiempos-9788419385925\/"},"modified":"2024-05-14T16:45:11","modified_gmt":"2024-05-14T14:45:11","slug":"maria-magdalena-el-regreso-de-la-mesias-en-el-fin-de-los-tiempos-9788419385925","status":"publish","type":"product","link":"https:\/\/www.claret.cat\/es\/libro\/maria-magdalena-el-regreso-de-la-mesias-en-el-fin-de-los-tiempos-9788419385925\/","title":{"rendered":"MAR\u00cdA MAGDALENA. EL REGRESO DE LA MES\u00cdAS EN EL FIN DE LOS TIEMPOS"},"content":{"rendered":"<p>El texto, \u201cMAR\u00cdA MAGDALENA, Regreso de la Mes\u00edas y el Fin de los Tiempos\u201d, a modo de narraci\u00f3n y ensayo biogr\u00e1fico, aborda el retorno de la Mes\u00edas y el significado del \u201cFin de los Tiempos\u201d. <br \/> Es quiz\u00e1s la novedosa idea de quien ha de regresar, que tal vez no sea un mes\u00edas masculino, aquella que puede impactar en el lector y una de las grandes aportaciones del autor. La primera parte est\u00e1 dedicada expresamente al regreso de la Mes\u00edas, por otro lado, repres\u00e9ntate de la energ\u00eda femenina, Mar\u00eda Magdalena. Idea que curiosamente ha estado explicitada desde los tiempos antiguos. El libro se apoya, principalmente en las Revelaciones y los an\u00e1lisis de grandes maestros-cient\u00edficos para defender la tesis de un regreso de Mar\u00eda Magdalena. <br \/> El Texto localiza los lugares literarios donde queda claro que no va a regresar ning\u00fan Mes\u00edas masculino, sino a lo sumo se tratar\u00eda del retorno de la Energ\u00eda femenina. Una energ\u00eda que esta representada por la gran diosa Isis que ha de llegar despu\u00e9s de que su sacerdotisa, Mar\u00eda Magdalena le prepare el camino.<br \/> En la segunda parte, el libro expone, \u00bfqu\u00e9 es eso del fin de los tiempos? \u00bfDe d\u00f3nde surge y cuando puede que llegue? Unas aportaciones que fueron hechas por los dioses Annuna, profetas y videntes de todos los tiempos. Algo que desde la m\u00e1s remota antig\u00fcedad cientos de profetas vienen hablando. Sin embargo, el ser humano hace o\u00eddos sordos una y otra vez. Los profetas, y videntes a trav\u00e9s de las casandras intemporales, insisten en la necesidad por parte del hombre de estar preparados: todo ciclo tiene un principio y un final, y todo c\u00edrculo se abre y se cierra para dar paso a otro nuevo inicio.<br \/> El autor aporta los datos suficientes para saber que el Fin de los Tiempos, por una parte, es algo irremediable y, por otra, puede que no est\u00e9 lejano. Nos sumerge en la historia que conecta al hombre del S. XXI, con aquel Sapiens con Alma, que comenz\u00f3 a caminar de la mano de los dioses Annuna.<br \/> Esta obra nos sit\u00faa delante, como un espejo, el Destino Humano, donde se combina un final colectivo y una esperanzadora Nueva Humanidad. Una humanidad basada en las ense\u00f1anzas de la denostada Iglesia de Johshua ben Jacob y Miriam la Magdala. El Hombre actual debe prepararse ante la llegada de lo desconocido y de lo inesperado, aplicando la antigua regla espiritual: de lo desconocido, espera lo inesperado.<\/p>\n","protected":false},"excerpt":{"rendered":"<p>GURREA MART\u00cdN, MANUEL<\/p>\n","protected":false},"featured_media":447581,"template":"","meta":{"_acf_changed":false,"om_disable_all_campaigns":false,"rs_blank_template":"","rs_page_bg_color":"","slide_template_v7":"","inline_featured_image":false,"_monsterinsights_skip_tracking":false,"_monsterinsights_sitenote_active":false,"_monsterinsights_sitenote_note":"","_monsterinsights_sitenote_category":0},"product_brand":[],"product_cat":[281,416],"product_tag":[],"class_list":{"0":"post-447580","1":"product","2":"type-product","3":"status-publish","4":"has-post-thumbnail","6":"product_cat-escatologia","7":"product_cat-escatologia-teologia-1_espiritualidad","9":"first","10":"instock","11":"taxable","12":"shipping-taxable","13":"purchasable","14":"product-type-simple"},"acf":{"autor":"GURREA MART\u00cdN, MANUEL","codart":"841938592","libros-coleccion":"","ediciones":"1","encuadernacion":"R\u00fastica","fecha_de_publicacion":"01\/04\/2023","novedad":"1","paginas":"390","subtitulo":"","orden":"0","portada":"0","idioma":"spa","editorial":[{"ID":387451,"post_author":"3","post_date":"2023-02-13 10:59:28","post_date_gmt":"2023-02-13 09:59:28","post_content":"","post_title":"Ediciones Albores","post_excerpt":"","post_status":"publish","comment_status":"closed","ping_status":"closed","post_password":"","post_name":"ediciones-albores","to_ping":"","pinged":"","post_modified":"2023-02-13 10:59:28","post_modified_gmt":"2023-02-13 09:59:28","post_content_filtered":"","post_parent":0,"guid":"https:\/\/www.claret.cat\/editorial\/ediciones-albores\/","menu_order":0,"post_type":"editorial","post_mime_type":"","comment_count":"0","filter":"raw"}],"autores-libros":[{"ID":447595,"post_author":"3","post_date":"2023-06-15 16:30:08","post_date_gmt":"2023-06-15 14:30:08","post_content":"","post_title":"MANUEL GURREA MART\u00cdN","post_excerpt":"","post_status":"publish","comment_status":"closed","ping_status":"closed","post_password":"","post_name":"manuel-gurrea-martin","to_ping":"","pinged":"","post_modified":"2023-06-15 16:30:08","post_modified_gmt":"2023-06-15 14:30:08","post_content_filtered":"","post_parent":0,"guid":"https:\/\/www.claret.cat\/autor\/manuel-gurrea-martin\/","menu_order":0,"post_type":"autor","post_mime_type":"","comment_count":"0","filter":"raw"}]},"aioseo_notices":[],"_links":{"self":[{"href":"https:\/\/www.claret.cat\/es\/wp-json\/wp\/v2\/product\/447580","targetHints":{"allow":["GET"]}}],"collection":[{"href":"https:\/\/www.claret.cat\/es\/wp-json\/wp\/v2\/product"}],"about":[{"href":"https:\/\/www.claret.cat\/es\/wp-json\/wp\/v2\/types\/product"}],"wp:featuredmedia":[{"embeddable":true,"href":"https:\/\/www.claret.cat\/es\/wp-json\/wp\/v2\/media\/447581"}],"wp:attachment":[{"href":"https:\/\/www.claret.cat\/es\/wp-json\/wp\/v2\/media?parent=447580"}],"wp:term":[{"taxonomy":"product_brand","embeddable":true,"href":"https:\/\/www.claret.cat\/es\/wp-json\/wp\/v2\/product_brand?post=447580"},{"taxonomy":"product_cat","embeddable":true,"href":"https:\/\/www.claret.cat\/es\/wp-json\/wp\/v2\/product_cat?post=447580"},{"taxonomy":"product_tag","embeddable":true,"href":"https:\/\/www.claret.cat\/es\/wp-json\/wp\/v2\/product_tag?post=447580"}],"curies":[{"name":"wp","href":"https:\/\/api.w.org\/{rel}","templated":true}]}}