{"id":447663,"date":"2023-06-16T19:08:40","date_gmt":"2023-06-16T17:08:40","guid":{"rendered":"https:\/\/www.claret.cat\/llibre\/vacances-camp-cretacic-1er-primaria-9788419316462\/"},"modified":"2023-10-11T02:21:00","modified_gmt":"2023-10-11T00:21:00","slug":"vacances-camp-cretacic-1er-primaria-9788419316462","status":"publish","type":"product","link":"https:\/\/www.claret.cat\/es\/libro\/vacances-camp-cretacic-1er-primaria-9788419316462\/","title":{"rendered":"VACANCES CAMP CRET\u00c0CIC 1ER PRIM\u00c0RIA"},"content":{"rendered":"<p>Per a gaudir d&#8221;un estiu cret\u00e0cic i trepidant!<br \/> Aquest quadern de vacances est\u00e0 basat en la s\u00e8rie Camp Cret\u00e0cic, de gran \u00e8xit en Netflix. En ell, els protagonistes de la s\u00e8rie s\u00f3n el fil conductor, ja que serveixen per a identificar cada \u00e0rea dels quaderns: Llengua, Matem\u00e0tiques, Ci\u00e8ncies de la Naturalesa, Ci\u00e8ncies Socials, Angl\u00e8s i Educaci\u00f3 art\u00edstica. Les activitats estan pensades perqu\u00e8 els xavals repassin amb alegria de la m\u00e0 dels seus personatges favorits. A m\u00e9s de treballar els continguts b\u00e0sics de cada \u00e0rea d&#8221;una manera l\u00fadica, el quadern planteja activitats relacionades amb les ODS, un dels pilars de la LOMLOE: 1-fi de la pobresa, 2-fam zero, 3-salut i benestar, 4-educaci\u00f3 de qualitat, 5-igualtat de g\u00e8nere, 6-aigua neta i sanejament, 7-energia assequible i no contaminant, 8-treball decent i creixement econ\u00f2mic, 9-ind\u00fastria, innovaci\u00f3 i infraestructura, 10-reducci\u00f3 de les desigualtats, 11-ciutats i comunitats sostenibles, 12-producci\u00f3 i consum responsable, 13-acci\u00f3 pel clima, 14-vida submarina, 15-vida d&#8221;ecosistemes terrestres, 16-pau, just\u00edcia i institucions s\u00f2lides.<\/p>\n","protected":false},"excerpt":{"rendered":"<p>CARRIL MART\u00cdNEZ, ISABEL \/ RUBIO N\u00da\u00d1EZ, EMMA \/ S\u00c1NCHEZ ORTIZ, RAQUEL \/ L\u00d3PEZ VEL<\/p>\n","protected":false},"featured_media":447664,"template":"","meta":{"_acf_changed":false,"om_disable_all_campaigns":false,"rs_blank_template":"","rs_page_bg_color":"","slide_template_v7":"","inline_featured_image":false,"_monsterinsights_skip_tracking":false,"_monsterinsights_sitenote_active":false,"_monsterinsights_sitenote_note":"","_monsterinsights_sitenote_category":0},"product_brand":[],"product_cat":[90,540],"product_tag":[],"class_list":{"0":"post-447663","1":"product","2":"type-product","3":"status-publish","4":"has-post-thumbnail","6":"product_cat-altres","7":"product_cat-otros","9":"first","10":"instock","11":"taxable","12":"shipping-taxable","13":"purchasable","14":"product-type-simple"},"acf":{"autor":"CARRIL MART\u00cdNEZ, ISABEL \/ RUBIO N\u00da\u00d1EZ, EMMA \/ S\u00c1NCHEZ ORTIZ, RAQUEL \/ L\u00d3PEZ VEL","codart":"841931646","libros-coleccion":"FORA DE COL.LECCI\u00d3","ediciones":"1","encuadernacion":"R\u00fastica","fecha_de_publicacion":"01\/04\/2023","novedad":"1","paginas":"63","subtitulo":"","orden":"0","portada":"0","idioma":"cat","editorial":[{"ID":148238,"post_author":"3","post_date":"2022-10-14 11:56:42","post_date_gmt":"2022-10-14 09:56:42","post_content":"","post_title":"Hachette","post_excerpt":"","post_status":"publish","comment_status":"closed","ping_status":"closed","post_password":"","post_name":"hachette","to_ping":"","pinged":"","post_modified":"2022-10-14 11:56:42","post_modified_gmt":"2022-10-14 09:56:42","post_content_filtered":"","post_parent":0,"guid":"http:\/\/dev.claret.cat\/editorial\/hachette\/","menu_order":0,"post_type":"editorial","post_mime_type":"","comment_count":"0","filter":"raw"}],"autores-libros":[{"ID":155037,"post_author":"3","post_date":"2022-10-14 15:09:39","post_date_gmt":"2022-10-14 13:09:39","post_content":"","post_title":"EMMA RUBIO N\u00da\u00d1EZ","post_excerpt":"","post_status":"publish","comment_status":"closed","ping_status":"closed","post_password":"","post_name":"emma-rubio-nunez","to_ping":"","pinged":"","post_modified":"2022-10-14 15:09:39","post_modified_gmt":"2022-10-14 13:09:39","post_content_filtered":"","post_parent":0,"guid":"http:\/\/dev.claret.cat\/autor\/emma-rubio-nunez\/","menu_order":0,"post_type":"autor","post_mime_type":"","comment_count":"0","filter":"raw"},{"ID":447728,"post_author":"3","post_date":"2023-06-17 10:31:22","post_date_gmt":"2023-06-17 08:31:22","post_content":"","post_title":"RAQUEL S\u00c1NCHEZ ORTIZ","post_excerpt":"","post_status":"publish","comment_status":"closed","ping_status":"closed","post_password":"","post_name":"raquel-sanchez-ortiz","to_ping":"","pinged":"","post_modified":"2023-06-17 10:31:22","post_modified_gmt":"2023-06-17 08:31:22","post_content_filtered":"","post_parent":0,"guid":"https:\/\/www.claret.cat\/autor\/raquel-sanchez-ortiz\/","menu_order":0,"post_type":"autor","post_mime_type":"","comment_count":"0","filter":"raw"},{"ID":447727,"post_author":"3","post_date":"2023-06-17 10:31:21","post_date_gmt":"2023-06-17 08:31:21","post_content":"","post_title":"L\u00d3PEZ VEL","post_excerpt":"","post_status":"publish","comment_status":"closed","ping_status":"closed","post_password":"","post_name":"lopez-vel","to_ping":"","pinged":"","post_modified":"2023-06-17 10:31:21","post_modified_gmt":"2023-06-17 08:31:21","post_content_filtered":"","post_parent":0,"guid":"https:\/\/www.claret.cat\/autor\/lopez-vel\/","menu_order":0,"post_type":"autor","post_mime_type":"","comment_count":"0","filter":"raw"},{"ID":447673,"post_author":"3","post_date":"2023-06-16 19:10:05","post_date_gmt":"2023-06-16 17:10:05","post_content":"","post_title":"ISABEL CARRIL MARTINEZ","post_excerpt":"","post_status":"publish","comment_status":"closed","ping_status":"closed","post_password":"","post_name":"isabel-carril-martinez","to_ping":"","pinged":"","post_modified":"2023-06-16 19:10:05","post_modified_gmt":"2023-06-16 17:10:05","post_content_filtered":"","post_parent":0,"guid":"https:\/\/www.claret.cat\/autor\/isabel-carril-martinez\/","menu_order":0,"post_type":"autor","post_mime_type":"","comment_count":"0","filter":"raw"}]},"aioseo_notices":[],"_links":{"self":[{"href":"https:\/\/www.claret.cat\/es\/wp-json\/wp\/v2\/product\/447663","targetHints":{"allow":["GET"]}}],"collection":[{"href":"https:\/\/www.claret.cat\/es\/wp-json\/wp\/v2\/product"}],"about":[{"href":"https:\/\/www.claret.cat\/es\/wp-json\/wp\/v2\/types\/product"}],"wp:featuredmedia":[{"embeddable":true,"href":"https:\/\/www.claret.cat\/es\/wp-json\/wp\/v2\/media\/447664"}],"wp:attachment":[{"href":"https:\/\/www.claret.cat\/es\/wp-json\/wp\/v2\/media?parent=447663"}],"wp:term":[{"taxonomy":"product_brand","embeddable":true,"href":"https:\/\/www.claret.cat\/es\/wp-json\/wp\/v2\/product_brand?post=447663"},{"taxonomy":"product_cat","embeddable":true,"href":"https:\/\/www.claret.cat\/es\/wp-json\/wp\/v2\/product_cat?post=447663"},{"taxonomy":"product_tag","embeddable":true,"href":"https:\/\/www.claret.cat\/es\/wp-json\/wp\/v2\/product_tag?post=447663"}],"curies":[{"name":"wp","href":"https:\/\/api.w.org\/{rel}","templated":true}]}}