{"id":447709,"date":"2023-06-16T19:31:57","date_gmt":"2023-06-16T17:31:57","guid":{"rendered":"https:\/\/www.claret.cat\/llibre\/bon-estiu-masha-i-los-45-anys-9788419316516\/"},"modified":"2025-05-30T17:15:33","modified_gmt":"2025-05-30T15:15:33","slug":"bon-estiu-masha-i-los-45-anys-9788419316516","status":"publish","type":"product","link":"https:\/\/www.claret.cat\/es\/libro\/bon-estiu-masha-i-los-45-anys-9788419316516\/","title":{"rendered":"BON ESTIU MASHA I L&#8217;OS, 4-5 ANYS"},"content":{"rendered":"<p>Feli\u00e7 estiu amb la nena m\u00e9s divertida de l&#8221;univers.<br \/> Preci\u00f3s quadern de vacances per a l&#8221;etapa d&#8221;Infantil protagonitzat per la divertida Masha, l&#8221;entranyable Os i la resta d&#8221;animalons del bosc en el qual viu la nena.<br \/> Es tracta d&#8221;una adaptaci\u00f3 al catal\u00e0 del<br \/> quadern en castell\u00e0 publicat en 2019,<br \/> en emetre&#8221;s actualment la s\u00e8rie televisiva<br \/> en el canal SUPER3 de la televisi\u00f3 catalana.<\/p>\n<p> Per a repassar i passar-ho b\u00e9 de la m\u00e0 de la Masha!<\/p>\n","protected":false},"excerpt":{"rendered":"<p>GARC\u00cdA CORTIZAS, MARTA<\/p>\n","protected":false},"featured_media":1023929,"template":"","meta":{"_acf_changed":false,"om_disable_all_campaigns":false,"rs_blank_template":"","rs_page_bg_color":"","slide_template_v7":"","inline_featured_image":false,"_monsterinsights_skip_tracking":false,"_monsterinsights_sitenote_active":false,"_monsterinsights_sitenote_note":"","_monsterinsights_sitenote_category":0},"product_brand":[],"product_cat":[131,333,361,122],"product_tag":[],"class_list":{"0":"post-447709","1":"product","2":"type-product","3":"status-publish","4":"has-post-thumbnail","6":"product_cat-contes-per-infants-0-6-anys","7":"product_cat-cuadernos-de-vacaciones","8":"product_cat-cuentos-para-ninos-0-6-anos","9":"product_cat-quaderns-de-vacances","11":"first","12":"instock","13":"taxable","14":"shipping-taxable","15":"purchasable","16":"product-type-simple"},"acf":{"autor":"GARC\u00cdA CORTIZAS, MARTA","codart":"841931651","libros-coleccion":"FORA DE COL.LECCI\u00d3","ediciones":"1","encuadernacion":"R\u00fastica","fecha_de_publicacion":"01\/04\/2023","novedad":"1","paginas":"64","subtitulo":"","orden":"0","portada":"0","idioma":"cat","editorial":[{"ID":148238,"post_author":"3","post_date":"2022-10-14 11:56:42","post_date_gmt":"2022-10-14 09:56:42","post_content":"","post_title":"Hachette","post_excerpt":"","post_status":"publish","comment_status":"closed","ping_status":"closed","post_password":"","post_name":"hachette","to_ping":"","pinged":"","post_modified":"2022-10-14 11:56:42","post_modified_gmt":"2022-10-14 09:56:42","post_content_filtered":"","post_parent":0,"guid":"http:\/\/dev.claret.cat\/editorial\/hachette\/","menu_order":0,"post_type":"editorial","post_mime_type":"","comment_count":"0","filter":"raw"}],"autores-libros":[{"ID":164157,"post_author":"3","post_date":"2022-10-14 17:44:48","post_date_gmt":"2022-10-14 15:44:48","post_content":"","post_title":"MARTA GARC\u00cdA CORTIZAS","post_excerpt":"","post_status":"publish","comment_status":"closed","ping_status":"closed","post_password":"","post_name":"marta-garcia-cortizas","to_ping":"","pinged":"","post_modified":"2022-10-14 17:44:48","post_modified_gmt":"2022-10-14 15:44:48","post_content_filtered":"","post_parent":0,"guid":"http:\/\/dev.claret.cat\/autor\/marta-garcia-cortizas\/","menu_order":0,"post_type":"autor","post_mime_type":"","comment_count":"0","filter":"raw"}],"booktrailer":"","resenas":""},"aioseo_notices":[],"_links":{"self":[{"href":"https:\/\/www.claret.cat\/es\/wp-json\/wp\/v2\/product\/447709","targetHints":{"allow":["GET"]}}],"collection":[{"href":"https:\/\/www.claret.cat\/es\/wp-json\/wp\/v2\/product"}],"about":[{"href":"https:\/\/www.claret.cat\/es\/wp-json\/wp\/v2\/types\/product"}],"wp:featuredmedia":[{"embeddable":true,"href":"https:\/\/www.claret.cat\/es\/wp-json\/wp\/v2\/media\/1023929"}],"wp:attachment":[{"href":"https:\/\/www.claret.cat\/es\/wp-json\/wp\/v2\/media?parent=447709"}],"wp:term":[{"taxonomy":"product_brand","embeddable":true,"href":"https:\/\/www.claret.cat\/es\/wp-json\/wp\/v2\/product_brand?post=447709"},{"taxonomy":"product_cat","embeddable":true,"href":"https:\/\/www.claret.cat\/es\/wp-json\/wp\/v2\/product_cat?post=447709"},{"taxonomy":"product_tag","embeddable":true,"href":"https:\/\/www.claret.cat\/es\/wp-json\/wp\/v2\/product_tag?post=447709"}],"curies":[{"name":"wp","href":"https:\/\/api.w.org\/{rel}","templated":true}]}}