{"id":447724,"date":"2023-06-17T10:25:07","date_gmt":"2023-06-17T08:25:07","guid":{"rendered":"https:\/\/www.claret.cat\/llibre\/gran-quadern-montessori-de-les-meves-primeres-paraules-9788419250056\/"},"modified":"2023-10-11T02:20:20","modified_gmt":"2023-10-11T00:20:20","slug":"gran-quadern-montessori-de-les-meves-primeres-paraules-9788419250056","status":"publish","type":"product","link":"https:\/\/www.claret.cat\/es\/libro\/gran-quadern-montessori-de-les-meves-primeres-paraules-9788419250056\/","title":{"rendered":"GRAN QUADERN MONTESSORI DE LES MEVES PRIMERES PARAULES"},"content":{"rendered":"<p>Aquest quadern Montessori est\u00e0 dedicat a l&#8221;aprenentatge de les primeres paraules, amb m\u00e9s de 100 activitats l\u00fadiques, 20 temes (la casa, la cuina, el jard\u00ed, els transports, els colors&#8230;) i 500 paraules il\u00b7lustrades destinades als m\u00e9s petits per ajudar-los a desenvolupar el llenguatge i enriquir el vocabulari. A partir dels 3 anys, els infants es divertiran reconeixent i dient el nom de 500 imatges del m\u00f3n que els envolta gr\u00e0cies a diferents activitats basades en l&#8221;estimulaci\u00f3 sistem\u00e0tica de l&#8221;expressi\u00f3 oral, l&#8221;\u00fas d&#8221;imatges interactives i de jocs que permeten a l&#8221;infant observar, recon\u00e8ixer, comparar, associar, etc. Gr\u00e0cies a aquestes activitats, l&#8221;infant pot avan\u00e7ar en el seu coneixement de la realitat i guanyar confian\u00e7a en si mateix. Inclou 200 imatges retallables autocorrectives.<\/p>\n","protected":false},"excerpt":{"rendered":"<p>\u00c9DITIONS LAROUSSE<\/p>\n","protected":false},"featured_media":447725,"template":"","meta":{"_acf_changed":false,"om_disable_all_campaigns":false,"rs_blank_template":"","rs_page_bg_color":"","slide_template_v7":"","inline_featured_image":false,"_monsterinsights_skip_tracking":false,"_monsterinsights_sitenote_active":false,"_monsterinsights_sitenote_note":"","_monsterinsights_sitenote_category":0},"product_brand":[],"product_cat":[333,122],"product_tag":[],"class_list":{"0":"post-447724","1":"product","2":"type-product","3":"status-publish","4":"has-post-thumbnail","6":"product_cat-cuadernos-de-vacaciones","7":"product_cat-quaderns-de-vacances","9":"first","10":"instock","11":"taxable","12":"shipping-taxable","13":"purchasable","14":"product-type-simple"},"acf":{"autor":"\u00c9DITIONS LAROUSSE","codart":"841925005","libros-coleccion":"Larousse - Infantil \/ Juvenil - Catal\u00e1n","ediciones":"1","encuadernacion":"R\u00fastica","fecha_de_publicacion":"01\/05\/2022","novedad":"1","paginas":"160","subtitulo":"","orden":"0","portada":"0","idioma":"cat","editorial":[{"ID":148398,"post_author":"3","post_date":"2022-10-14 11:57:56","post_date_gmt":"2022-10-14 09:57:56","post_content":"","post_title":"Larousse","post_excerpt":"","post_status":"publish","comment_status":"closed","ping_status":"closed","post_password":"","post_name":"larousse","to_ping":"","pinged":"","post_modified":"2022-10-14 11:57:56","post_modified_gmt":"2022-10-14 09:57:56","post_content_filtered":"","post_parent":0,"guid":"http:\/\/dev.claret.cat\/editorial\/larousse\/","menu_order":0,"post_type":"editorial","post_mime_type":"","comment_count":"0","filter":"raw"}],"autores-libros":[{"ID":154517,"post_author":"3","post_date":"2022-10-14 15:05:26","post_date_gmt":"2022-10-14 13:05:26","post_content":"","post_title":"\u00c9DITIONS LAROUSSE","post_excerpt":"","post_status":"publish","comment_status":"closed","ping_status":"closed","post_password":"","post_name":"editions-larousse","to_ping":"","pinged":"","post_modified":"2022-10-14 15:05:26","post_modified_gmt":"2022-10-14 13:05:26","post_content_filtered":"","post_parent":0,"guid":"http:\/\/dev.claret.cat\/autor\/editions-larousse\/","menu_order":0,"post_type":"autor","post_mime_type":"","comment_count":"0","filter":"raw"}]},"aioseo_notices":[],"_links":{"self":[{"href":"https:\/\/www.claret.cat\/es\/wp-json\/wp\/v2\/product\/447724","targetHints":{"allow":["GET"]}}],"collection":[{"href":"https:\/\/www.claret.cat\/es\/wp-json\/wp\/v2\/product"}],"about":[{"href":"https:\/\/www.claret.cat\/es\/wp-json\/wp\/v2\/types\/product"}],"wp:featuredmedia":[{"embeddable":true,"href":"https:\/\/www.claret.cat\/es\/wp-json\/wp\/v2\/media\/447725"}],"wp:attachment":[{"href":"https:\/\/www.claret.cat\/es\/wp-json\/wp\/v2\/media?parent=447724"}],"wp:term":[{"taxonomy":"product_brand","embeddable":true,"href":"https:\/\/www.claret.cat\/es\/wp-json\/wp\/v2\/product_brand?post=447724"},{"taxonomy":"product_cat","embeddable":true,"href":"https:\/\/www.claret.cat\/es\/wp-json\/wp\/v2\/product_cat?post=447724"},{"taxonomy":"product_tag","embeddable":true,"href":"https:\/\/www.claret.cat\/es\/wp-json\/wp\/v2\/product_tag?post=447724"}],"curies":[{"name":"wp","href":"https:\/\/api.w.org\/{rel}","templated":true}]}}