{"id":447834,"date":"2023-06-19T13:20:16","date_gmt":"2023-06-19T11:20:16","guid":{"rendered":"https:\/\/www.claret.cat\/llibre\/choque-de-reyes-cancion-de-hielo-y-fuego-2-9788401032431\/"},"modified":"2023-10-11T01:39:56","modified_gmt":"2023-10-10T23:39:56","slug":"choque-de-reyes-cancion-de-hielo-y-fuego-2-9788401032431","status":"publish","type":"product","link":"https:\/\/www.claret.cat\/es\/libro\/choque-de-reyes-cancion-de-hielo-y-fuego-2-9788401032431\/","title":{"rendered":"CHOQUE DE REYES (CANCI\u00d3N DE HIELO Y FUEGO 2)"},"content":{"rendered":"<p>Los cinco t\u00edtulos hasta ahora publicados de \u00abCanci\u00f3n de hielo y fuego\u00bb, Juego de tronos, Choque de reyes, Tormenta de espadas, Fest\u00edn de cuervos y Danza de dragones, llegan a las librer\u00edas en una nueva edici\u00f3n que conquistar\u00e1 tanto a los fans de esta saga \u00e9pica como a aquellos que esperan la oportunidad perfecta para adentrarse en sus p\u00e1ginas por primera vez. \u00abLarga vida a George Martin&#8230; Sacerdote literario, sabedor de sudon para el personaje complejo, el lenguaje v\u00edvido y la visi\u00f3n salvaje de los mejores narradores.\u00bb<br \/>The New York Times \u00abLlegar\u00e1 un d\u00eda en el que te sientas segura y feliz, y de repente tu alegr\u00eda se te convertir\u00e1 en cenizas en la boca, y ese d\u00eda sabr\u00e1s que la deuda ha quedado saldada.\u00bbEn el cielo sobre los Siete Reinos, que se hallan asolados por una guerra devastadora, aparece un siniestro cometa color sangre. \u00bfAcaso se trata de otro augurio terrible sobre las cat\u00e1strofes que est\u00e1n por llegar? El verano ha terminado, y cuatro l\u00edderes se disputan el Trono de Hierro. Mientras tanto, al otro lado del mar, la orgullosa princesa exiliada Daenerys Targaryen est\u00e1 dispuesta a arriesgarlo todo con tal de recuperar la corona que le pertenece por derecho. Puede que, para ella, el cometa de sangre no sea un mal presagio, sino el heraldo de la venganza. Y mientras la batalla contin\u00faa, al norte, m\u00e1s all\u00e1 del Muro, las fuerzas oscuras se vuelven cada vez m\u00e1s poderosas.La cr\u00edtica ha dicho:<br \/>\u00abLarga vida a George Martin&#8230; Sacerdote literario, sabedor de su don para el personaje complejo, el lenguaje v\u00edvido y la visi\u00f3n salvaje de los mejores narradores.\u00bb<br \/>The New York Times \u00abLa capacidad de Martin para crear historias apasionantes de intriga es indiscutible.\u00bb<br \/>El Mundo \u00abEntre aquellos que se afanan en la gran tradici\u00f3n \u00e9pica de la fantas\u00eda, Martin es, con diferencia, el mejor.\u00bb<br \/>TIME Magazine\u00abEl sobrecogedor alcance de esta epopeya ha hecho que otros escritores de fantas\u00eda se lleven las manos a la cabeza.\u00bb<br \/>The Guardian \u00abEl escritor de la famosa saga hace tiempo que ha resuelto su porvenir y ha construido su indiscutible trono: el del nuevo rey de la literatura fant\u00e1stica.\u00bb<br \/>Vanitatis<\/p>\n","protected":false},"excerpt":{"rendered":"<p>R.R. MARTIN, GEORGE<\/p>\n","protected":false},"featured_media":447835,"template":"","meta":{"_acf_changed":false,"om_disable_all_campaigns":false,"rs_blank_template":"","rs_page_bg_color":"","slide_template_v7":"","inline_featured_image":false,"_monsterinsights_skip_tracking":false,"_monsterinsights_sitenote_active":false,"_monsterinsights_sitenote_note":"","_monsterinsights_sitenote_category":0},"product_brand":[],"product_cat":[127,357],"product_tag":[],"class_list":{"0":"post-447834","1":"product","2":"type-product","3":"status-publish","4":"has-post-thumbnail","6":"product_cat-novella-contemporania","7":"product_cat-novela-contemporanea","9":"first","10":"instock","11":"taxable","12":"shipping-taxable","13":"purchasable","14":"product-type-simple"},"acf":{"autor":"R.R. MARTIN, GEORGE","codart":"840103243","libros-coleccion":"Viento Abierto","ediciones":"1","encuadernacion":"Carton\u00e9","fecha_de_publicacion":"01\/06\/2023","novedad":"1","paginas":"929","subtitulo":"","orden":"0","portada":"0","idioma":"spa","editorial":[{"ID":6332,"post_author":"3","post_date":"2022-07-28 17:49:55","post_date_gmt":"2022-07-28 15:49:55","post_content":"","post_title":"PLAZA JANES, S.A.","post_excerpt":"","post_status":"publish","comment_status":"closed","ping_status":"closed","post_password":"","post_name":"plaza-janes-s-a","to_ping":"","pinged":"","post_modified":"2022-07-28 17:49:55","post_modified_gmt":"2022-07-28 15:49:55","post_content_filtered":"","post_parent":0,"guid":"http:\/\/dev.claret.cat\/editorial\/plaza-janes-s-a\/","menu_order":0,"post_type":"editorial","post_mime_type":"","comment_count":"0","filter":"raw"}],"autores-libros":[{"ID":156743,"post_author":"3","post_date":"2022-10-14 15:23:16","post_date_gmt":"2022-10-14 13:23:16","post_content":"","post_title":"GEORGE R.R. MARTIN","post_excerpt":"","post_status":"publish","comment_status":"closed","ping_status":"closed","post_password":"","post_name":"george-r-r-martin-5","to_ping":"","pinged":"","post_modified":"2022-10-14 15:23:16","post_modified_gmt":"2022-10-14 13:23:16","post_content_filtered":"","post_parent":0,"guid":"http:\/\/dev.claret.cat\/autor\/george-r-r-martin-5\/","menu_order":0,"post_type":"autor","post_mime_type":"","comment_count":"0","filter":"raw"}]},"aioseo_notices":[],"_links":{"self":[{"href":"https:\/\/www.claret.cat\/es\/wp-json\/wp\/v2\/product\/447834","targetHints":{"allow":["GET"]}}],"collection":[{"href":"https:\/\/www.claret.cat\/es\/wp-json\/wp\/v2\/product"}],"about":[{"href":"https:\/\/www.claret.cat\/es\/wp-json\/wp\/v2\/types\/product"}],"wp:featuredmedia":[{"embeddable":true,"href":"https:\/\/www.claret.cat\/es\/wp-json\/wp\/v2\/media\/447835"}],"wp:attachment":[{"href":"https:\/\/www.claret.cat\/es\/wp-json\/wp\/v2\/media?parent=447834"}],"wp:term":[{"taxonomy":"product_brand","embeddable":true,"href":"https:\/\/www.claret.cat\/es\/wp-json\/wp\/v2\/product_brand?post=447834"},{"taxonomy":"product_cat","embeddable":true,"href":"https:\/\/www.claret.cat\/es\/wp-json\/wp\/v2\/product_cat?post=447834"},{"taxonomy":"product_tag","embeddable":true,"href":"https:\/\/www.claret.cat\/es\/wp-json\/wp\/v2\/product_tag?post=447834"}],"curies":[{"name":"wp","href":"https:\/\/api.w.org\/{rel}","templated":true}]}}