{"id":447840,"date":"2023-06-19T13:35:04","date_gmt":"2023-06-19T11:35:04","guid":{"rendered":"https:\/\/www.claret.cat\/llibre\/la-ovejita-va-a-la-granja-la-ovejita-que-vino-a-cenar-libro-de-carton-9788448864293\/"},"modified":"2023-12-22T18:45:42","modified_gmt":"2023-12-22T17:45:42","slug":"la-ovejita-va-a-la-granja-la-ovejita-que-vino-a-cenar-libro-de-carton-9788448864293","status":"publish","type":"product","link":"https:\/\/www.claret.cat\/es\/libro\/la-ovejita-va-a-la-granja-la-ovejita-que-vino-a-cenar-libro-de-carton-9788448864293\/","title":{"rendered":"LA OVEJITA VA A LA GRANJA (LA OVEJITA QUE VINO A CENAR. LIBRO DE CART\u00d3N)"},"content":{"rendered":"<p>La granja \u00a1tem\u00e1tica TOP en infantil! La nueva aventura de La Ovejita en cart\u00f3n con mecanismos. Estofado, nuestra ovejita favorita, va a pasar el d\u00eda a la granja de Zorro. All\u00ed ayuda a recoger manzanas y hacer harina, y resulta ser un d\u00eda genial. Divi\u00e9rtete con cada p\u00e1gina y no te olvides de buscar al ratoncito que se esconde en los lugares m\u00e1s inesperados. Los ni\u00f1os peque\u00f1os disfrutar\u00e1n con las m\u00e1s divertidas aventuras en estos preciosos libros de cart\u00f3n.*F\u00e1ciles de manipular por sus peque\u00f1as manitas. *Estimulan su desarrollo a trav\u00e9s de las pesta\u00f1as y los mecanismos. *Potencian su imaginaci\u00f3n con las ilustraciones de su ovejita favorita. *Libros novedosos, pensados para convertirse en cl\u00e1sicos.\u00abLos cuentos de la Ovejita siempre son un acierto\u00bb.<\/p>\n","protected":false},"excerpt":{"rendered":"<p>SMALLMAN, STEVE \/ DREIDEMY, JO\u00cbLLE<\/p>\n","protected":false},"featured_media":447841,"template":"","meta":{"_acf_changed":false,"om_disable_all_campaigns":false,"rs_blank_template":"","rs_page_bg_color":"","slide_template_v7":"","inline_featured_image":false,"_monsterinsights_skip_tracking":false,"_monsterinsights_sitenote_active":false,"_monsterinsights_sitenote_note":"","_monsterinsights_sitenote_category":0},"product_brand":[],"product_cat":[131,361],"product_tag":[],"class_list":{"0":"post-447840","1":"product","2":"type-product","3":"status-publish","4":"has-post-thumbnail","6":"product_cat-contes-per-infants-0-6-anys","7":"product_cat-cuentos-para-ninos-0-6-anos","9":"first","10":"instock","11":"taxable","12":"shipping-taxable","13":"purchasable","14":"product-type-simple"},"acf":{"autor":"SMALLMAN, STEVE \/ DREIDEMY, JO\u00cbLLE","codart":"844886429","libros-coleccion":"","ediciones":"1","encuadernacion":"Carpeta","fecha_de_publicacion":"01\/06\/2023","novedad":"1","paginas":"10","subtitulo":"","orden":"0","portada":"0","idioma":"spa","editorial":[{"ID":6141,"post_author":"3","post_date":"2022-07-28 17:45:46","post_date_gmt":"2022-07-28 15:45:46","post_content":"","post_title":"BEASCOA","post_excerpt":"","post_status":"publish","comment_status":"closed","ping_status":"closed","post_password":"","post_name":"beascoa","to_ping":"","pinged":"","post_modified":"2022-07-28 17:45:46","post_modified_gmt":"2022-07-28 15:45:46","post_content_filtered":"","post_parent":0,"guid":"http:\/\/dev.claret.cat\/editorial\/beascoa\/","menu_order":0,"post_type":"editorial","post_mime_type":"","comment_count":"0","filter":"raw"}],"autores-libros":[{"ID":5608,"post_author":"3","post_date":"2022-07-28 17:27:39","post_date_gmt":"2022-07-28 15:27:39","post_content":"","post_title":"JO\u00cbLLE DREIDEMY","post_excerpt":"","post_status":"publish","comment_status":"closed","ping_status":"closed","post_password":"","post_name":"joelle-dreidemy","to_ping":"","pinged":"","post_modified":"2022-07-28 17:27:39","post_modified_gmt":"2022-07-28 15:27:39","post_content_filtered":"","post_parent":0,"guid":"http:\/\/dev.claret.cat\/autor\/joelle-dreidemy\/","menu_order":0,"post_type":"autor","post_mime_type":"","comment_count":"0","filter":"raw"},{"ID":6046,"post_author":"3","post_date":"2022-07-28 17:37:00","post_date_gmt":"2022-07-28 15:37:00","post_content":"","post_title":"STEVE SMALLMAN","post_excerpt":"","post_status":"publish","comment_status":"closed","ping_status":"closed","post_password":"","post_name":"steve-smallman","to_ping":"","pinged":"","post_modified":"2022-07-28 17:37:00","post_modified_gmt":"2022-07-28 15:37:00","post_content_filtered":"","post_parent":0,"guid":"http:\/\/dev.claret.cat\/autor\/steve-smallman\/","menu_order":0,"post_type":"autor","post_mime_type":"","comment_count":"0","filter":"raw"}]},"aioseo_notices":[],"_links":{"self":[{"href":"https:\/\/www.claret.cat\/es\/wp-json\/wp\/v2\/product\/447840","targetHints":{"allow":["GET"]}}],"collection":[{"href":"https:\/\/www.claret.cat\/es\/wp-json\/wp\/v2\/product"}],"about":[{"href":"https:\/\/www.claret.cat\/es\/wp-json\/wp\/v2\/types\/product"}],"wp:featuredmedia":[{"embeddable":true,"href":"https:\/\/www.claret.cat\/es\/wp-json\/wp\/v2\/media\/447841"}],"wp:attachment":[{"href":"https:\/\/www.claret.cat\/es\/wp-json\/wp\/v2\/media?parent=447840"}],"wp:term":[{"taxonomy":"product_brand","embeddable":true,"href":"https:\/\/www.claret.cat\/es\/wp-json\/wp\/v2\/product_brand?post=447840"},{"taxonomy":"product_cat","embeddable":true,"href":"https:\/\/www.claret.cat\/es\/wp-json\/wp\/v2\/product_cat?post=447840"},{"taxonomy":"product_tag","embeddable":true,"href":"https:\/\/www.claret.cat\/es\/wp-json\/wp\/v2\/product_tag?post=447840"}],"curies":[{"name":"wp","href":"https:\/\/api.w.org\/{rel}","templated":true}]}}