{"id":447843,"date":"2023-06-19T13:35:14","date_gmt":"2023-06-19T11:35:14","guid":{"rendered":"https:\/\/www.claret.cat\/llibre\/lovelleta-va-a-la-granja-lovelleta-que-va-venir-a-sopar-llibre-de-cartro-9788448864309\/"},"modified":"2023-12-21T19:20:05","modified_gmt":"2023-12-21T18:20:05","slug":"lovelleta-va-a-la-granja-lovelleta-que-va-venir-a-sopar-llibre-de-cartro-9788448864309","status":"publish","type":"product","link":"https:\/\/www.claret.cat\/es\/libro\/lovelleta-va-a-la-granja-lovelleta-que-va-venir-a-sopar-llibre-de-cartro-9788448864309\/","title":{"rendered":"L&#8217;OVELLETA VA A LA GRANJA (L&#8221;OVELLETA QUE VA VENIR A SOPAR. LLIBRE DE CARTR\u00d3)"},"content":{"rendered":"<p>L&#8221;ovelleta visita la granja en aquesta nova entrega de la seva s\u00e8rie de cartr\u00f3 m\u00e9s interactiva. L&#8221;Estofat, la nostra ovelleta preferida, se&#8221;n va a la granja de la Rabosa. All\u00ed haur\u00e0 d&#8221;ajudar a la grangera a collir pomes i fer farina, tot plegat un dia genial. Diverteix-te amb cada p\u00e0gina i no t&#8221;oblidis de buscar el ratol\u00ed que s&#8221;amaga en els llocs m\u00e9s inesperats. Els infants gaudiran amb unes aventures d&#8221;all\u00f2 m\u00e9s divertides en aquests llibres de cartr\u00f3 preciosos.* F\u00e0cils de manipular amb les seves mans petitones. * Estimulen el seu desenvolupament mitjan\u00e7ant les pestanyes i els mecanismes. * Potencien la seva imaginaci\u00f3 amb les il\u00b7lustracions de la seva ovelleta preferida.* Llibres innovadors, pensats per convertir-se en cl\u00e0ssics.<\/p>\n","protected":false},"excerpt":{"rendered":"<p>SMALLMAN, STEVE \/ DREIDEMY, JO\u00cbLLE<\/p>\n","protected":false},"featured_media":447844,"template":"","meta":{"_acf_changed":false,"om_disable_all_campaigns":false,"rs_blank_template":"","rs_page_bg_color":"","slide_template_v7":"","inline_featured_image":false,"_monsterinsights_skip_tracking":false,"_monsterinsights_sitenote_active":false,"_monsterinsights_sitenote_note":"","_monsterinsights_sitenote_category":0},"product_brand":[],"product_cat":[131,361],"product_tag":[],"class_list":{"0":"post-447843","1":"product","2":"type-product","3":"status-publish","4":"has-post-thumbnail","6":"product_cat-contes-per-infants-0-6-anys","7":"product_cat-cuentos-para-ninos-0-6-anos","9":"first","10":"instock","11":"taxable","12":"shipping-taxable","13":"purchasable","14":"product-type-simple"},"acf":{"autor":"SMALLMAN, STEVE \/ DREIDEMY, JO\u00cbLLE","codart":"844886430","libros-coleccion":"","ediciones":"1","encuadernacion":"Carpeta","fecha_de_publicacion":"01\/06\/2023","novedad":"1","paginas":"10","subtitulo":"","orden":"0","portada":"0","idioma":"cat","editorial":[{"ID":6141,"post_author":"3","post_date":"2022-07-28 17:45:46","post_date_gmt":"2022-07-28 15:45:46","post_content":"","post_title":"BEASCOA","post_excerpt":"","post_status":"publish","comment_status":"closed","ping_status":"closed","post_password":"","post_name":"beascoa","to_ping":"","pinged":"","post_modified":"2022-07-28 17:45:46","post_modified_gmt":"2022-07-28 15:45:46","post_content_filtered":"","post_parent":0,"guid":"http:\/\/dev.claret.cat\/editorial\/beascoa\/","menu_order":0,"post_type":"editorial","post_mime_type":"","comment_count":"0","filter":"raw"}],"autores-libros":[{"ID":5608,"post_author":"3","post_date":"2022-07-28 17:27:39","post_date_gmt":"2022-07-28 15:27:39","post_content":"","post_title":"JO\u00cbLLE DREIDEMY","post_excerpt":"","post_status":"publish","comment_status":"closed","ping_status":"closed","post_password":"","post_name":"joelle-dreidemy","to_ping":"","pinged":"","post_modified":"2022-07-28 17:27:39","post_modified_gmt":"2022-07-28 15:27:39","post_content_filtered":"","post_parent":0,"guid":"http:\/\/dev.claret.cat\/autor\/joelle-dreidemy\/","menu_order":0,"post_type":"autor","post_mime_type":"","comment_count":"0","filter":"raw"},{"ID":6046,"post_author":"3","post_date":"2022-07-28 17:37:00","post_date_gmt":"2022-07-28 15:37:00","post_content":"","post_title":"STEVE SMALLMAN","post_excerpt":"","post_status":"publish","comment_status":"closed","ping_status":"closed","post_password":"","post_name":"steve-smallman","to_ping":"","pinged":"","post_modified":"2022-07-28 17:37:00","post_modified_gmt":"2022-07-28 15:37:00","post_content_filtered":"","post_parent":0,"guid":"http:\/\/dev.claret.cat\/autor\/steve-smallman\/","menu_order":0,"post_type":"autor","post_mime_type":"","comment_count":"0","filter":"raw"}]},"aioseo_notices":[],"_links":{"self":[{"href":"https:\/\/www.claret.cat\/es\/wp-json\/wp\/v2\/product\/447843","targetHints":{"allow":["GET"]}}],"collection":[{"href":"https:\/\/www.claret.cat\/es\/wp-json\/wp\/v2\/product"}],"about":[{"href":"https:\/\/www.claret.cat\/es\/wp-json\/wp\/v2\/types\/product"}],"wp:featuredmedia":[{"embeddable":true,"href":"https:\/\/www.claret.cat\/es\/wp-json\/wp\/v2\/media\/447844"}],"wp:attachment":[{"href":"https:\/\/www.claret.cat\/es\/wp-json\/wp\/v2\/media?parent=447843"}],"wp:term":[{"taxonomy":"product_brand","embeddable":true,"href":"https:\/\/www.claret.cat\/es\/wp-json\/wp\/v2\/product_brand?post=447843"},{"taxonomy":"product_cat","embeddable":true,"href":"https:\/\/www.claret.cat\/es\/wp-json\/wp\/v2\/product_cat?post=447843"},{"taxonomy":"product_tag","embeddable":true,"href":"https:\/\/www.claret.cat\/es\/wp-json\/wp\/v2\/product_tag?post=447843"}],"curies":[{"name":"wp","href":"https:\/\/api.w.org\/{rel}","templated":true}]}}