{"id":447861,"date":"2023-06-19T13:40:49","date_gmt":"2023-06-19T11:40:49","guid":{"rendered":"https:\/\/www.claret.cat\/llibre\/my-little-pony-mi-primera-lectura-deja-tu-marca-9788448865795\/"},"modified":"2023-10-11T01:39:37","modified_gmt":"2023-10-10T23:39:37","slug":"my-little-pony-mi-primera-lectura-deja-tu-marca-9788448865795","status":"publish","type":"product","link":"https:\/\/www.claret.cat\/es\/libro\/my-little-pony-mi-primera-lectura-deja-tu-marca-9788448865795\/","title":{"rendered":"MY LITTLE PONY. MI PRIMERA LECTURA &#8211; DEJA TU MARCA"},"content":{"rendered":"<p>\u00a1Mi primera lectura con My Little Pony! Las m\u00e1gicas historias de la serie que est\u00e1 triunfando en Netflix aterrizan en Espa\u00f1a con aventuras para primeros lectores. La serie que ha enamorado a generaciones durante 40 a\u00f1os est\u00e1 de vuelta con nuevas aventuras llenas de magia, m\u00fasica y amistad, ideales para iniciarse en la lectura.La magia ha vuelto por fin a Equestria gracias a Sunny y sus amigos. Pero los ponis deben enfrentarse a nuevos retos cuando la magia se descontrola y el caos se apodera del festival anual de Bah\u00eda Yeguamar. \u00bfPodr\u00e1 Zipp descubrir qu\u00e9 est\u00e1 pasando y as\u00ed trabajar todos juntos para salvar la magia una vez m\u00e1s? Este nuevo \u00e1lbumde primeras lecturas de la colecci\u00f3n para aprender a leer de My Little Pony, con ilustraciones a todo color, es el libro perfecto para fans de My Little Pony a partir de 5 a\u00f1os.  Los ni\u00f1os y ni\u00f1as en edad preescolar aprender\u00e1n a leer gracias a: *textos breves y f\u00e1ciles *frases cortas *vocabulario sencillo*ilustraciones a color que facilitan la comprensi\u00f3n del texto Adem\u00e1s, compartir con los m\u00e1s peque\u00f1os el placer de la lectura es clave para el \u00f3ptimo desarrollo intelectual de estos. Los libros, sus historias, son la herramienta perfecta para que conozcan su entorno y el mundo que les rodea, adem\u00e1s de ense\u00f1arles valores y mejorar su educaci\u00f3n.<\/p>\n","protected":false},"excerpt":{"rendered":"<p>HASBRO<\/p>\n","protected":false},"featured_media":447862,"template":"","meta":{"_acf_changed":false,"om_disable_all_campaigns":false,"rs_blank_template":"","rs_page_bg_color":"","slide_template_v7":"","inline_featured_image":false,"_monsterinsights_skip_tracking":false,"_monsterinsights_sitenote_active":false,"_monsterinsights_sitenote_note":"","_monsterinsights_sitenote_category":0},"product_brand":[],"product_cat":[131,361],"product_tag":[],"class_list":{"0":"post-447861","1":"product","2":"type-product","3":"status-publish","4":"has-post-thumbnail","6":"product_cat-contes-per-infants-0-6-anys","7":"product_cat-cuentos-para-ninos-0-6-anos","9":"first","10":"instock","11":"taxable","12":"shipping-taxable","13":"purchasable","14":"product-type-simple"},"acf":{"autor":"HASBRO","codart":"844886579","libros-coleccion":"","ediciones":"1","encuadernacion":"Carton\u00e9","fecha_de_publicacion":"01\/06\/2023","novedad":"1","paginas":"45","subtitulo":"LETRA MAY\u00daSCULA, FRASES CORTAS Y VOCABULARIO SENCILLO","orden":"0","portada":"0","idioma":"spa","editorial":[{"ID":6141,"post_author":"3","post_date":"2022-07-28 17:45:46","post_date_gmt":"2022-07-28 15:45:46","post_content":"","post_title":"BEASCOA","post_excerpt":"","post_status":"publish","comment_status":"closed","ping_status":"closed","post_password":"","post_name":"beascoa","to_ping":"","pinged":"","post_modified":"2022-07-28 17:45:46","post_modified_gmt":"2022-07-28 15:45:46","post_content_filtered":"","post_parent":0,"guid":"http:\/\/dev.claret.cat\/editorial\/beascoa\/","menu_order":0,"post_type":"editorial","post_mime_type":"","comment_count":"0","filter":"raw"}],"autores-libros":[{"ID":410657,"post_author":"3","post_date":"2023-03-06 19:41:16","post_date_gmt":"2023-03-06 18:41:16","post_content":"","post_title":"HASBRO","post_excerpt":"","post_status":"publish","comment_status":"closed","ping_status":"closed","post_password":"","post_name":"hasbro-2","to_ping":"","pinged":"","post_modified":"2023-03-06 19:41:16","post_modified_gmt":"2023-03-06 18:41:16","post_content_filtered":"","post_parent":0,"guid":"https:\/\/www.claret.cat\/autor\/hasbro-2\/","menu_order":0,"post_type":"autor","post_mime_type":"","comment_count":"0","filter":"raw"}]},"aioseo_notices":[],"_links":{"self":[{"href":"https:\/\/www.claret.cat\/es\/wp-json\/wp\/v2\/product\/447861","targetHints":{"allow":["GET"]}}],"collection":[{"href":"https:\/\/www.claret.cat\/es\/wp-json\/wp\/v2\/product"}],"about":[{"href":"https:\/\/www.claret.cat\/es\/wp-json\/wp\/v2\/types\/product"}],"wp:featuredmedia":[{"embeddable":true,"href":"https:\/\/www.claret.cat\/es\/wp-json\/wp\/v2\/media\/447862"}],"wp:attachment":[{"href":"https:\/\/www.claret.cat\/es\/wp-json\/wp\/v2\/media?parent=447861"}],"wp:term":[{"taxonomy":"product_brand","embeddable":true,"href":"https:\/\/www.claret.cat\/es\/wp-json\/wp\/v2\/product_brand?post=447861"},{"taxonomy":"product_cat","embeddable":true,"href":"https:\/\/www.claret.cat\/es\/wp-json\/wp\/v2\/product_cat?post=447861"},{"taxonomy":"product_tag","embeddable":true,"href":"https:\/\/www.claret.cat\/es\/wp-json\/wp\/v2\/product_tag?post=447861"}],"curies":[{"name":"wp","href":"https:\/\/api.w.org\/{rel}","templated":true}]}}