{"id":447864,"date":"2023-06-19T13:45:03","date_gmt":"2023-06-19T11:45:03","guid":{"rendered":"https:\/\/www.claret.cat\/llibre\/mundial-de-basquet-2023-magos-del-humor-61-9788402423962\/"},"modified":"2024-04-25T12:25:09","modified_gmt":"2024-04-25T10:25:09","slug":"mundial-de-basquet-2023-magos-del-humor-61-9788402423962","status":"publish","type":"product","link":"https:\/\/www.claret.cat\/es\/libro\/mundial-de-basquet-2023-magos-del-humor-61-9788402423962\/","title":{"rendered":"MUNDIAL DE B\u00c0SQUET 2023 (MAGOS DEL HUMOR 61)"},"content":{"rendered":"<p>Mortadel\u00b7lo i Filem\u00f3, al mundial de b\u00e0squet 2023! En aquesta nova aventura de Mortadel\u00b7lo i Filem\u00f3, el S\u00faper els encarrega una missi\u00f3 al campionat del m\u00f3n de b\u00e0squet: han de descobrir i parar-li els peus a alg\u00fa que es dedica a encongir els jugadors de tots els equips perqu\u00e8 guanyi el seu. Malgrat posar-hi totes les seves forces, l&#8221;aportaci\u00f3 dels agents de la T.I.A. nom\u00e9s servir\u00e0 per complicar molt m\u00e9s les coses. Per\u00f2 el bon humor de Francisco Ib\u00e1\u00f1ez, com sempre, aconseguir\u00e0 fer passar una estona molt divertida als milers d&#8221;aficionats a les aventures de Mortadel\u00b7lo i Filem\u00f3.<\/p>\n","protected":false},"excerpt":{"rendered":"<p>IB\u00c1\u00d1EZ, FRANCISCO<\/p>\n","protected":false},"featured_media":447865,"template":"","meta":{"_acf_changed":false,"om_disable_all_campaigns":false,"rs_blank_template":"","rs_page_bg_color":"","slide_template_v7":"","inline_featured_image":false,"_monsterinsights_skip_tracking":false,"_monsterinsights_sitenote_active":false,"_monsterinsights_sitenote_note":"","_monsterinsights_sitenote_category":0},"product_brand":[],"product_cat":[108,558],"product_tag":[],"class_list":{"0":"post-447864","1":"product","2":"type-product","3":"status-publish","4":"has-post-thumbnail","6":"product_cat-comic","7":"product_cat-comic-3_infantil-juvenil-spa-spa","9":"first","10":"instock","11":"taxable","12":"shipping-taxable","13":"purchasable","14":"product-type-simple"},"acf":{"autor":"IB\u00c1\u00d1EZ, FRANCISCO","codart":"840242396","libros-coleccion":"","ediciones":"1","encuadernacion":"Carton\u00e9","fecha_de_publicacion":"01\/06\/2023","novedad":"1","paginas":"46","subtitulo":"","orden":"0","portada":"0","idioma":"cat","editorial":[{"ID":6253,"post_author":"3","post_date":"2022-07-28 17:48:14","post_date_gmt":"2022-07-28 15:48:14","post_content":"","post_title":"Facultat Teologia de Catalunya","post_excerpt":"","post_status":"publish","comment_status":"closed","ping_status":"closed","post_password":"","post_name":"facultat-teologia-de-catalunya","to_ping":"","pinged":"","post_modified":"2022-07-28 17:48:14","post_modified_gmt":"2022-07-28 15:48:14","post_content_filtered":"","post_parent":0,"guid":"http:\/\/dev.claret.cat\/editorial\/facultat-teologia-de-catalunya\/","menu_order":0,"post_type":"editorial","post_mime_type":"","comment_count":"0","filter":"raw"}],"autores-libros":[{"ID":156255,"post_author":"3","post_date":"2022-10-14 15:19:21","post_date_gmt":"2022-10-14 13:19:21","post_content":"","post_title":"FRANCISCO IBA\u00d1EZ","post_excerpt":"","post_status":"publish","comment_status":"closed","ping_status":"closed","post_password":"","post_name":"francisco-ibanez","to_ping":"","pinged":"","post_modified":"2022-10-14 15:19:21","post_modified_gmt":"2022-10-14 13:19:21","post_content_filtered":"","post_parent":0,"guid":"http:\/\/dev.claret.cat\/autor\/francisco-ibanez\/","menu_order":0,"post_type":"autor","post_mime_type":"","comment_count":"0","filter":"raw"}]},"aioseo_notices":[],"_links":{"self":[{"href":"https:\/\/www.claret.cat\/es\/wp-json\/wp\/v2\/product\/447864","targetHints":{"allow":["GET"]}}],"collection":[{"href":"https:\/\/www.claret.cat\/es\/wp-json\/wp\/v2\/product"}],"about":[{"href":"https:\/\/www.claret.cat\/es\/wp-json\/wp\/v2\/types\/product"}],"wp:featuredmedia":[{"embeddable":true,"href":"https:\/\/www.claret.cat\/es\/wp-json\/wp\/v2\/media\/447865"}],"wp:attachment":[{"href":"https:\/\/www.claret.cat\/es\/wp-json\/wp\/v2\/media?parent=447864"}],"wp:term":[{"taxonomy":"product_brand","embeddable":true,"href":"https:\/\/www.claret.cat\/es\/wp-json\/wp\/v2\/product_brand?post=447864"},{"taxonomy":"product_cat","embeddable":true,"href":"https:\/\/www.claret.cat\/es\/wp-json\/wp\/v2\/product_cat?post=447864"},{"taxonomy":"product_tag","embeddable":true,"href":"https:\/\/www.claret.cat\/es\/wp-json\/wp\/v2\/product_tag?post=447864"}],"curies":[{"name":"wp","href":"https:\/\/api.w.org\/{rel}","templated":true}]}}