{"id":447888,"date":"2023-06-20T10:30:53","date_gmt":"2023-06-20T08:30:53","guid":{"rendered":"https:\/\/www.claret.cat\/llibre\/rogelio-el-tiranozaurio-9788466242387\/"},"modified":"2023-10-11T02:20:08","modified_gmt":"2023-10-11T00:20:08","slug":"rogelio-el-tiranozaurio-9788466242387","status":"publish","type":"product","link":"https:\/\/www.claret.cat\/es\/libro\/rogelio-el-tiranozaurio-9788466242387\/","title":{"rendered":"ROGELIO, EL TIRANOZAURIO"},"content":{"rendered":"<p>\u00bfPuede todo un tiranosaurio ser vegetariano, bueno y sensible? \u00a1Qu\u00e9 dir\u00edan en el Cret\u00e1cico si se enterasen! Bueno, nadie es perfecto, pero a Rogelio le importan mucho las apariencias, as\u00ed que lo disimula muy bien&#8230; \u00a1hasta que ocurre un imprevisto! Menos mal que siempre hay un grupito de insectos dispuestos a ayudar. Y, bueno, tampoco son perfectos, tan peque\u00f1os y ceceando&#8230; \u00a1hasta que dan con la soluci\u00f3n!<\/p>\n","protected":false},"excerpt":{"rendered":"<p>EQUIPO EDITORIAL<\/p>\n","protected":false},"featured_media":447889,"template":"","meta":{"_acf_changed":false,"om_disable_all_campaigns":false,"rs_blank_template":"","rs_page_bg_color":"","slide_template_v7":"","inline_featured_image":false,"_monsterinsights_skip_tracking":false,"_monsterinsights_sitenote_active":false,"_monsterinsights_sitenote_note":"","_monsterinsights_sitenote_category":0},"product_brand":[],"product_cat":[132,362],"product_tag":[],"class_list":{"0":"post-447888","1":"product","2":"type-product","3":"status-publish","4":"has-post-thumbnail","6":"product_cat-lectures-per-preadolescents-6-12-anys","7":"product_cat-libros-preadolescentes-6-12-anos","9":"first","10":"instock","11":"taxable","12":"shipping-taxable","13":"purchasable","14":"product-type-simple"},"acf":{"autor":"EQUIPO EDITORIAL","codart":"846624238","libros-coleccion":"FORA DE COL.LECCI\u00d3","ediciones":"1","encuadernacion":"Carton\u00e9","fecha_de_publicacion":"01\/10\/2022","novedad":"1","paginas":"39","subtitulo":"","orden":"0","portada":"0","idioma":"spa","editorial":[{"ID":148442,"post_author":"3","post_date":"2022-10-14 11:58:16","post_date_gmt":"2022-10-14 09:58:16","post_content":"","post_title":"Libsa","post_excerpt":"","post_status":"publish","comment_status":"closed","ping_status":"closed","post_password":"","post_name":"libsa","to_ping":"","pinged":"","post_modified":"2022-10-14 11:58:16","post_modified_gmt":"2022-10-14 09:58:16","post_content_filtered":"","post_parent":0,"guid":"http:\/\/dev.claret.cat\/editorial\/libsa\/","menu_order":0,"post_type":"editorial","post_mime_type":"","comment_count":"0","filter":"raw"}],"autores-libros":[{"ID":155225,"post_author":"3","post_date":"2022-10-14 15:11:09","post_date_gmt":"2022-10-14 13:11:09","post_content":"","post_title":"EQUIPO EDITORIAL","post_excerpt":"","post_status":"publish","comment_status":"closed","ping_status":"closed","post_password":"","post_name":"equipo-editorial","to_ping":"","pinged":"","post_modified":"2022-10-14 15:11:09","post_modified_gmt":"2022-10-14 13:11:09","post_content_filtered":"","post_parent":0,"guid":"http:\/\/dev.claret.cat\/autor\/equipo-editorial\/","menu_order":0,"post_type":"autor","post_mime_type":"","comment_count":"0","filter":"raw"}]},"aioseo_notices":[],"_links":{"self":[{"href":"https:\/\/www.claret.cat\/es\/wp-json\/wp\/v2\/product\/447888","targetHints":{"allow":["GET"]}}],"collection":[{"href":"https:\/\/www.claret.cat\/es\/wp-json\/wp\/v2\/product"}],"about":[{"href":"https:\/\/www.claret.cat\/es\/wp-json\/wp\/v2\/types\/product"}],"wp:featuredmedia":[{"embeddable":true,"href":"https:\/\/www.claret.cat\/es\/wp-json\/wp\/v2\/media\/447889"}],"wp:attachment":[{"href":"https:\/\/www.claret.cat\/es\/wp-json\/wp\/v2\/media?parent=447888"}],"wp:term":[{"taxonomy":"product_brand","embeddable":true,"href":"https:\/\/www.claret.cat\/es\/wp-json\/wp\/v2\/product_brand?post=447888"},{"taxonomy":"product_cat","embeddable":true,"href":"https:\/\/www.claret.cat\/es\/wp-json\/wp\/v2\/product_cat?post=447888"},{"taxonomy":"product_tag","embeddable":true,"href":"https:\/\/www.claret.cat\/es\/wp-json\/wp\/v2\/product_tag?post=447888"}],"curies":[{"name":"wp","href":"https:\/\/api.w.org\/{rel}","templated":true}]}}