{"id":448,"date":"2022-07-27T15:18:32","date_gmt":"2022-07-27T13:18:32","guid":{"rendered":"http:\/\/dev.claret.cat\/producto\/inmunizados-9788418688706\/"},"modified":"2023-10-06T08:49:25","modified_gmt":"2023-10-06T06:49:25","slug":"inmunizados-9788418688706","status":"publish","type":"product","link":"https:\/\/www.claret.cat\/es\/libro\/inmunizados-9788418688706\/","title":{"rendered":"INMUNIZADOS"},"content":{"rendered":"<p>La nutricionista Blanca Garc\u00eda-Orea Haro, autora de Dime qu\u00e9 comes y te dir\u00e9 qu\u00e9 bacterias tienes y de  Sanotes, sanitos, vuelve con un nuevo cuento infantil para trabajar los h\u00e1bitos saludables con los m\u00e1s peque\u00f1os. \u00bfC\u00f3mo nos ponemos malos? \u00a1Un cuento para entender qu\u00e9 debemos hacer para mantenernos sanos y felices!  Desde que conoci\u00f3 a los bichitos que habitan en su intestino, Valentina  ya sabe c\u00f3mo funciona la digesti\u00f3n y lo importante que es comer m\u00e1s  sano, tener buenos h\u00e1bitos de higiene y re\u00edrse muy a menudo para que su  microbiota la ayude a no ponerse enferma. \u00a1Y lo est\u00e1 haciendo genial!  Por eso, cuando se despierta con fiebre, tos, dolor de barriga y ganas  de vomitar#, \u00a1protesta y se enfada! A trav\u00e9s de un nuevo viaje,  Valentina aprender\u00e1 c\u00f3mo funcionan las enfermedades y de qu\u00e9 manera  podemos ayudar nosotros a nuestro sistema inmune a trav\u00e9s de la alimentaci\u00f3n.  A los ni\u00f1os y ni\u00f1as les encantar\u00e1 este libro porque: &#8211; Se divertir\u00e1n junto a Valentina descubriendo curiosidades sobre el cuerpo humano. &#8211; Entender\u00e1n c\u00f3mo tienen que alimentarse para que su sistema inmune se mantenga saludable y fuerte. &#8211; \u00a1Aprender\u00e1n de forma divertida los beneficios de una buena alimentaci\u00f3n! A las mam\u00e1s y pap\u00e1s les ser\u00e1 de gran utilidad para: &#8211; Entender c\u00f3mo funciona el sistema inmunitario. &#8211; Descubrir una forma revolucionaria de alcanzar el bienestar emocional y f\u00edsico. &#8211; Trabajar h\u00e1bitos alimentarios saludables con sus hijos.<\/p>\n","protected":false},"excerpt":{"rendered":"<p>GARC\u00cdA-OREA HARO (@BLANCANUTRI), BLANCA<\/p>\n","protected":false},"featured_media":53809,"template":"","meta":{"_acf_changed":false,"om_disable_all_campaigns":false,"rs_blank_template":"","rs_page_bg_color":"","slide_template_v7":"","inline_featured_image":false,"_monsterinsights_skip_tracking":false,"_monsterinsights_sitenote_active":false,"_monsterinsights_sitenote_note":"","_monsterinsights_sitenote_category":0},"product_brand":[],"product_cat":[361,362],"product_tag":[],"class_list":{"0":"post-448","1":"product","2":"type-product","3":"status-publish","4":"has-post-thumbnail","6":"product_cat-cuentos-para-ninos-0-6-anos","7":"product_cat-libros-preadolescentes-6-12-anos","9":"first","10":"instock","11":"taxable","12":"shipping-taxable","13":"purchasable","14":"product-type-simple"},"acf":{"autor":"GARC\u00cdA-OREA HARO (@BLANCANUTRI), BLANCA","codart":"841868870","ediciones":"1","encuadernacion":"Carton\u00e9","fecha_de_publicacion":"01\/06\/2022","novedad":"1","paginas":"64","subtitulo":"UN CUENTO PARA ENTENDER POR QU\u00c9 NOS PONEMOS MALOS Y C\u00d3MO MANTENERNOS SANOS Y FEL","orden":"0","portada":"0","idioma":"spa","libros-coleccion":"CONECTAD S","autores-libros":[{"ID":5302,"post_author":"3","post_date":"2022-07-28 17:21:06","post_date_gmt":"2022-07-28 15:21:06","post_content":"","post_title":"BLANCA GARC\u00cdA-OREA HARO (@BLANCANUTRI)","post_excerpt":"","post_status":"publish","comment_status":"closed","ping_status":"closed","post_password":"","post_name":"blanca-garcia-orea-haro-blancanutri","to_ping":"","pinged":"","post_modified":"2022-07-28 17:21:06","post_modified_gmt":"2022-07-28 15:21:06","post_content_filtered":"","post_parent":0,"guid":"http:\/\/dev.claret.cat\/autor\/blanca-garcia-orea-haro-blancanutri\/","menu_order":0,"post_type":"autor","post_mime_type":"","comment_count":"0","filter":"raw"}],"editorial":[{"ID":6136,"post_author":"3","post_date":"2022-07-28 17:45:39","post_date_gmt":"2022-07-28 15:45:39","post_content":"","post_title":"B de Blok (Ediciones B)","post_excerpt":"","post_status":"publish","comment_status":"closed","ping_status":"closed","post_password":"","post_name":"b-de-blok-ediciones-b","to_ping":"","pinged":"","post_modified":"2022-07-28 17:45:39","post_modified_gmt":"2022-07-28 15:45:39","post_content_filtered":"","post_parent":0,"guid":"http:\/\/dev.claret.cat\/editorial\/b-de-blok-ediciones-b\/","menu_order":0,"post_type":"editorial","post_mime_type":"","comment_count":"0","filter":"raw"}]},"aioseo_notices":[],"_links":{"self":[{"href":"https:\/\/www.claret.cat\/es\/wp-json\/wp\/v2\/product\/448","targetHints":{"allow":["GET"]}}],"collection":[{"href":"https:\/\/www.claret.cat\/es\/wp-json\/wp\/v2\/product"}],"about":[{"href":"https:\/\/www.claret.cat\/es\/wp-json\/wp\/v2\/types\/product"}],"wp:featuredmedia":[{"embeddable":true,"href":"https:\/\/www.claret.cat\/es\/wp-json\/wp\/v2\/media\/53809"}],"wp:attachment":[{"href":"https:\/\/www.claret.cat\/es\/wp-json\/wp\/v2\/media?parent=448"}],"wp:term":[{"taxonomy":"product_brand","embeddable":true,"href":"https:\/\/www.claret.cat\/es\/wp-json\/wp\/v2\/product_brand?post=448"},{"taxonomy":"product_cat","embeddable":true,"href":"https:\/\/www.claret.cat\/es\/wp-json\/wp\/v2\/product_cat?post=448"},{"taxonomy":"product_tag","embeddable":true,"href":"https:\/\/www.claret.cat\/es\/wp-json\/wp\/v2\/product_tag?post=448"}],"curies":[{"name":"wp","href":"https:\/\/api.w.org\/{rel}","templated":true}]}}