{"id":448002,"date":"2023-06-20T12:45:28","date_gmt":"2023-06-20T10:45:28","guid":{"rendered":"https:\/\/www.claret.cat\/llibre\/guia-del-camino-de-santiago-camino-norte-9788491583707\/"},"modified":"2026-03-05T16:30:58","modified_gmt":"2026-03-05T15:30:58","slug":"guia-del-camino-de-santiago-camino-norte-9788491583707","status":"publish","type":"product","link":"https:\/\/www.claret.cat\/es\/libro\/guia-del-camino-de-santiago-camino-norte-9788491583707\/","title":{"rendered":"GU\u00cdA DEL CAMINO DE SANTIAGO. CAMINO NORTE"},"content":{"rendered":"<p>El Camino Norte de Santiago para peregrinos propone un recorrido en 54 etapas, paso a paso, incluidos los caminos del sur de Francia hasta Oviedo, desde Oviedo hasta Santiago (Camino Primitivo), desde Villaviciosa a Santiago (Camino de la Costa) y su prolongaci\u00f3n desde Santiago hasta Fisterra. Cada etapa est\u00e1 estructurada en tres secciones: una peque\u00f1a introducci\u00f3n, El Camino (con informaci\u00f3n sobre la ruta) y La Visita (con informaci\u00f3n tur\u00edstica sobre las localidades). Toda la informaci\u00f3n de inter\u00e9s para el peregrino est\u00e1 organizada en torno a mapas del m\u00e1ximo detalle: la calidad del suelo en cada tramo, el gradiente de las cuestas, los perfiles altim\u00e9tricos, las zonas en sombra, fuentes y albergues. Ciudades, pueblos y aldeas: su atm\u00f3sfera jacobea, los vestigios hist\u00f3ricos y art\u00edsticos de la peregrinaci\u00f3n. Albergues, hostales, restaurantes y todos los servicios para el peregrino disponibles en cada punto de las etapas. Incluye carpeta con los planos del camino.<\/p>\n","protected":false},"excerpt":{"rendered":"<p>POMBO RODR\u00cdGUEZ, ANT\u00d3N<\/p>\n","protected":false},"featured_media":448003,"template":"","meta":{"_acf_changed":false,"om_disable_all_campaigns":false,"rs_blank_template":"","rs_page_bg_color":"","slide_template_v7":"","inline_featured_image":false,"_monsterinsights_skip_tracking":false,"_monsterinsights_sitenote_active":false,"_monsterinsights_sitenote_note":"","_monsterinsights_sitenote_category":0},"product_brand":[],"product_cat":[557,107],"product_tag":[],"class_list":{"0":"post-448002","1":"product","2":"type-product","3":"status-publish","4":"has-post-thumbnail","6":"product_cat-guias-de-viaje","7":"product_cat-guies-de-viatge","9":"first","10":"instock","11":"taxable","12":"shipping-taxable","13":"purchasable","14":"product-type-simple"},"acf":{"autor":"POMBO RODR\u00cdGUEZ, ANT\u00d3N","codart":"849158370","libros-coleccion":"Camino De Santiago","ediciones":"1","encuadernacion":"R\u00fastica","fecha_de_publicacion":"01\/03\/2021","novedad":"1","paginas":"416","subtitulo":"","orden":"0","portada":"0","idioma":"spa","editorial":[{"ID":147435,"post_author":"3","post_date":"2022-10-14 11:50:33","post_date_gmt":"2022-10-14 09:50:33","post_content":"","post_title":"Anaya Touring","post_excerpt":"","post_status":"publish","comment_status":"closed","ping_status":"closed","post_password":"","post_name":"anaya-touring","to_ping":"","pinged":"","post_modified":"2022-10-14 11:50:33","post_modified_gmt":"2022-10-14 09:50:33","post_content_filtered":"","post_parent":0,"guid":"http:\/\/dev.claret.cat\/editorial\/anaya-touring\/","menu_order":0,"post_type":"editorial","post_mime_type":"","comment_count":"0","filter":"raw"}],"autores-libros":[{"ID":150794,"post_author":"3","post_date":"2022-10-14 14:35:48","post_date_gmt":"2022-10-14 12:35:48","post_content":"","post_title":"ANT\u00d3N POMBO RODR\u00cdGUEZ","post_excerpt":"","post_status":"publish","comment_status":"closed","ping_status":"closed","post_password":"","post_name":"anton-pombo-rodriguez","to_ping":"","pinged":"","post_modified":"2022-10-14 14:35:48","post_modified_gmt":"2022-10-14 12:35:48","post_content_filtered":"","post_parent":0,"guid":"http:\/\/dev.claret.cat\/autor\/anton-pombo-rodriguez\/","menu_order":0,"post_type":"autor","post_mime_type":"","comment_count":"0","filter":"raw"}],"booktrailer":"","resenas":""},"aioseo_notices":[],"_links":{"self":[{"href":"https:\/\/www.claret.cat\/es\/wp-json\/wp\/v2\/product\/448002","targetHints":{"allow":["GET"]}}],"collection":[{"href":"https:\/\/www.claret.cat\/es\/wp-json\/wp\/v2\/product"}],"about":[{"href":"https:\/\/www.claret.cat\/es\/wp-json\/wp\/v2\/types\/product"}],"wp:featuredmedia":[{"embeddable":true,"href":"https:\/\/www.claret.cat\/es\/wp-json\/wp\/v2\/media\/448003"}],"wp:attachment":[{"href":"https:\/\/www.claret.cat\/es\/wp-json\/wp\/v2\/media?parent=448002"}],"wp:term":[{"taxonomy":"product_brand","embeddable":true,"href":"https:\/\/www.claret.cat\/es\/wp-json\/wp\/v2\/product_brand?post=448002"},{"taxonomy":"product_cat","embeddable":true,"href":"https:\/\/www.claret.cat\/es\/wp-json\/wp\/v2\/product_cat?post=448002"},{"taxonomy":"product_tag","embeddable":true,"href":"https:\/\/www.claret.cat\/es\/wp-json\/wp\/v2\/product_tag?post=448002"}],"curies":[{"name":"wp","href":"https:\/\/api.w.org\/{rel}","templated":true}]}}