{"id":448027,"date":"2023-06-20T12:56:01","date_gmt":"2023-06-20T10:56:01","guid":{"rendered":"https:\/\/www.claret.cat\/llibre\/el-camino-de-santiago-camino-frances-2-volumenes-9788491585237\/"},"modified":"2025-04-07T13:21:05","modified_gmt":"2025-04-07T11:21:05","slug":"el-camino-de-santiago-camino-frances-2-volumenes-9788491585237","status":"publish","type":"product","link":"https:\/\/www.claret.cat\/es\/libro\/el-camino-de-santiago-camino-frances-2-volumenes-9788491585237\/","title":{"rendered":"EL CAMINO DE SANTIAGO. CAMINO FRANC\u00c9S (2 VOL\u00daMENES)"},"content":{"rendered":"<p>EL CAMINO DE SANTIAGO. CAMINO FRANC\u00c9S (2 vol\u00famenes)<\/p>\n<p> Nueva edici\u00f3n del Camino de Santiago Franc\u00e9s en dos vol\u00famenes m\u00e1s manejables: el primero, hasta Le\u00f3n (incluye el Camino Aragon\u00e9s y el Camino Navarro), y, el segundo, desde Le\u00f3n hasta Santiago (con la prolongaci\u00f3n a Fisterra y Mux\u00eda). En total, 48 etapas, paso a paso, metro a metro. Todos los datos de inter\u00e9s para el peregrino est\u00e1n organizados en torno a mapas del m\u00e1ximo detalle: calidad del suelo en cada tramo, gradiente de cuestas, perfiles altim\u00e9tricos, zonas en sombra, fuentes o albergues. Y ofrece la informaci\u00f3n m\u00e1s completa de las ciudades, pueblos y aldeas: albergues, hostales, restaurantes, vestigios hist\u00f3ricos y art\u00edsticos, ideas para pasar la tarde al acabar cada etapa e interesantes consejos para los peregrinos que realizan el Camino en bici. En colaboraci\u00f3n con Gronze.com, se incluyen pr\u00e1cticos c\u00f3digos QR para seguir cada etapa desde un dispositivo m\u00f3vil.Ant\u00f3n Pombo (periodista e historiador), Premio Internacional Aymeric Picaud por su trabajo de investigaci\u00f3n y difusi\u00f3n de los valores jacobeos y protagonista del renacer de la peregrinaci\u00f3n desde los a\u00f1os ochenta del pasado siglo a trav\u00e9s del asociacionismo jacobeo. Ha recorrido en numerosas ocasiones, y sigue recorri\u00e9ndolos cada a\u00f1o sin tregua, los Caminos de Santiago en Espa\u00f1a, Francia, Italia y Portugal, de modo que puede decirse que es la m\u00e1xima autoridad en nuestro pa\u00eds al respecto.<\/p>\n","protected":false},"excerpt":{"rendered":"<p>POMBO RODR\u00cdGUEZ, ANT\u00d3N<\/p>\n","protected":false},"featured_media":448028,"template":"","meta":{"_acf_changed":false,"om_disable_all_campaigns":false,"rs_blank_template":"","rs_page_bg_color":"","slide_template_v7":"","inline_featured_image":false,"_monsterinsights_skip_tracking":false,"_monsterinsights_sitenote_active":false,"_monsterinsights_sitenote_note":"","_monsterinsights_sitenote_category":0},"product_brand":[],"product_cat":[557,107],"product_tag":[],"class_list":{"0":"post-448027","1":"product","2":"type-product","3":"status-publish","4":"has-post-thumbnail","6":"product_cat-guias-de-viaje","7":"product_cat-guies-de-viatge","9":"first","10":"instock","11":"taxable","12":"shipping-taxable","13":"purchasable","14":"product-type-simple"},"acf":{"autor":"POMBO RODR\u00cdGUEZ, ANT\u00d3N","codart":"849158523","libros-coleccion":"Camino De Santiago","ediciones":"1","encuadernacion":"R\u00fastica","fecha_de_publicacion":"01\/06\/2022","novedad":"1","paginas":"600","subtitulo":"","orden":"0","portada":"0","idioma":"spa","editorial":[{"ID":147435,"post_author":"3","post_date":"2022-10-14 11:50:33","post_date_gmt":"2022-10-14 09:50:33","post_content":"","post_title":"Anaya Touring","post_excerpt":"","post_status":"publish","comment_status":"closed","ping_status":"closed","post_password":"","post_name":"anaya-touring","to_ping":"","pinged":"","post_modified":"2022-10-14 11:50:33","post_modified_gmt":"2022-10-14 09:50:33","post_content_filtered":"","post_parent":0,"guid":"http:\/\/dev.claret.cat\/editorial\/anaya-touring\/","menu_order":0,"post_type":"editorial","post_mime_type":"","comment_count":"0","filter":"raw"}],"autores-libros":[{"ID":150794,"post_author":"3","post_date":"2022-10-14 14:35:48","post_date_gmt":"2022-10-14 12:35:48","post_content":"","post_title":"ANT\u00d3N POMBO RODR\u00cdGUEZ","post_excerpt":"","post_status":"publish","comment_status":"closed","ping_status":"closed","post_password":"","post_name":"anton-pombo-rodriguez","to_ping":"","pinged":"","post_modified":"2022-10-14 14:35:48","post_modified_gmt":"2022-10-14 12:35:48","post_content_filtered":"","post_parent":0,"guid":"http:\/\/dev.claret.cat\/autor\/anton-pombo-rodriguez\/","menu_order":0,"post_type":"autor","post_mime_type":"","comment_count":"0","filter":"raw"}]},"aioseo_notices":[],"_links":{"self":[{"href":"https:\/\/www.claret.cat\/es\/wp-json\/wp\/v2\/product\/448027","targetHints":{"allow":["GET"]}}],"collection":[{"href":"https:\/\/www.claret.cat\/es\/wp-json\/wp\/v2\/product"}],"about":[{"href":"https:\/\/www.claret.cat\/es\/wp-json\/wp\/v2\/types\/product"}],"wp:featuredmedia":[{"embeddable":true,"href":"https:\/\/www.claret.cat\/es\/wp-json\/wp\/v2\/media\/448028"}],"wp:attachment":[{"href":"https:\/\/www.claret.cat\/es\/wp-json\/wp\/v2\/media?parent=448027"}],"wp:term":[{"taxonomy":"product_brand","embeddable":true,"href":"https:\/\/www.claret.cat\/es\/wp-json\/wp\/v2\/product_brand?post=448027"},{"taxonomy":"product_cat","embeddable":true,"href":"https:\/\/www.claret.cat\/es\/wp-json\/wp\/v2\/product_cat?post=448027"},{"taxonomy":"product_tag","embeddable":true,"href":"https:\/\/www.claret.cat\/es\/wp-json\/wp\/v2\/product_tag?post=448027"}],"curies":[{"name":"wp","href":"https:\/\/api.w.org\/{rel}","templated":true}]}}