{"id":448039,"date":"2023-06-20T13:07:03","date_gmt":"2023-06-20T11:07:03","guid":{"rendered":"https:\/\/www.claret.cat\/llibre\/peru-9788491583318\/"},"modified":"2025-04-07T16:16:05","modified_gmt":"2025-04-07T14:16:05","slug":"peru-9788491583318","status":"publish","type":"product","link":"https:\/\/www.claret.cat\/es\/libro\/peru-9788491583318\/","title":{"rendered":"PER\u00da"},"content":{"rendered":"<p>Una exhaustiva descripci\u00f3n de los mayores atractivos de este pa\u00eds, dividida en secciones.<br \/> La primera consiste en una serie de Itinerarios que constituyen otras tantas propuestas de viaje y que posibilitan la visita a las ciudades y lugares de mayor inter\u00e9s a trav\u00e9s de las v\u00edas de comunicaci\u00f3n por carretera que re\u00fanen mayor n\u00famero de atractivos.<br \/> La segunda de las secciones proporciona informaci\u00f3n acerca de Lima y las localidades m\u00e1s importantes de Per\u00fa, presentadas en orden alfab\u00e9tico y describiendo sus monumentos y otros atractivos de diverso orden y otras localidades de menor inter\u00e9s que se encuentran en los alrededores de las primeras.<br \/> En la tercera, denominada A vista de p\u00e1jaro, se ofrece un recorrido panor\u00e1mico a lo largo de la geograf\u00eda, la historia, la econom\u00eda, la organizaci\u00f3n pol\u00edtica y el arte del pa\u00eds.<br \/> A todo ello se a\u00f1aden, al final, las secciones dedicadas a Informaciones pr\u00e1cticas y el directorio de Gu\u00eda de servicios con los hoteles y restaurantes recomendados.<br \/> El car\u00e1cter pr\u00e1ctico de esta gu\u00eda se ve reforzado por la abundante informaci\u00f3n cartogr\u00e1fica en ella contenida: 10 mapas de itinerarios y 6 planos de las principales ciudades de Per\u00fa.<\/p>\n","protected":false},"excerpt":{"rendered":"<p>CALVO L\u00d3PEZ-GUERRERO, GABRIEL \/ TZSCHASCHEL, SABINE<\/p>\n","protected":false},"featured_media":1017150,"template":"","meta":{"_acf_changed":false,"om_disable_all_campaigns":false,"rs_blank_template":"","rs_page_bg_color":"","slide_template_v7":"","inline_featured_image":false,"_monsterinsights_skip_tracking":false,"_monsterinsights_sitenote_active":false,"_monsterinsights_sitenote_note":"","_monsterinsights_sitenote_category":0},"product_brand":[],"product_cat":[557,107],"product_tag":[],"class_list":{"0":"post-448039","1":"product","2":"type-product","3":"status-publish","4":"has-post-thumbnail","6":"product_cat-guias-de-viaje","7":"product_cat-guies-de-viatge","9":"first","10":"instock","11":"taxable","12":"shipping-taxable","13":"purchasable","14":"product-type-simple"},"acf":{"autor":"CALVO L\u00d3PEZ-GUERRERO, GABRIEL \/ TZSCHASCHEL, SABINE","codart":"849158331","libros-coleccion":"Gu\u00eda Total - Internacional","ediciones":"1","encuadernacion":"R\u00fastica","fecha_de_publicacion":"01\/02\/2023","novedad":"1","paginas":"312","subtitulo":"","orden":"0","portada":"0","idioma":"spa","editorial":[{"ID":147435,"post_author":"3","post_date":"2022-10-14 11:50:33","post_date_gmt":"2022-10-14 09:50:33","post_content":"","post_title":"Anaya Touring","post_excerpt":"","post_status":"publish","comment_status":"closed","ping_status":"closed","post_password":"","post_name":"anaya-touring","to_ping":"","pinged":"","post_modified":"2022-10-14 11:50:33","post_modified_gmt":"2022-10-14 09:50:33","post_content_filtered":"","post_parent":0,"guid":"http:\/\/dev.claret.cat\/editorial\/anaya-touring\/","menu_order":0,"post_type":"editorial","post_mime_type":"","comment_count":"0","filter":"raw"}],"autores-libros":[{"ID":168771,"post_author":"3","post_date":"2022-10-14 22:21:49","post_date_gmt":"2022-10-14 20:21:49","post_content":"","post_title":"SABINE TZSCHASCHEL","post_excerpt":"","post_status":"publish","comment_status":"closed","ping_status":"closed","post_password":"","post_name":"sabine-tzschaschel","to_ping":"","pinged":"","post_modified":"2022-10-14 22:21:49","post_modified_gmt":"2022-10-14 20:21:49","post_content_filtered":"","post_parent":0,"guid":"http:\/\/dev.claret.cat\/autor\/sabine-tzschaschel\/","menu_order":0,"post_type":"autor","post_mime_type":"","comment_count":"0","filter":"raw"},{"ID":156510,"post_author":"3","post_date":"2022-10-14 15:21:23","post_date_gmt":"2022-10-14 13:21:23","post_content":"","post_title":"GABRIEL CALVO L\u00d3PEZ-GUERRERO","post_excerpt":"","post_status":"publish","comment_status":"closed","ping_status":"closed","post_password":"","post_name":"gabriel-calvo-lopez-guerrero","to_ping":"","pinged":"","post_modified":"2022-10-14 15:21:23","post_modified_gmt":"2022-10-14 13:21:23","post_content_filtered":"","post_parent":0,"guid":"http:\/\/dev.claret.cat\/autor\/gabriel-calvo-lopez-guerrero\/","menu_order":0,"post_type":"autor","post_mime_type":"","comment_count":"0","filter":"raw"}]},"aioseo_notices":[],"_links":{"self":[{"href":"https:\/\/www.claret.cat\/es\/wp-json\/wp\/v2\/product\/448039","targetHints":{"allow":["GET"]}}],"collection":[{"href":"https:\/\/www.claret.cat\/es\/wp-json\/wp\/v2\/product"}],"about":[{"href":"https:\/\/www.claret.cat\/es\/wp-json\/wp\/v2\/types\/product"}],"wp:featuredmedia":[{"embeddable":true,"href":"https:\/\/www.claret.cat\/es\/wp-json\/wp\/v2\/media\/1017150"}],"wp:attachment":[{"href":"https:\/\/www.claret.cat\/es\/wp-json\/wp\/v2\/media?parent=448039"}],"wp:term":[{"taxonomy":"product_brand","embeddable":true,"href":"https:\/\/www.claret.cat\/es\/wp-json\/wp\/v2\/product_brand?post=448039"},{"taxonomy":"product_cat","embeddable":true,"href":"https:\/\/www.claret.cat\/es\/wp-json\/wp\/v2\/product_cat?post=448039"},{"taxonomy":"product_tag","embeddable":true,"href":"https:\/\/www.claret.cat\/es\/wp-json\/wp\/v2\/product_tag?post=448039"}],"curies":[{"name":"wp","href":"https:\/\/api.w.org\/{rel}","templated":true}]}}